{"id":1313,"date":"2023-12-29T03:02:47","date_gmt":"2023-12-29T03:02:47","guid":{"rendered":"https:\/\/www.hiddenknifebelt.com\/es\/?page_id=1313"},"modified":"2023-12-29T03:02:49","modified_gmt":"2023-12-29T03:02:49","slug":"faq","status":"publish","type":"page","link":"https:\/\/www.hiddenknifebelt.com\/es\/faq\/","title":{"rendered":"FAQ"},"content":{"rendered":"\n<p>Q: Cintur\u00f3n de cuchillo Detalles: A: &#8211; Hebilla de cintur\u00f3n de acero inoxidable de 3&#8243; con cuchillo oculto.<\/p>\n\n\n\n<ul>\n<li>Esta hebilla de cintur\u00f3n tiene 3&#8243; de ancho y est\u00e1 hecha de acero inoxidable.<\/li>\n\n\n\n<li>En la parte trasera de las hebillas de cintur\u00f3n hay un pasador y un bucle de metal para el cintur\u00f3n.<\/li>\n\n\n\n<li>El centro de la hebilla de cintur\u00f3n se desliza f\u00e1cilmente con un toque del dedo para revelar un cuchillo plegable cerrado.<\/li>\n\n\n\n<li>El cuchillo tiene 5&#8243; en total con una hoja de 2&#8243;.<\/li>\n\n\n\n<li>La hoja es de un solo filo y est\u00e1 hecha de acero inoxidable. Excelente calidad. Art\u00edculo muy \u00fanico.<\/li>\n<\/ul>\n\n\n\n<p>Q: \u00bfEstos cuchillos son reales?<\/p>\n\n\n\n<p>A: S\u00ed, todos los cuchillos que llevamos est\u00e1n hechos de acero inoxidable a menos que se indique lo contrario en la descripci\u00f3n de los productos. Todos los cuchillos que hacemos son perfectos para el uso diario, la caza, el camping, la colecci\u00f3n, o incluso para exhibir. Todo depende de ti.<\/p>\n\n\n\n<p>Q: \u00bfLos cuchillos vienen afilados o desafilados?<\/p>\n\n\n\n<p>A: Todos los cuchillos que tenemos en nuestro sitio son afilados, la mayor\u00eda se pueden afilar m\u00e1s a su gusto si lo prefiere. Tambi\u00e9n hay algunos cuchillos desafilados y romos que se indicar\u00e1n en la descripci\u00f3n de los productos.<\/p>\n\n\n\n<p>Q: \u00bfCu\u00e1nto tiempo tarda en recibir un pedido?<\/p>\n\n\n\n<p>A: Normalmente, enviamos dentro de 2-5 d\u00edas h\u00e1biles (Lun-Vie). Todos los pedidos deben ser entregados dentro de 10-15 d\u00edas h\u00e1biles, dependiendo de la ubicaci\u00f3n. Para algunos productos con proceso de producci\u00f3n complejo, tendremos que retrasar la entrega por un per\u00edodo de tiempo (como aumento de pedidos u otros per\u00edodos). Si desea saber el tiempo de entrega espec\u00edfico, por favor cont\u00e1ctenos antes de comprar, nuestro correo electr\u00f3nico: hiddenknifebelt@yeah.net.<\/p>\n\n\n\n<p>Q: \u00bfPuedo cambiar mi pedido una vez que lo he hecho?<\/p>\n\n\n\n<p>Aunque, nos gustar\u00eda poder acomodar todos los cambios\u2026cumplimos los pedidos muy r\u00e1pido! Una vez que su pedido ha sido confirmado, no es posible para usted, o para nosotros, cambiarlo antes del env\u00edo. Por favor, aseg\u00farese de que toda su informaci\u00f3n es correcta antes de enviar su pedido. Sin embargo, si su pedido a\u00fan no ha sido enviado, no dude en contactarnos y estaremos encantados de cancelar su pedido anterior, para que pueda volver a pedir el art\u00edculo correcto. Por favor, tenga en cuenta que, dada la velocidad con la que se agotan algunos art\u00edculos, no podemos garantizar que su(s) art\u00edculo(s) estar\u00e1(n) disponible(s) si se cancela su pedido.<\/p>\n\n\n\n<p>Q: \u00bfEnv\u00edan internacionalmente?<\/p>\n\n\n\n<p>A: S\u00ed, enviamos a la mayor\u00eda de los pa\u00edses del mundo.<\/p>\n\n\n\n<p>Q: \u00bfMi pedido ser\u00e1 retenido en la aduana?<\/p>\n\n\n\n<p>A: Le sugerimos encarecidamente que entienda las leyes de su pa\u00eds antes de ordenar en nuestro sitio. Muchos pa\u00edses no permiten que los cuchillos o \u201carmas\u201d crucen sus fronteras y pueden llevar a paquetes confiscados. No proporcionaremos reembolsos por paquetes confiscados por la aduana. Cualquier arancel aduanero o de importaci\u00f3n se cobra cuando el paquete llega a su pa\u00eds de destino. Estos cargos deben ser pagados por el destinatario del paquete.<\/p>\n\n\n\n<p>Desafortunadamente, no tenemos control sobre estos cargos, y no podemos decirle cu\u00e1l ser\u00eda el costo, ya que las pol\u00edticas aduaneras y los derechos de importaci\u00f3n var\u00edan ampliamente de pa\u00eds a pa\u00eds. Para garantizar que no hay cargos sorpresa al llegar a su pa\u00eds, puede contactar con su oficina de aduanas local para obtener los cargos actuales antes de hacer el pedido.<\/p>\n\n\n\n<p>Compre bajo su propio riesgo.<\/p>\n\n\n\n<p>Procesamiento de pedidos<\/p>\n\n\n\n<p>Q: \u00bfQu\u00e9 m\u00e9todos de pago se aceptan?<\/p>\n\n\n\n<p>A: Actualmente, s\u00f3lo podemos aceptar pagos con tarjeta de cr\u00e9dito.<\/p>\n\n\n\n<p>Q: \u00bfEst\u00e1 segura mi informaci\u00f3n personal?<\/p>\n\n\n\n<p>A: No compartimos la informaci\u00f3n del cliente con ning\u00fan tercero. La \u00fanica informaci\u00f3n que usamos es su direcci\u00f3n de correo electr\u00f3nico y direcci\u00f3n de env\u00edo para enviar su pedido y contactarlo si es necesario. La informaci\u00f3n de pago nunca se almacena en nuestro sitio web.<\/p>\n\n\n\n<p>Q: \u00bfCu\u00e1l es su pol\u00edtica de devoluci\u00f3n?<\/p>\n\n\n\n<p>A: Nuestra pol\u00edtica dura 15 d\u00edas desde la fecha de entrega. Si han pasado 15 d\u00edas desde la entrega de su compra, desafortunadamente no podemos ofrecerle un reembolso o cambio. Para m\u00e1s informaci\u00f3n, consulte nuestra pol\u00edtica de devoluci\u00f3n.<\/p>\n","protected":false},"excerpt":{"rendered":"<p>Q: Cintur\u00f3n de cuchillo Detalles: A: &#8211; Hebilla de cintur\u00f3n de acero inoxidable de 3&#8243; con cuchillo oculto. Q: \u00bfEstos cuchillos son reales? A: S\u00ed, todos los cuchillos que llevamos est\u00e1n hechos de acero inoxidable a menos que se indique lo contrario en la descripci\u00f3n de los productos. Todos los cuchillos que hacemos son perfectos &hellip;<\/p>\n<p class=\"read-more\"> <a class=\"\" href=\"https:\/\/www.hiddenknifebelt.com\/es\/faq\/\"> <span class=\"screen-reader-text\">FAQ<\/span> Read More &raquo;<\/a><\/p>\n","protected":false},"author":1,"featured_media":0,"parent":0,"menu_order":0,"comment_status":"closed","ping_status":"closed","template":"","meta":{"site-sidebar-layout":"default","site-content-layout":"","ast-site-content-layout":"default","site-content-style":"default","site-sidebar-style":"default","ast-global-header-display":"","ast-banner-title-visibility":"","ast-main-header-display":"","ast-hfb-above-header-display":"","ast-hfb-below-header-display":"","ast-hfb-mobile-header-display":"","site-post-title":"","ast-breadcrumbs-content":"","ast-featured-img":"","footer-sml-layout":"","theme-transparent-header-meta":"","adv-header-id-meta":"","stick-header-meta":"","header-above-stick-meta":"","header-main-stick-meta":"","header-below-stick-meta":"","astra-migrate-meta-layouts":"set","ast-page-background-enabled":"default","ast-page-background-meta":{"desktop":{"background-color":"var(--ast-global-color-4)","background-image":"","background-repeat":"repeat","background-position":"center center","background-size":"auto","background-attachment":"scroll","background-type":"","background-media":"","overlay-type":"","overlay-color":"","overlay-gradient":""},"tablet":{"background-color":"","background-image":"","background-repeat":"repeat","background-position":"center center","background-size":"auto","background-attachment":"scroll","background-type":"","background-media":"","overlay-type":"","overlay-color":"","overlay-gradient":""},"mobile":{"background-color":"","background-image":"","background-repeat":"repeat","background-position":"center center","background-size":"auto","background-attachment":"scroll","background-type":"","background-media":"","overlay-type":"","overlay-color":"","overlay-gradient":""}},"ast-content-background-meta":{"desktop":{"background-color":"var(--ast-global-color-5)","background-image":"","background-repeat":"repeat","background-position":"center center","background-size":"auto","background-attachment":"scroll","background-type":"","background-media":"","overlay-type":"","overlay-color":"","overlay-gradient":""},"tablet":{"background-color":"var(--ast-global-color-5)","background-image":"","background-repeat":"repeat","background-position":"center center","background-size":"auto","background-attachment":"scroll","background-type":"","background-media":"","overlay-type":"","overlay-color":"","overlay-gradient":""},"mobile":{"background-color":"var(--ast-global-color-5)","background-image":"","background-repeat":"repeat","background-position":"center center","background-size":"auto","background-attachment":"scroll","background-type":"","background-media":"","overlay-type":"","overlay-color":"","overlay-gradient":""}},"footnotes":""},"_links":{"self":[{"href":"https:\/\/www.hiddenknifebelt.com\/es\/wp-json\/wp\/v2\/pages\/1313"}],"collection":[{"href":"https:\/\/www.hiddenknifebelt.com\/es\/wp-json\/wp\/v2\/pages"}],"about":[{"href":"https:\/\/www.hiddenknifebelt.com\/es\/wp-json\/wp\/v2\/types\/page"}],"author":[{"embeddable":true,"href":"https:\/\/www.hiddenknifebelt.com\/es\/wp-json\/wp\/v2\/users\/1"}],"replies":[{"embeddable":true,"href":"https:\/\/www.hiddenknifebelt.com\/es\/wp-json\/wp\/v2\/comments?post=1313"}],"version-history":[{"count":1,"href":"https:\/\/www.hiddenknifebelt.com\/es\/wp-json\/wp\/v2\/pages\/1313\/revisions"}],"predecessor-version":[{"id":1314,"href":"https:\/\/www.hiddenknifebelt.com\/es\/wp-json\/wp\/v2\/pages\/1313\/revisions\/1314"}],"wp:attachment":[{"href":"https:\/\/www.hiddenknifebelt.com\/es\/wp-json\/wp\/v2\/media?parent=1313"}],"curies":[{"name":"wp","href":"https:\/\/api.w.org\/{rel}","templated":true}]}}