{"id":1315,"date":"2023-12-29T03:08:17","date_gmt":"2023-12-29T03:08:17","guid":{"rendered":"https:\/\/www.hiddenknifebelt.com\/es\/?page_id=1315"},"modified":"2023-12-29T03:08:20","modified_gmt":"2023-12-29T03:08:20","slug":"politica-de-devoluciones-return-policy","status":"publish","type":"page","link":"https:\/\/www.hiddenknifebelt.com\/es\/politica-de-devoluciones-return-policy\/","title":{"rendered":"Pol\u00edtica de devoluciones-Return Policy"},"content":{"rendered":"\n<p>POR FAVOR, TENGA EN CUENTA: Al hacer un pedido, por favor compruebe si su direcci\u00f3n de entrega est\u00e1 completa y correcta (pa\u00eds, ciudad, calle, n\u00famero de empresa o de casa) para evitar fallos en la entrega debido a una direcci\u00f3n insuficiente. La empresa no se har\u00e1 responsable si el paquete es devuelto debido a una direcci\u00f3n de entrega incorrecta o incompleta. Como se entrega en el extranjero, una vez que la entrega falle, el paquete ser\u00e1 procesado por el correo, y la empresa no podr\u00e1 recuperar el paquete, tampoco podemos reembolsarle. Si necesita cambiar la direcci\u00f3n, por favor contacte con el correo electr\u00f3nico del servicio al cliente (hiddenknifebelt@yeah.net) dentro de las 24 horas. Por favor, perd\u00f3nenos que la direcci\u00f3n no se pueda cambiar despu\u00e9s de 24 horas. Nuestra pol\u00edtica dura 15 d\u00edas desde la fecha de entrega. Si han pasado 15 d\u00edas desde la entrega de su compra, desafortunadamente no podemos ofrecerle un reembolso o cambio. Todos los compradores son responsables de pagar los costes de env\u00edo de devoluci\u00f3n seg\u00fan se indica a continuaci\u00f3n.<\/p>\n\n\n\n<p>Para ser elegible para una devoluci\u00f3n, su art\u00edculo debe estar sin usar y en las mismas condiciones en que lo recibi\u00f3. Tambi\u00e9n debe estar en el embalaje original.<\/p>\n\n\n\n<p>Reembolsos (si procede) Usted ser\u00e1 responsable de pagar sus propios costes de env\u00edo para devolver su art\u00edculo. Puede solicitar que se le cree una etiqueta de env\u00edo. Si es as\u00ed, el coste del env\u00edo de devoluci\u00f3n se deducir\u00e1 de su reembolso. Todos los costes de env\u00edo no son reembolsables. Una vez que recibamos e inspeccionemos su devoluci\u00f3n, le enviaremos un correo electr\u00f3nico para notificarle que hemos recibido su art\u00edculo devuelto. Tambi\u00e9n le notificaremos la aprobaci\u00f3n o el rechazo de su reembolso. Si se aprueba, entonces su reembolso ser\u00e1 procesado, y un cr\u00e9dito se aplicar\u00e1 autom\u00e1ticamente a su tarjeta de cr\u00e9dito o m\u00e9todo original de pago, dentro de una cierta cantidad de d\u00edas.<\/p>\n\n\n\n<p>Reembolsos tard\u00edos o faltantes (si procede) Si a\u00fan no ha recibido un reembolso, primero compruebe de nuevo su cuenta bancaria. Luego, p\u00f3ngase en contacto con su compa\u00f1\u00eda de tarjeta de cr\u00e9dito, puede tardar alg\u00fan tiempo antes de que su reembolso se publique oficialmente. A continuaci\u00f3n, p\u00f3ngase en contacto con su banco. A menudo hay alg\u00fan tiempo de procesamiento antes de que se publique un reembolso. Si ha hecho todo esto y a\u00fan no ha recibido su reembolso, por favor cont\u00e1ctenos en hiddenknifebelt@yeah.net.<\/p>\n\n\n\n<p>Art\u00edculos en oferta (si procede) S\u00f3lo se pueden reembolsar los art\u00edculos con precio regular, desafortunadamente los art\u00edculos en oferta no se pueden reembolsar.<\/p>\n\n\n\n<p>Cambios (si procede) S\u00f3lo reemplazamos los art\u00edculos si est\u00e1n defectuosos o da\u00f1ados. Si necesita cambiarlo por el mismo art\u00edculo, env\u00edenos un correo electr\u00f3nico a hiddenknifebelt@yeah.net.<\/p>\n\n\n\n<p>Regalos Si el art\u00edculo fue marcado como un regalo cuando se compr\u00f3 y se envi\u00f3 directamente a usted, recibir\u00e1 un cr\u00e9dito de regalo por el valor de su devoluci\u00f3n. Una vez que se reciba el art\u00edculo devuelto, se le enviar\u00e1 un certificado de regalo.<\/p>\n\n\n\n<p>Si el art\u00edculo no fue marcado como un regalo cuando se compr\u00f3, o el que hizo el regalo tuvo el pedido enviado a s\u00ed mismo para d\u00e1rselo a usted m\u00e1s tarde, le enviaremos un reembolso al que hizo el regalo y \u00e9l se enterar\u00e1 de su devoluci\u00f3n.<\/p>\n\n\n\n<p>Dependiendo de d\u00f3nde viva, el tiempo que puede tardar en llegarle el producto cambiado, puede variar.<\/p>\n","protected":false},"excerpt":{"rendered":"<p>POR FAVOR, TENGA EN CUENTA: Al hacer un pedido, por favor compruebe si su direcci\u00f3n de entrega est\u00e1 completa y correcta (pa\u00eds, ciudad, calle, n\u00famero de empresa o de casa) para evitar fallos en la entrega debido a una direcci\u00f3n insuficiente. La empresa no se har\u00e1 responsable si el paquete es devuelto debido a una &hellip;<\/p>\n<p class=\"read-more\"> <a class=\"\" href=\"https:\/\/www.hiddenknifebelt.com\/es\/politica-de-devoluciones-return-policy\/\"> <span class=\"screen-reader-text\">Pol\u00edtica de devoluciones-Return Policy<\/span> Read More &raquo;<\/a><\/p>\n","protected":false},"author":1,"featured_media":0,"parent":0,"menu_order":0,"comment_status":"closed","ping_status":"closed","template":"","meta":{"site-sidebar-layout":"default","site-content-layout":"","ast-site-content-layout":"default","site-content-style":"default","site-sidebar-style":"default","ast-global-header-display":"","ast-banner-title-visibility":"","ast-main-header-display":"","ast-hfb-above-header-display":"","ast-hfb-below-header-display":"","ast-hfb-mobile-header-display":"","site-post-title":"","ast-breadcrumbs-content":"","ast-featured-img":"","footer-sml-layout":"","theme-transparent-header-meta":"","adv-header-id-meta":"","stick-header-meta":"","header-above-stick-meta":"","header-main-stick-meta":"","header-below-stick-meta":"","astra-migrate-meta-layouts":"set","ast-page-background-enabled":"default","ast-page-background-meta":{"desktop":{"background-color":"var(--ast-global-color-4)","background-image":"","background-repeat":"repeat","background-position":"center center","background-size":"auto","background-attachment":"scroll","background-type":"","background-media":"","overlay-type":"","overlay-color":"","overlay-gradient":""},"tablet":{"background-color":"","background-image":"","background-repeat":"repeat","background-position":"center center","background-size":"auto","background-attachment":"scroll","background-type":"","background-media":"","overlay-type":"","overlay-color":"","overlay-gradient":""},"mobile":{"background-color":"","background-image":"","background-repeat":"repeat","background-position":"center center","background-size":"auto","background-attachment":"scroll","background-type":"","background-media":"","overlay-type":"","overlay-color":"","overlay-gradient":""}},"ast-content-background-meta":{"desktop":{"background-color":"var(--ast-global-color-5)","background-image":"","background-repeat":"repeat","background-position":"center center","background-size":"auto","background-attachment":"scroll","background-type":"","background-media":"","overlay-type":"","overlay-color":"","overlay-gradient":""},"tablet":{"background-color":"var(--ast-global-color-5)","background-image":"","background-repeat":"repeat","background-position":"center center","background-size":"auto","background-attachment":"scroll","background-type":"","background-media":"","overlay-type":"","overlay-color":"","overlay-gradient":""},"mobile":{"background-color":"var(--ast-global-color-5)","background-image":"","background-repeat":"repeat","background-position":"center center","background-size":"auto","background-attachment":"scroll","background-type":"","background-media":"","overlay-type":"","overlay-color":"","overlay-gradient":""}},"footnotes":""},"_links":{"self":[{"href":"https:\/\/www.hiddenknifebelt.com\/es\/wp-json\/wp\/v2\/pages\/1315"}],"collection":[{"href":"https:\/\/www.hiddenknifebelt.com\/es\/wp-json\/wp\/v2\/pages"}],"about":[{"href":"https:\/\/www.hiddenknifebelt.com\/es\/wp-json\/wp\/v2\/types\/page"}],"author":[{"embeddable":true,"href":"https:\/\/www.hiddenknifebelt.com\/es\/wp-json\/wp\/v2\/users\/1"}],"replies":[{"embeddable":true,"href":"https:\/\/www.hiddenknifebelt.com\/es\/wp-json\/wp\/v2\/comments?post=1315"}],"version-history":[{"count":1,"href":"https:\/\/www.hiddenknifebelt.com\/es\/wp-json\/wp\/v2\/pages\/1315\/revisions"}],"predecessor-version":[{"id":1316,"href":"https:\/\/www.hiddenknifebelt.com\/es\/wp-json\/wp\/v2\/pages\/1315\/revisions\/1316"}],"wp:attachment":[{"href":"https:\/\/www.hiddenknifebelt.com\/es\/wp-json\/wp\/v2\/media?parent=1315"}],"curies":[{"name":"wp","href":"https:\/\/api.w.org\/{rel}","templated":true}]}}