{"id":1333,"date":"2023-12-29T06:17:41","date_gmt":"2023-12-29T06:17:41","guid":{"rendered":"https:\/\/www.hiddenknifebelt.com\/es\/?post_type=product&#038;p=1333"},"modified":"2024-01-27T10:03:27","modified_gmt":"2024-01-27T10:03:27","slug":"un-cinturon-de-hebilla-de-cuchillo-de-talla-de-herradura-un-accesorio-unico-para-su-estilo-de-vaquero-del-oeste","status":"publish","type":"product","link":"https:\/\/www.hiddenknifebelt.com\/es\/product\/un-cinturon-de-hebilla-de-cuchillo-de-talla-de-herradura-un-accesorio-unico-para-su-estilo-de-vaquero-del-oeste\/","title":{"rendered":"Un cintur\u00f3n de hebilla de cuchillo de talla de herradura, un accesorio \u00fanico para su estilo de vaquero del oeste."},"content":{"rendered":"<p>\u00bfTe encanta la rudeza y la libertad de los vaqueros del oeste? \u00bfQuieres un accesorio que pueda mostrar tu personalidad y estilo? Entonces, este cintur\u00f3n de hebilla de cuchillo de talla de herradura es tu mejor opci\u00f3n.<\/p>\n<p>Esta hebilla de cintur\u00f3n est\u00e1 hecha de acero inoxidable de alta calidad, finamente pulido y alisado, presentando una superficie elegante y una textura delicada. El frente de la hebilla de cintur\u00f3n es un patr\u00f3n de talla de herradura, que simboliza la suerte y la fuerza, y tambi\u00e9n refleja la cultura de montar de los vaqueros del oeste. La parte trasera de la hebilla de cintur\u00f3n esconde una peque\u00f1a hoja, que se puede sacar y usar cuando sea necesario, proporcion\u00e1ndote una sensaci\u00f3n de seguridad y protecci\u00f3n.<\/p>\n<p>Esta hebilla de cintur\u00f3n no es s\u00f3lo una herramienta pr\u00e1ctica, sino tambi\u00e9n un accesorio \u00fanico, que puede combinar con cualquiera de tus atuendos, y hacerte destacar en la multitud, mostrando tu estilo y personalidad de vaquero del oeste.<\/p>\n<p>Si quieres tener este cintur\u00f3n de hebilla de cuchillo de talla de herradura, \u00a1ap\u00farate y p\u00eddelo! Te ofreceremos una entrega r\u00e1pida y un servicio de calidad, para que puedas recibir tu art\u00edculo deseado lo antes posible. No lo dudes, act\u00faa ahora, y haz de esta hebilla de cintur\u00f3n tu s\u00edmbolo de estilo de vaquero del oeste.<\/p>\n<p><img fetchpriority=\"high\" decoding=\"async\" class=\"aligncenter size-full wp-image-1335\" src=\"https:\/\/www.hiddenknifebelt.com\/es\/wp-content\/uploads\/sites\/4\/2023\/12\/new_IMG_1412.jpg\" alt=\"Hebilla de cintur\u00f3n con cuchillo oculto de caballo.\" width=\"1357\" height=\"900\" srcset=\"https:\/\/www.hiddenknifebelt.com\/es\/wp-content\/uploads\/sites\/4\/2023\/12\/new_IMG_1412.jpg 1357w, https:\/\/www.hiddenknifebelt.com\/es\/wp-content\/uploads\/sites\/4\/2023\/12\/new_IMG_1412-300x199.jpg 300w, https:\/\/www.hiddenknifebelt.com\/es\/wp-content\/uploads\/sites\/4\/2023\/12\/new_IMG_1412-1024x679.jpg 1024w, https:\/\/www.hiddenknifebelt.com\/es\/wp-content\/uploads\/sites\/4\/2023\/12\/new_IMG_1412-768x509.jpg 768w, https:\/\/www.hiddenknifebelt.com\/es\/wp-content\/uploads\/sites\/4\/2023\/12\/new_IMG_1412-1320x875.jpg 1320w, https:\/\/www.hiddenknifebelt.com\/es\/wp-content\/uploads\/sites\/4\/2023\/12\/new_IMG_1412-600x398.jpg 600w\" sizes=\"(max-width: 1357px) 100vw, 1357px\" \/> <img decoding=\"async\" class=\"aligncenter size-full wp-image-1341\" src=\"https:\/\/www.hiddenknifebelt.com\/es\/wp-content\/uploads\/sites\/4\/2023\/12\/new_IMG_1418.jpg\" alt=\"Hebilla de cintur\u00f3n con cuchillo oculto de caballo.\" width=\"1356\" height=\"898\" srcset=\"https:\/\/www.hiddenknifebelt.com\/es\/wp-content\/uploads\/sites\/4\/2023\/12\/new_IMG_1418.jpg 1356w, https:\/\/www.hiddenknifebelt.com\/es\/wp-content\/uploads\/sites\/4\/2023\/12\/new_IMG_1418-300x199.jpg 300w, https:\/\/www.hiddenknifebelt.com\/es\/wp-content\/uploads\/sites\/4\/2023\/12\/new_IMG_1418-1024x678.jpg 1024w, https:\/\/www.hiddenknifebelt.com\/es\/wp-content\/uploads\/sites\/4\/2023\/12\/new_IMG_1418-768x509.jpg 768w, https:\/\/www.hiddenknifebelt.com\/es\/wp-content\/uploads\/sites\/4\/2023\/12\/new_IMG_1418-1320x874.jpg 1320w, https:\/\/www.hiddenknifebelt.com\/es\/wp-content\/uploads\/sites\/4\/2023\/12\/new_IMG_1418-600x397.jpg 600w\" sizes=\"(max-width: 1356px) 100vw, 1356px\" \/> <img decoding=\"async\" class=\"aligncenter size-full wp-image-1340\" src=\"https:\/\/www.hiddenknifebelt.com\/es\/wp-content\/uploads\/sites\/4\/2023\/12\/new_IMG_1417.jpg\" alt=\"Hebilla de cintur\u00f3n con cuchillo oculto de caballo.\" width=\"1349\" height=\"900\" srcset=\"https:\/\/www.hiddenknifebelt.com\/es\/wp-content\/uploads\/sites\/4\/2023\/12\/new_IMG_1417.jpg 1349w, https:\/\/www.hiddenknifebelt.com\/es\/wp-content\/uploads\/sites\/4\/2023\/12\/new_IMG_1417-300x200.jpg 300w, https:\/\/www.hiddenknifebelt.com\/es\/wp-content\/uploads\/sites\/4\/2023\/12\/new_IMG_1417-1024x683.jpg 1024w, https:\/\/www.hiddenknifebelt.com\/es\/wp-content\/uploads\/sites\/4\/2023\/12\/new_IMG_1417-768x512.jpg 768w, https:\/\/www.hiddenknifebelt.com\/es\/wp-content\/uploads\/sites\/4\/2023\/12\/new_IMG_1417-1320x881.jpg 1320w, https:\/\/www.hiddenknifebelt.com\/es\/wp-content\/uploads\/sites\/4\/2023\/12\/new_IMG_1417-600x400.jpg 600w\" sizes=\"(max-width: 1349px) 100vw, 1349px\" \/> <img loading=\"lazy\" decoding=\"async\" class=\"aligncenter size-full wp-image-1339\" src=\"https:\/\/www.hiddenknifebelt.com\/es\/wp-content\/uploads\/sites\/4\/2023\/12\/new_IMG_1416.jpg\" alt=\"Hebilla de cintur\u00f3n con cuchillo oculto de caballo.\" width=\"1356\" height=\"902\" srcset=\"https:\/\/www.hiddenknifebelt.com\/es\/wp-content\/uploads\/sites\/4\/2023\/12\/new_IMG_1416.jpg 1356w, https:\/\/www.hiddenknifebelt.com\/es\/wp-content\/uploads\/sites\/4\/2023\/12\/new_IMG_1416-300x200.jpg 300w, https:\/\/www.hiddenknifebelt.com\/es\/wp-content\/uploads\/sites\/4\/2023\/12\/new_IMG_1416-1024x681.jpg 1024w, https:\/\/www.hiddenknifebelt.com\/es\/wp-content\/uploads\/sites\/4\/2023\/12\/new_IMG_1416-768x511.jpg 768w, https:\/\/www.hiddenknifebelt.com\/es\/wp-content\/uploads\/sites\/4\/2023\/12\/new_IMG_1416-1320x878.jpg 1320w, https:\/\/www.hiddenknifebelt.com\/es\/wp-content\/uploads\/sites\/4\/2023\/12\/new_IMG_1416-600x399.jpg 600w\" sizes=\"(max-width: 1356px) 100vw, 1356px\" \/> <img loading=\"lazy\" decoding=\"async\" class=\"aligncenter size-full wp-image-1338\" src=\"https:\/\/www.hiddenknifebelt.com\/es\/wp-content\/uploads\/sites\/4\/2023\/12\/new_IMG_1415.jpg\" alt=\"Hebilla de cintur\u00f3n con cuchillo oculto de caballo.\" width=\"1354\" height=\"905\" srcset=\"https:\/\/www.hiddenknifebelt.com\/es\/wp-content\/uploads\/sites\/4\/2023\/12\/new_IMG_1415.jpg 1354w, https:\/\/www.hiddenknifebelt.com\/es\/wp-content\/uploads\/sites\/4\/2023\/12\/new_IMG_1415-300x201.jpg 300w, https:\/\/www.hiddenknifebelt.com\/es\/wp-content\/uploads\/sites\/4\/2023\/12\/new_IMG_1415-1024x684.jpg 1024w, https:\/\/www.hiddenknifebelt.com\/es\/wp-content\/uploads\/sites\/4\/2023\/12\/new_IMG_1415-768x513.jpg 768w, https:\/\/www.hiddenknifebelt.com\/es\/wp-content\/uploads\/sites\/4\/2023\/12\/new_IMG_1415-1320x882.jpg 1320w, https:\/\/www.hiddenknifebelt.com\/es\/wp-content\/uploads\/sites\/4\/2023\/12\/new_IMG_1415-600x401.jpg 600w\" sizes=\"(max-width: 1354px) 100vw, 1354px\" \/> <img loading=\"lazy\" decoding=\"async\" class=\"aligncenter size-full wp-image-1337\" src=\"https:\/\/www.hiddenknifebelt.com\/es\/wp-content\/uploads\/sites\/4\/2023\/12\/new_IMG_1414.jpg\" alt=\"Hebilla de cintur\u00f3n con cuchillo oculto de caballo.\" width=\"1353\" height=\"901\" srcset=\"https:\/\/www.hiddenknifebelt.com\/es\/wp-content\/uploads\/sites\/4\/2023\/12\/new_IMG_1414.jpg 1353w, https:\/\/www.hiddenknifebelt.com\/es\/wp-content\/uploads\/sites\/4\/2023\/12\/new_IMG_1414-300x200.jpg 300w, https:\/\/www.hiddenknifebelt.com\/es\/wp-content\/uploads\/sites\/4\/2023\/12\/new_IMG_1414-1024x682.jpg 1024w, https:\/\/www.hiddenknifebelt.com\/es\/wp-content\/uploads\/sites\/4\/2023\/12\/new_IMG_1414-768x511.jpg 768w, https:\/\/www.hiddenknifebelt.com\/es\/wp-content\/uploads\/sites\/4\/2023\/12\/new_IMG_1414-1320x879.jpg 1320w, https:\/\/www.hiddenknifebelt.com\/es\/wp-content\/uploads\/sites\/4\/2023\/12\/new_IMG_1414-600x400.jpg 600w\" sizes=\"(max-width: 1353px) 100vw, 1353px\" \/> <img loading=\"lazy\" decoding=\"async\" class=\"aligncenter size-full wp-image-1336\" src=\"https:\/\/www.hiddenknifebelt.com\/es\/wp-content\/uploads\/sites\/4\/2023\/12\/new_IMG_1413.jpg\" alt=\"Hebilla de cintur\u00f3n con cuchillo oculto de caballo.\" width=\"1356\" height=\"903\" srcset=\"https:\/\/www.hiddenknifebelt.com\/es\/wp-content\/uploads\/sites\/4\/2023\/12\/new_IMG_1413.jpg 1356w, https:\/\/www.hiddenknifebelt.com\/es\/wp-content\/uploads\/sites\/4\/2023\/12\/new_IMG_1413-300x200.jpg 300w, https:\/\/www.hiddenknifebelt.com\/es\/wp-content\/uploads\/sites\/4\/2023\/12\/new_IMG_1413-1024x682.jpg 1024w, https:\/\/www.hiddenknifebelt.com\/es\/wp-content\/uploads\/sites\/4\/2023\/12\/new_IMG_1413-768x511.jpg 768w, https:\/\/www.hiddenknifebelt.com\/es\/wp-content\/uploads\/sites\/4\/2023\/12\/new_IMG_1413-1320x879.jpg 1320w, https:\/\/www.hiddenknifebelt.com\/es\/wp-content\/uploads\/sites\/4\/2023\/12\/new_IMG_1413-600x400.jpg 600w\" sizes=\"(max-width: 1356px) 100vw, 1356px\" \/><\/p>\n","protected":false},"excerpt":{"rendered":"<p>\u00bfTe encanta la rudeza y la libertad de los vaqueros del oeste? \u00bfQuieres un accesorio que pueda mostrar tu personalidad y estilo? Entonces, este cintur\u00f3n de hebilla de cuchillo de talla de herradura es tu mejor opci\u00f3n. Esta hebilla de cintur\u00f3n est\u00e1 hecha de acero inoxidable de alta calidad, finamente pulido y alisado, presentando una &hellip;<\/p>\n<p class=\"read-more\"> <a class=\"\" href=\"https:\/\/www.hiddenknifebelt.com\/es\/product\/un-cinturon-de-hebilla-de-cuchillo-de-talla-de-herradura-un-accesorio-unico-para-su-estilo-de-vaquero-del-oeste\/\"> <span class=\"screen-reader-text\">Un cintur\u00f3n de hebilla de cuchillo de talla de herradura, un accesorio \u00fanico para su estilo de vaquero del oeste.<\/span> Read More &raquo;<\/a><\/p>\n","protected":false},"featured_media":1337,"comment_status":"open","ping_status":"closed","template":"","meta":{"site-sidebar-layout":"default","site-content-layout":"","ast-site-content-layout":"normal-width-container","site-content-style":"boxed","site-sidebar-style":"unboxed","ast-global-header-display":"","ast-banner-title-visibility":"","ast-main-header-display":"","ast-hfb-above-header-display":"","ast-hfb-below-header-display":"","ast-hfb-mobile-header-display":"","site-post-title":"","ast-breadcrumbs-content":"","ast-featured-img":"","footer-sml-layout":"","theme-transparent-header-meta":"default","adv-header-id-meta":"","stick-header-meta":"","header-above-stick-meta":"","header-main-stick-meta":"","header-below-stick-meta":"","astra-migrate-meta-layouts":"set","ast-page-background-enabled":"default","ast-page-background-meta":{"desktop":{"background-color":"var(--ast-global-color-4)","background-image":"","background-repeat":"repeat","background-position":"center center","background-size":"auto","background-attachment":"scroll","background-type":"","background-media":"","overlay-type":"","overlay-color":"","overlay-gradient":""},"tablet":{"background-color":"","background-image":"","background-repeat":"repeat","background-position":"center center","background-size":"auto","background-attachment":"scroll","background-type":"","background-media":"","overlay-type":"","overlay-color":"","overlay-gradient":""},"mobile":{"background-color":"","background-image":"","background-repeat":"repeat","background-position":"center center","background-size":"auto","background-attachment":"scroll","background-type":"","background-media":"","overlay-type":"","overlay-color":"","overlay-gradient":""}},"ast-content-background-meta":{"desktop":{"background-color":"var(--ast-global-color-5)","background-image":"","background-repeat":"repeat","background-position":"center center","background-size":"auto","background-attachment":"scroll","background-type":"","background-media":"","overlay-type":"","overlay-color":"","overlay-gradient":""},"tablet":{"background-color":"var(--ast-global-color-5)","background-image":"","background-repeat":"repeat","background-position":"center center","background-size":"auto","background-attachment":"scroll","background-type":"","background-media":"","overlay-type":"","overlay-color":"","overlay-gradient":""},"mobile":{"background-color":"var(--ast-global-color-5)","background-image":"","background-repeat":"repeat","background-position":"center center","background-size":"auto","background-attachment":"scroll","background-type":"","background-media":"","overlay-type":"","overlay-color":"","overlay-gradient":""}}},"product_cat":[140],"product_tag":[141],"_links":{"self":[{"href":"https:\/\/www.hiddenknifebelt.com\/es\/wp-json\/wp\/v2\/product\/1333"}],"collection":[{"href":"https:\/\/www.hiddenknifebelt.com\/es\/wp-json\/wp\/v2\/product"}],"about":[{"href":"https:\/\/www.hiddenknifebelt.com\/es\/wp-json\/wp\/v2\/types\/product"}],"replies":[{"embeddable":true,"href":"https:\/\/www.hiddenknifebelt.com\/es\/wp-json\/wp\/v2\/comments?post=1333"}],"version-history":[{"count":1,"href":"https:\/\/www.hiddenknifebelt.com\/es\/wp-json\/wp\/v2\/product\/1333\/revisions"}],"predecessor-version":[{"id":1342,"href":"https:\/\/www.hiddenknifebelt.com\/es\/wp-json\/wp\/v2\/product\/1333\/revisions\/1342"}],"wp:featuredmedia":[{"embeddable":true,"href":"https:\/\/www.hiddenknifebelt.com\/es\/wp-json\/wp\/v2\/media\/1337"}],"wp:attachment":[{"href":"https:\/\/www.hiddenknifebelt.com\/es\/wp-json\/wp\/v2\/media?parent=1333"}],"wp:term":[{"taxonomy":"product_cat","embeddable":true,"href":"https:\/\/www.hiddenknifebelt.com\/es\/wp-json\/wp\/v2\/product_cat?post=1333"},{"taxonomy":"product_tag","embeddable":true,"href":"https:\/\/www.hiddenknifebelt.com\/es\/wp-json\/wp\/v2\/product_tag?post=1333"}],"curies":[{"name":"wp","href":"https:\/\/api.w.org\/{rel}","templated":true}]}}