{"id":1346,"date":"2023-12-29T06:42:38","date_gmt":"2023-12-29T06:42:38","guid":{"rendered":"https:\/\/www.hiddenknifebelt.com\/es\/?post_type=product&#038;p=1346"},"modified":"2023-12-29T06:42:38","modified_gmt":"2023-12-29T06:42:38","slug":"hebilla-de-cinturon-de-cuchillo-con-cabeza-de-leon-en-relieve","status":"publish","type":"product","link":"https:\/\/www.hiddenknifebelt.com\/es\/product\/hebilla-de-cinturon-de-cuchillo-con-cabeza-de-leon-en-relieve\/","title":{"rendered":"Hebilla de cintur\u00f3n de cuchillo con cabeza de le\u00f3n en relieve"},"content":{"rendered":"<p>La inspiraci\u00f3n del dise\u00f1o de la hebilla de cintur\u00f3n de cuchillo oculto de le\u00f3n viene del le\u00f3n en la sabana africana, simbolizando fuerza, valor y estilo de rey. Los detalles son muy exquisitos, haci\u00e9ndote sentir su majestad y dominio, su cabeza de le\u00f3n se puede desmontar f\u00e1cilmente, dentro escondiendo un cuchillo afilado, Tal hebilla de cintur\u00f3n, no s\u00f3lo puede hacer su vestido m\u00e1s elegante y con clase, sino tambi\u00e9n puede hacer su vida m\u00e1s segura y divertida. La hebilla de cintur\u00f3n de cuchillo oculto de le\u00f3n es adecuada para todos los hombres que les gusta la aventura, persiguen la emoci\u00f3n y tienen personalidad. Tambi\u00e9n es muy adecuado como un regalo para sus amigos y parientes, para que ellos tambi\u00e9n puedan sentir su intenci\u00f3n y gusto.<\/p>\n<p><img fetchpriority=\"high\" decoding=\"async\" class=\"aligncenter size-full wp-image-1347\" src=\"https:\/\/www.hiddenknifebelt.com\/es\/wp-content\/uploads\/sites\/4\/2023\/12\/new_IMG_1421.jpg\" alt=\"Hebilla de cintur\u00f3n de cuchillo con cabeza de le\u00f3n en relieve\" width=\"1347\" height=\"900\" srcset=\"https:\/\/www.hiddenknifebelt.com\/es\/wp-content\/uploads\/sites\/4\/2023\/12\/new_IMG_1421.jpg 1347w, https:\/\/www.hiddenknifebelt.com\/es\/wp-content\/uploads\/sites\/4\/2023\/12\/new_IMG_1421-300x200.jpg 300w, https:\/\/www.hiddenknifebelt.com\/es\/wp-content\/uploads\/sites\/4\/2023\/12\/new_IMG_1421-1024x684.jpg 1024w, https:\/\/www.hiddenknifebelt.com\/es\/wp-content\/uploads\/sites\/4\/2023\/12\/new_IMG_1421-768x513.jpg 768w, https:\/\/www.hiddenknifebelt.com\/es\/wp-content\/uploads\/sites\/4\/2023\/12\/new_IMG_1421-1320x882.jpg 1320w, https:\/\/www.hiddenknifebelt.com\/es\/wp-content\/uploads\/sites\/4\/2023\/12\/new_IMG_1421-600x401.jpg 600w\" sizes=\"(max-width: 1347px) 100vw, 1347px\" \/> <img decoding=\"async\" class=\"aligncenter size-full wp-image-1348\" src=\"https:\/\/www.hiddenknifebelt.com\/es\/wp-content\/uploads\/sites\/4\/2023\/12\/new_IMG_1422.jpg\" alt=\"\" width=\"1350\" height=\"899\" srcset=\"https:\/\/www.hiddenknifebelt.com\/es\/wp-content\/uploads\/sites\/4\/2023\/12\/new_IMG_1422.jpg 1350w, https:\/\/www.hiddenknifebelt.com\/es\/wp-content\/uploads\/sites\/4\/2023\/12\/new_IMG_1422-300x200.jpg 300w, https:\/\/www.hiddenknifebelt.com\/es\/wp-content\/uploads\/sites\/4\/2023\/12\/new_IMG_1422-1024x682.jpg 1024w, https:\/\/www.hiddenknifebelt.com\/es\/wp-content\/uploads\/sites\/4\/2023\/12\/new_IMG_1422-768x511.jpg 768w, https:\/\/www.hiddenknifebelt.com\/es\/wp-content\/uploads\/sites\/4\/2023\/12\/new_IMG_1422-1320x879.jpg 1320w, https:\/\/www.hiddenknifebelt.com\/es\/wp-content\/uploads\/sites\/4\/2023\/12\/new_IMG_1422-600x400.jpg 600w\" sizes=\"(max-width: 1350px) 100vw, 1350px\" \/> <img decoding=\"async\" class=\"aligncenter size-full wp-image-1349\" src=\"https:\/\/www.hiddenknifebelt.com\/es\/wp-content\/uploads\/sites\/4\/2023\/12\/new_IMG_1423.jpg\" alt=\"\" width=\"1348\" height=\"899\" srcset=\"https:\/\/www.hiddenknifebelt.com\/es\/wp-content\/uploads\/sites\/4\/2023\/12\/new_IMG_1423.jpg 1348w, https:\/\/www.hiddenknifebelt.com\/es\/wp-content\/uploads\/sites\/4\/2023\/12\/new_IMG_1423-300x200.jpg 300w, https:\/\/www.hiddenknifebelt.com\/es\/wp-content\/uploads\/sites\/4\/2023\/12\/new_IMG_1423-1024x683.jpg 1024w, https:\/\/www.hiddenknifebelt.com\/es\/wp-content\/uploads\/sites\/4\/2023\/12\/new_IMG_1423-768x512.jpg 768w, https:\/\/www.hiddenknifebelt.com\/es\/wp-content\/uploads\/sites\/4\/2023\/12\/new_IMG_1423-1320x880.jpg 1320w, https:\/\/www.hiddenknifebelt.com\/es\/wp-content\/uploads\/sites\/4\/2023\/12\/new_IMG_1423-600x400.jpg 600w\" sizes=\"(max-width: 1348px) 100vw, 1348px\" \/> <img loading=\"lazy\" decoding=\"async\" class=\"aligncenter size-full wp-image-1350\" src=\"https:\/\/www.hiddenknifebelt.com\/es\/wp-content\/uploads\/sites\/4\/2023\/12\/new_IMG_1424.jpg\" alt=\"\" width=\"1348\" height=\"894\" srcset=\"https:\/\/www.hiddenknifebelt.com\/es\/wp-content\/uploads\/sites\/4\/2023\/12\/new_IMG_1424.jpg 1348w, https:\/\/www.hiddenknifebelt.com\/es\/wp-content\/uploads\/sites\/4\/2023\/12\/new_IMG_1424-300x199.jpg 300w, https:\/\/www.hiddenknifebelt.com\/es\/wp-content\/uploads\/sites\/4\/2023\/12\/new_IMG_1424-1024x679.jpg 1024w, https:\/\/www.hiddenknifebelt.com\/es\/wp-content\/uploads\/sites\/4\/2023\/12\/new_IMG_1424-768x509.jpg 768w, https:\/\/www.hiddenknifebelt.com\/es\/wp-content\/uploads\/sites\/4\/2023\/12\/new_IMG_1424-1320x875.jpg 1320w, https:\/\/www.hiddenknifebelt.com\/es\/wp-content\/uploads\/sites\/4\/2023\/12\/new_IMG_1424-600x398.jpg 600w\" sizes=\"(max-width: 1348px) 100vw, 1348px\" \/> <img loading=\"lazy\" decoding=\"async\" class=\"aligncenter size-full wp-image-1351\" src=\"https:\/\/www.hiddenknifebelt.com\/es\/wp-content\/uploads\/sites\/4\/2023\/12\/new_IMG_1428.jpg\" alt=\"\" width=\"1352\" height=\"898\" srcset=\"https:\/\/www.hiddenknifebelt.com\/es\/wp-content\/uploads\/sites\/4\/2023\/12\/new_IMG_1428.jpg 1352w, https:\/\/www.hiddenknifebelt.com\/es\/wp-content\/uploads\/sites\/4\/2023\/12\/new_IMG_1428-300x199.jpg 300w, https:\/\/www.hiddenknifebelt.com\/es\/wp-content\/uploads\/sites\/4\/2023\/12\/new_IMG_1428-1024x680.jpg 1024w, https:\/\/www.hiddenknifebelt.com\/es\/wp-content\/uploads\/sites\/4\/2023\/12\/new_IMG_1428-768x510.jpg 768w, https:\/\/www.hiddenknifebelt.com\/es\/wp-content\/uploads\/sites\/4\/2023\/12\/new_IMG_1428-1320x877.jpg 1320w, https:\/\/www.hiddenknifebelt.com\/es\/wp-content\/uploads\/sites\/4\/2023\/12\/new_IMG_1428-600x399.jpg 600w\" sizes=\"(max-width: 1352px) 100vw, 1352px\" \/> <img loading=\"lazy\" decoding=\"async\" class=\"aligncenter size-full wp-image-1352\" src=\"https:\/\/www.hiddenknifebelt.com\/es\/wp-content\/uploads\/sites\/4\/2023\/12\/new_IMG_1429.jpg\" alt=\"\" width=\"1348\" height=\"895\" srcset=\"https:\/\/www.hiddenknifebelt.com\/es\/wp-content\/uploads\/sites\/4\/2023\/12\/new_IMG_1429.jpg 1348w, https:\/\/www.hiddenknifebelt.com\/es\/wp-content\/uploads\/sites\/4\/2023\/12\/new_IMG_1429-300x199.jpg 300w, https:\/\/www.hiddenknifebelt.com\/es\/wp-content\/uploads\/sites\/4\/2023\/12\/new_IMG_1429-1024x680.jpg 1024w, https:\/\/www.hiddenknifebelt.com\/es\/wp-content\/uploads\/sites\/4\/2023\/12\/new_IMG_1429-768x510.jpg 768w, https:\/\/www.hiddenknifebelt.com\/es\/wp-content\/uploads\/sites\/4\/2023\/12\/new_IMG_1429-1320x876.jpg 1320w, https:\/\/www.hiddenknifebelt.com\/es\/wp-content\/uploads\/sites\/4\/2023\/12\/new_IMG_1429-600x398.jpg 600w\" sizes=\"(max-width: 1348px) 100vw, 1348px\" \/> <img loading=\"lazy\" decoding=\"async\" class=\"aligncenter size-full wp-image-1353\" src=\"https:\/\/www.hiddenknifebelt.com\/es\/wp-content\/uploads\/sites\/4\/2023\/12\/new_IMG_1419.jpg\" alt=\"\" width=\"1350\" height=\"897\" srcset=\"https:\/\/www.hiddenknifebelt.com\/es\/wp-content\/uploads\/sites\/4\/2023\/12\/new_IMG_1419.jpg 1350w, https:\/\/www.hiddenknifebelt.com\/es\/wp-content\/uploads\/sites\/4\/2023\/12\/new_IMG_1419-300x199.jpg 300w, https:\/\/www.hiddenknifebelt.com\/es\/wp-content\/uploads\/sites\/4\/2023\/12\/new_IMG_1419-1024x680.jpg 1024w, https:\/\/www.hiddenknifebelt.com\/es\/wp-content\/uploads\/sites\/4\/2023\/12\/new_IMG_1419-768x510.jpg 768w, https:\/\/www.hiddenknifebelt.com\/es\/wp-content\/uploads\/sites\/4\/2023\/12\/new_IMG_1419-1320x877.jpg 1320w, https:\/\/www.hiddenknifebelt.com\/es\/wp-content\/uploads\/sites\/4\/2023\/12\/new_IMG_1419-600x399.jpg 600w\" sizes=\"(max-width: 1350px) 100vw, 1350px\" \/>5<\/p>\n","protected":false},"excerpt":{"rendered":"<p>La inspiraci\u00f3n del dise\u00f1o de la hebilla de cintur\u00f3n de cuchillo oculto de le\u00f3n viene del le\u00f3n en la sabana africana, simbolizando fuerza, valor y estilo de rey. Los detalles son muy exquisitos, haci\u00e9ndote sentir su majestad y dominio, su cabeza de le\u00f3n se puede desmontar f\u00e1cilmente, dentro escondiendo un cuchillo afilado, Tal hebilla de &hellip;<\/p>\n<p class=\"read-more\"> <a class=\"\" href=\"https:\/\/www.hiddenknifebelt.com\/es\/product\/hebilla-de-cinturon-de-cuchillo-con-cabeza-de-leon-en-relieve\/\"> <span class=\"screen-reader-text\">Hebilla de cintur\u00f3n de cuchillo con cabeza de le\u00f3n en relieve<\/span> Read More &raquo;<\/a><\/p>\n","protected":false},"featured_media":1353,"comment_status":"open","ping_status":"closed","template":"","meta":{"site-sidebar-layout":"default","site-content-layout":"","ast-site-content-layout":"normal-width-container","site-content-style":"boxed","site-sidebar-style":"unboxed","ast-global-header-display":"","ast-banner-title-visibility":"","ast-main-header-display":"","ast-hfb-above-header-display":"","ast-hfb-below-header-display":"","ast-hfb-mobile-header-display":"","site-post-title":"","ast-breadcrumbs-content":"","ast-featured-img":"","footer-sml-layout":"","theme-transparent-header-meta":"default","adv-header-id-meta":"","stick-header-meta":"","header-above-stick-meta":"","header-main-stick-meta":"","header-below-stick-meta":"","astra-migrate-meta-layouts":"set","ast-page-background-enabled":"default","ast-page-background-meta":{"desktop":{"background-color":"var(--ast-global-color-4)","background-image":"","background-repeat":"repeat","background-position":"center center","background-size":"auto","background-attachment":"scroll","background-type":"","background-media":"","overlay-type":"","overlay-color":"","overlay-gradient":""},"tablet":{"background-color":"","background-image":"","background-repeat":"repeat","background-position":"center center","background-size":"auto","background-attachment":"scroll","background-type":"","background-media":"","overlay-type":"","overlay-color":"","overlay-gradient":""},"mobile":{"background-color":"","background-image":"","background-repeat":"repeat","background-position":"center center","background-size":"auto","background-attachment":"scroll","background-type":"","background-media":"","overlay-type":"","overlay-color":"","overlay-gradient":""}},"ast-content-background-meta":{"desktop":{"background-color":"var(--ast-global-color-5)","background-image":"","background-repeat":"repeat","background-position":"center center","background-size":"auto","background-attachment":"scroll","background-type":"","background-media":"","overlay-type":"","overlay-color":"","overlay-gradient":""},"tablet":{"background-color":"var(--ast-global-color-5)","background-image":"","background-repeat":"repeat","background-position":"center center","background-size":"auto","background-attachment":"scroll","background-type":"","background-media":"","overlay-type":"","overlay-color":"","overlay-gradient":""},"mobile":{"background-color":"var(--ast-global-color-5)","background-image":"","background-repeat":"repeat","background-position":"center center","background-size":"auto","background-attachment":"scroll","background-type":"","background-media":"","overlay-type":"","overlay-color":"","overlay-gradient":""}}},"product_cat":[140],"product_tag":[142],"_links":{"self":[{"href":"https:\/\/www.hiddenknifebelt.com\/es\/wp-json\/wp\/v2\/product\/1346"}],"collection":[{"href":"https:\/\/www.hiddenknifebelt.com\/es\/wp-json\/wp\/v2\/product"}],"about":[{"href":"https:\/\/www.hiddenknifebelt.com\/es\/wp-json\/wp\/v2\/types\/product"}],"replies":[{"embeddable":true,"href":"https:\/\/www.hiddenknifebelt.com\/es\/wp-json\/wp\/v2\/comments?post=1346"}],"version-history":[{"count":1,"href":"https:\/\/www.hiddenknifebelt.com\/es\/wp-json\/wp\/v2\/product\/1346\/revisions"}],"predecessor-version":[{"id":1354,"href":"https:\/\/www.hiddenknifebelt.com\/es\/wp-json\/wp\/v2\/product\/1346\/revisions\/1354"}],"wp:featuredmedia":[{"embeddable":true,"href":"https:\/\/www.hiddenknifebelt.com\/es\/wp-json\/wp\/v2\/media\/1353"}],"wp:attachment":[{"href":"https:\/\/www.hiddenknifebelt.com\/es\/wp-json\/wp\/v2\/media?parent=1346"}],"wp:term":[{"taxonomy":"product_cat","embeddable":true,"href":"https:\/\/www.hiddenknifebelt.com\/es\/wp-json\/wp\/v2\/product_cat?post=1346"},{"taxonomy":"product_tag","embeddable":true,"href":"https:\/\/www.hiddenknifebelt.com\/es\/wp-json\/wp\/v2\/product_tag?post=1346"}],"curies":[{"name":"wp","href":"https:\/\/api.w.org\/{rel}","templated":true}]}}