{"id":1366,"date":"2023-12-29T07:36:37","date_gmt":"2023-12-29T07:36:37","guid":{"rendered":"https:\/\/www.hiddenknifebelt.com\/es\/?post_type=product&#038;p=1366"},"modified":"2023-12-29T07:36:38","modified_gmt":"2023-12-29T07:36:38","slug":"hebilla-de-cinturon-de-cuchillo-de-relieve-de-doble-arma-de-vaquero-occidental","status":"publish","type":"product","link":"https:\/\/www.hiddenknifebelt.com\/es\/product\/hebilla-de-cinturon-de-cuchillo-de-relieve-de-doble-arma-de-vaquero-occidental\/","title":{"rendered":"Hebilla de cintur\u00f3n de cuchillo de relieve de doble arma de vaquero occidental"},"content":{"rendered":"<p>Este es un cintur\u00f3n de hebilla dise\u00f1ado para los entusiastas del estilo vaquero occidental, no s\u00f3lo tiene una apariencia bonita, sino que tambi\u00e9n esconde un peque\u00f1o cuchillo, que se puede usar en situaciones de emergencia. La inspiraci\u00f3n del dise\u00f1o de este cintur\u00f3n de hebilla viene de las escenas cl\u00e1sicas de las pel\u00edculas occidentales, como \u201cEl bueno, el malo y el feo\u201d, \u201cEl tr\u00edo de oro\u201d y as\u00ed sucesivamente, utiliza un relieve de patr\u00f3n de doble arma, mostrando la valent\u00eda y el esp\u00edritu aventurero del vaquero. Este cintur\u00f3n de hebilla es adecuado para los hombres que les gusta el estilo vaquero occidental, se puede combinar con ropa de vaquero, sombreros, botas y as\u00ed sucesivamente, mostrando personalidad y encanto \u00fanicos.<\/p>\n<p><img fetchpriority=\"high\" decoding=\"async\" class=\"aligncenter size-full wp-image-1367\" src=\"https:\/\/www.hiddenknifebelt.com\/es\/wp-content\/uploads\/sites\/4\/2023\/12\/new_IMG_1447.jpg\" alt=\"Hebilla de cintur\u00f3n de cuchillo de relieve de doble arma de vaquero occidental\" width=\"1400\" height=\"931\" srcset=\"https:\/\/www.hiddenknifebelt.com\/es\/wp-content\/uploads\/sites\/4\/2023\/12\/new_IMG_1447.jpg 1400w, https:\/\/www.hiddenknifebelt.com\/es\/wp-content\/uploads\/sites\/4\/2023\/12\/new_IMG_1447-300x200.jpg 300w, https:\/\/www.hiddenknifebelt.com\/es\/wp-content\/uploads\/sites\/4\/2023\/12\/new_IMG_1447-1024x681.jpg 1024w, https:\/\/www.hiddenknifebelt.com\/es\/wp-content\/uploads\/sites\/4\/2023\/12\/new_IMG_1447-768x511.jpg 768w, https:\/\/www.hiddenknifebelt.com\/es\/wp-content\/uploads\/sites\/4\/2023\/12\/new_IMG_1447-1320x878.jpg 1320w, https:\/\/www.hiddenknifebelt.com\/es\/wp-content\/uploads\/sites\/4\/2023\/12\/new_IMG_1447-600x399.jpg 600w\" sizes=\"(max-width: 1400px) 100vw, 1400px\" \/> <img decoding=\"async\" class=\"aligncenter size-full wp-image-1368\" src=\"https:\/\/www.hiddenknifebelt.com\/es\/wp-content\/uploads\/sites\/4\/2023\/12\/new_IMG_1448.jpg\" alt=\"\" width=\"1403\" height=\"929\" srcset=\"https:\/\/www.hiddenknifebelt.com\/es\/wp-content\/uploads\/sites\/4\/2023\/12\/new_IMG_1448.jpg 1403w, https:\/\/www.hiddenknifebelt.com\/es\/wp-content\/uploads\/sites\/4\/2023\/12\/new_IMG_1448-300x199.jpg 300w, https:\/\/www.hiddenknifebelt.com\/es\/wp-content\/uploads\/sites\/4\/2023\/12\/new_IMG_1448-1024x678.jpg 1024w, https:\/\/www.hiddenknifebelt.com\/es\/wp-content\/uploads\/sites\/4\/2023\/12\/new_IMG_1448-768x509.jpg 768w, https:\/\/www.hiddenknifebelt.com\/es\/wp-content\/uploads\/sites\/4\/2023\/12\/new_IMG_1448-1320x874.jpg 1320w, https:\/\/www.hiddenknifebelt.com\/es\/wp-content\/uploads\/sites\/4\/2023\/12\/new_IMG_1448-600x397.jpg 600w\" sizes=\"(max-width: 1403px) 100vw, 1403px\" \/> <img decoding=\"async\" class=\"aligncenter size-full wp-image-1369\" src=\"https:\/\/www.hiddenknifebelt.com\/es\/wp-content\/uploads\/sites\/4\/2023\/12\/new_IMG_1449.jpg\" alt=\"\" width=\"1405\" height=\"933\" srcset=\"https:\/\/www.hiddenknifebelt.com\/es\/wp-content\/uploads\/sites\/4\/2023\/12\/new_IMG_1449.jpg 1405w, https:\/\/www.hiddenknifebelt.com\/es\/wp-content\/uploads\/sites\/4\/2023\/12\/new_IMG_1449-300x199.jpg 300w, https:\/\/www.hiddenknifebelt.com\/es\/wp-content\/uploads\/sites\/4\/2023\/12\/new_IMG_1449-1024x680.jpg 1024w, https:\/\/www.hiddenknifebelt.com\/es\/wp-content\/uploads\/sites\/4\/2023\/12\/new_IMG_1449-768x510.jpg 768w, https:\/\/www.hiddenknifebelt.com\/es\/wp-content\/uploads\/sites\/4\/2023\/12\/new_IMG_1449-1320x877.jpg 1320w, https:\/\/www.hiddenknifebelt.com\/es\/wp-content\/uploads\/sites\/4\/2023\/12\/new_IMG_1449-600x398.jpg 600w\" sizes=\"(max-width: 1405px) 100vw, 1405px\" \/> <img loading=\"lazy\" decoding=\"async\" class=\"aligncenter size-full wp-image-1370\" src=\"https:\/\/www.hiddenknifebelt.com\/es\/wp-content\/uploads\/sites\/4\/2023\/12\/new_IMG_1451.jpg\" alt=\"\" width=\"1396\" height=\"929\" srcset=\"https:\/\/www.hiddenknifebelt.com\/es\/wp-content\/uploads\/sites\/4\/2023\/12\/new_IMG_1451.jpg 1396w, https:\/\/www.hiddenknifebelt.com\/es\/wp-content\/uploads\/sites\/4\/2023\/12\/new_IMG_1451-300x200.jpg 300w, https:\/\/www.hiddenknifebelt.com\/es\/wp-content\/uploads\/sites\/4\/2023\/12\/new_IMG_1451-1024x681.jpg 1024w, https:\/\/www.hiddenknifebelt.com\/es\/wp-content\/uploads\/sites\/4\/2023\/12\/new_IMG_1451-768x511.jpg 768w, https:\/\/www.hiddenknifebelt.com\/es\/wp-content\/uploads\/sites\/4\/2023\/12\/new_IMG_1451-1320x878.jpg 1320w, https:\/\/www.hiddenknifebelt.com\/es\/wp-content\/uploads\/sites\/4\/2023\/12\/new_IMG_1451-600x399.jpg 600w\" sizes=\"(max-width: 1396px) 100vw, 1396px\" \/> <img loading=\"lazy\" decoding=\"async\" class=\"aligncenter size-full wp-image-1371\" src=\"https:\/\/www.hiddenknifebelt.com\/es\/wp-content\/uploads\/sites\/4\/2023\/12\/new_IMG_1452.jpg\" alt=\"\" width=\"1400\" height=\"931\" srcset=\"https:\/\/www.hiddenknifebelt.com\/es\/wp-content\/uploads\/sites\/4\/2023\/12\/new_IMG_1452.jpg 1400w, https:\/\/www.hiddenknifebelt.com\/es\/wp-content\/uploads\/sites\/4\/2023\/12\/new_IMG_1452-300x200.jpg 300w, https:\/\/www.hiddenknifebelt.com\/es\/wp-content\/uploads\/sites\/4\/2023\/12\/new_IMG_1452-1024x681.jpg 1024w, https:\/\/www.hiddenknifebelt.com\/es\/wp-content\/uploads\/sites\/4\/2023\/12\/new_IMG_1452-768x511.jpg 768w, https:\/\/www.hiddenknifebelt.com\/es\/wp-content\/uploads\/sites\/4\/2023\/12\/new_IMG_1452-1320x878.jpg 1320w, https:\/\/www.hiddenknifebelt.com\/es\/wp-content\/uploads\/sites\/4\/2023\/12\/new_IMG_1452-600x399.jpg 600w\" sizes=\"(max-width: 1400px) 100vw, 1400px\" \/> <img loading=\"lazy\" decoding=\"async\" class=\"aligncenter size-full wp-image-1372\" src=\"https:\/\/www.hiddenknifebelt.com\/es\/wp-content\/uploads\/sites\/4\/2023\/12\/new_IMG_1453.jpg\" alt=\"\" width=\"1403\" height=\"931\" srcset=\"https:\/\/www.hiddenknifebelt.com\/es\/wp-content\/uploads\/sites\/4\/2023\/12\/new_IMG_1453.jpg 1403w, https:\/\/www.hiddenknifebelt.com\/es\/wp-content\/uploads\/sites\/4\/2023\/12\/new_IMG_1453-300x199.jpg 300w, https:\/\/www.hiddenknifebelt.com\/es\/wp-content\/uploads\/sites\/4\/2023\/12\/new_IMG_1453-1024x680.jpg 1024w, https:\/\/www.hiddenknifebelt.com\/es\/wp-content\/uploads\/sites\/4\/2023\/12\/new_IMG_1453-768x510.jpg 768w, https:\/\/www.hiddenknifebelt.com\/es\/wp-content\/uploads\/sites\/4\/2023\/12\/new_IMG_1453-1320x876.jpg 1320w, https:\/\/www.hiddenknifebelt.com\/es\/wp-content\/uploads\/sites\/4\/2023\/12\/new_IMG_1453-600x398.jpg 600w\" sizes=\"(max-width: 1403px) 100vw, 1403px\" \/> <img loading=\"lazy\" decoding=\"async\" class=\"aligncenter size-full wp-image-1373\" src=\"https:\/\/www.hiddenknifebelt.com\/es\/wp-content\/uploads\/sites\/4\/2023\/12\/new_IMG_1454.jpg\" alt=\"\" width=\"1404\" height=\"930\" srcset=\"https:\/\/www.hiddenknifebelt.com\/es\/wp-content\/uploads\/sites\/4\/2023\/12\/new_IMG_1454.jpg 1404w, https:\/\/www.hiddenknifebelt.com\/es\/wp-content\/uploads\/sites\/4\/2023\/12\/new_IMG_1454-300x199.jpg 300w, https:\/\/www.hiddenknifebelt.com\/es\/wp-content\/uploads\/sites\/4\/2023\/12\/new_IMG_1454-1024x678.jpg 1024w, https:\/\/www.hiddenknifebelt.com\/es\/wp-content\/uploads\/sites\/4\/2023\/12\/new_IMG_1454-768x509.jpg 768w, https:\/\/www.hiddenknifebelt.com\/es\/wp-content\/uploads\/sites\/4\/2023\/12\/new_IMG_1454-1320x874.jpg 1320w, https:\/\/www.hiddenknifebelt.com\/es\/wp-content\/uploads\/sites\/4\/2023\/12\/new_IMG_1454-600x397.jpg 600w\" sizes=\"(max-width: 1404px) 100vw, 1404px\" \/> <img loading=\"lazy\" decoding=\"async\" class=\"aligncenter size-full wp-image-1374\" src=\"https:\/\/www.hiddenknifebelt.com\/es\/wp-content\/uploads\/sites\/4\/2023\/12\/new_IMG_1455.jpg\" alt=\"\" width=\"1400\" height=\"930\" srcset=\"https:\/\/www.hiddenknifebelt.com\/es\/wp-content\/uploads\/sites\/4\/2023\/12\/new_IMG_1455.jpg 1400w, https:\/\/www.hiddenknifebelt.com\/es\/wp-content\/uploads\/sites\/4\/2023\/12\/new_IMG_1455-300x199.jpg 300w, https:\/\/www.hiddenknifebelt.com\/es\/wp-content\/uploads\/sites\/4\/2023\/12\/new_IMG_1455-1024x680.jpg 1024w, https:\/\/www.hiddenknifebelt.com\/es\/wp-content\/uploads\/sites\/4\/2023\/12\/new_IMG_1455-768x510.jpg 768w, https:\/\/www.hiddenknifebelt.com\/es\/wp-content\/uploads\/sites\/4\/2023\/12\/new_IMG_1455-1320x877.jpg 1320w, https:\/\/www.hiddenknifebelt.com\/es\/wp-content\/uploads\/sites\/4\/2023\/12\/new_IMG_1455-600x399.jpg 600w\" sizes=\"(max-width: 1400px) 100vw, 1400px\" \/><\/p>\n","protected":false},"excerpt":{"rendered":"<p>Este es un cintur\u00f3n de hebilla dise\u00f1ado para los entusiastas del estilo vaquero occidental, no s\u00f3lo tiene una apariencia bonita, sino que tambi\u00e9n esconde un peque\u00f1o cuchillo, que se puede usar en situaciones de emergencia. La inspiraci\u00f3n del dise\u00f1o de este cintur\u00f3n de hebilla viene de las escenas cl\u00e1sicas de las pel\u00edculas occidentales, como \u201cEl &hellip;<\/p>\n<p class=\"read-more\"> <a class=\"\" href=\"https:\/\/www.hiddenknifebelt.com\/es\/product\/hebilla-de-cinturon-de-cuchillo-de-relieve-de-doble-arma-de-vaquero-occidental\/\"> <span class=\"screen-reader-text\">Hebilla de cintur\u00f3n de cuchillo de relieve de doble arma de vaquero occidental<\/span> Read More &raquo;<\/a><\/p>\n","protected":false},"featured_media":1367,"comment_status":"open","ping_status":"closed","template":"","meta":{"site-sidebar-layout":"default","site-content-layout":"","ast-site-content-layout":"normal-width-container","site-content-style":"boxed","site-sidebar-style":"unboxed","ast-global-header-display":"","ast-banner-title-visibility":"","ast-main-header-display":"","ast-hfb-above-header-display":"","ast-hfb-below-header-display":"","ast-hfb-mobile-header-display":"","site-post-title":"","ast-breadcrumbs-content":"","ast-featured-img":"","footer-sml-layout":"","theme-transparent-header-meta":"default","adv-header-id-meta":"","stick-header-meta":"","header-above-stick-meta":"","header-main-stick-meta":"","header-below-stick-meta":"","astra-migrate-meta-layouts":"set","ast-page-background-enabled":"default","ast-page-background-meta":{"desktop":{"background-color":"var(--ast-global-color-4)","background-image":"","background-repeat":"repeat","background-position":"center center","background-size":"auto","background-attachment":"scroll","background-type":"","background-media":"","overlay-type":"","overlay-color":"","overlay-gradient":""},"tablet":{"background-color":"","background-image":"","background-repeat":"repeat","background-position":"center center","background-size":"auto","background-attachment":"scroll","background-type":"","background-media":"","overlay-type":"","overlay-color":"","overlay-gradient":""},"mobile":{"background-color":"","background-image":"","background-repeat":"repeat","background-position":"center center","background-size":"auto","background-attachment":"scroll","background-type":"","background-media":"","overlay-type":"","overlay-color":"","overlay-gradient":""}},"ast-content-background-meta":{"desktop":{"background-color":"var(--ast-global-color-5)","background-image":"","background-repeat":"repeat","background-position":"center center","background-size":"auto","background-attachment":"scroll","background-type":"","background-media":"","overlay-type":"","overlay-color":"","overlay-gradient":""},"tablet":{"background-color":"var(--ast-global-color-5)","background-image":"","background-repeat":"repeat","background-position":"center center","background-size":"auto","background-attachment":"scroll","background-type":"","background-media":"","overlay-type":"","overlay-color":"","overlay-gradient":""},"mobile":{"background-color":"var(--ast-global-color-5)","background-image":"","background-repeat":"repeat","background-position":"center center","background-size":"auto","background-attachment":"scroll","background-type":"","background-media":"","overlay-type":"","overlay-color":"","overlay-gradient":""}}},"product_cat":[140],"product_tag":[144],"_links":{"self":[{"href":"https:\/\/www.hiddenknifebelt.com\/es\/wp-json\/wp\/v2\/product\/1366"}],"collection":[{"href":"https:\/\/www.hiddenknifebelt.com\/es\/wp-json\/wp\/v2\/product"}],"about":[{"href":"https:\/\/www.hiddenknifebelt.com\/es\/wp-json\/wp\/v2\/types\/product"}],"replies":[{"embeddable":true,"href":"https:\/\/www.hiddenknifebelt.com\/es\/wp-json\/wp\/v2\/comments?post=1366"}],"version-history":[{"count":1,"href":"https:\/\/www.hiddenknifebelt.com\/es\/wp-json\/wp\/v2\/product\/1366\/revisions"}],"predecessor-version":[{"id":1375,"href":"https:\/\/www.hiddenknifebelt.com\/es\/wp-json\/wp\/v2\/product\/1366\/revisions\/1375"}],"wp:featuredmedia":[{"embeddable":true,"href":"https:\/\/www.hiddenknifebelt.com\/es\/wp-json\/wp\/v2\/media\/1367"}],"wp:attachment":[{"href":"https:\/\/www.hiddenknifebelt.com\/es\/wp-json\/wp\/v2\/media?parent=1366"}],"wp:term":[{"taxonomy":"product_cat","embeddable":true,"href":"https:\/\/www.hiddenknifebelt.com\/es\/wp-json\/wp\/v2\/product_cat?post=1366"},{"taxonomy":"product_tag","embeddable":true,"href":"https:\/\/www.hiddenknifebelt.com\/es\/wp-json\/wp\/v2\/product_tag?post=1366"}],"curies":[{"name":"wp","href":"https:\/\/api.w.org\/{rel}","templated":true}]}}