{"id":1386,"date":"2023-12-29T08:12:32","date_gmt":"2023-12-29T08:12:32","guid":{"rendered":"https:\/\/www.hiddenknifebelt.com\/es\/?post_type=product&#038;p=1386"},"modified":"2023-12-29T08:13:28","modified_gmt":"2023-12-29T08:13:28","slug":"hebilla-de-cinturon-de-cuchillo-oculto-de-patron-de-cabeza-de-lobo-de-estilo-rock-al-aire-libre","status":"publish","type":"product","link":"https:\/\/www.hiddenknifebelt.com\/es\/product\/hebilla-de-cinturon-de-cuchillo-oculto-de-patron-de-cabeza-de-lobo-de-estilo-rock-al-aire-libre\/","title":{"rendered":"Hebilla de cintur\u00f3n de cuchillo oculto de patr\u00f3n de cabeza de lobo de estilo rock al aire libre"},"content":{"rendered":"<p>Este es un cintur\u00f3n de hebilla de cuchillo de relieve de metal de patr\u00f3n de cabeza de lobo, adecuado para personas que les gusta la aventura y la libertad. No s\u00f3lo es adecuado para escenarios de uso al aire libre y multifuncionales, sino tambi\u00e9n una forma de mostrar personalidad y estilo. Ya sea que seas un entusiasta al aire libre, un motociclista, un fan\u00e1tico del rock o un artista creativo, esta hebilla de cintur\u00f3n te har\u00e1 destacar en la multitud.<\/p>\n<p>El di\u00e1metro de esta hebilla de cintur\u00f3n es de 3 pulgadas, y el material es de acero inoxidable.<\/p>\n<ul>\n<li>El centro de la hebilla de cintur\u00f3n se puede empujar suavemente con el dedo, y un cuchillo plegado puede deslizarse hacia fuera.<\/li>\n<li>La longitud total de este cuchillo es de 5 pulgadas, y la hoja es de 2 pulgadas.<\/li>\n<li>La hoja es de un solo filo, y el material es tambi\u00e9n de acero inoxidable. Excelente calidad, art\u00edculo muy \u00fanico.<\/li>\n<\/ul>\n<p><img fetchpriority=\"high\" decoding=\"async\" class=\"aligncenter size-full wp-image-1387\" src=\"https:\/\/www.hiddenknifebelt.com\/es\/wp-content\/uploads\/sites\/4\/2023\/12\/new_IMG_1464.jpg\" alt=\"Hebilla de cintur\u00f3n de cuchillo oculto de patr\u00f3n de cabeza de lobo de estilo rock al aire libre\" width=\"1403\" height=\"931\" srcset=\"https:\/\/www.hiddenknifebelt.com\/es\/wp-content\/uploads\/sites\/4\/2023\/12\/new_IMG_1464.jpg 1403w, https:\/\/www.hiddenknifebelt.com\/es\/wp-content\/uploads\/sites\/4\/2023\/12\/new_IMG_1464-300x199.jpg 300w, https:\/\/www.hiddenknifebelt.com\/es\/wp-content\/uploads\/sites\/4\/2023\/12\/new_IMG_1464-1024x680.jpg 1024w, https:\/\/www.hiddenknifebelt.com\/es\/wp-content\/uploads\/sites\/4\/2023\/12\/new_IMG_1464-768x510.jpg 768w, https:\/\/www.hiddenknifebelt.com\/es\/wp-content\/uploads\/sites\/4\/2023\/12\/new_IMG_1464-1320x876.jpg 1320w, https:\/\/www.hiddenknifebelt.com\/es\/wp-content\/uploads\/sites\/4\/2023\/12\/new_IMG_1464-600x398.jpg 600w\" sizes=\"(max-width: 1403px) 100vw, 1403px\" \/> <img decoding=\"async\" class=\"aligncenter size-full wp-image-1388\" src=\"https:\/\/www.hiddenknifebelt.com\/es\/wp-content\/uploads\/sites\/4\/2023\/12\/new_IMG_1465.jpg\" alt=\"\" width=\"1401\" height=\"932\" srcset=\"https:\/\/www.hiddenknifebelt.com\/es\/wp-content\/uploads\/sites\/4\/2023\/12\/new_IMG_1465.jpg 1401w, https:\/\/www.hiddenknifebelt.com\/es\/wp-content\/uploads\/sites\/4\/2023\/12\/new_IMG_1465-300x200.jpg 300w, https:\/\/www.hiddenknifebelt.com\/es\/wp-content\/uploads\/sites\/4\/2023\/12\/new_IMG_1465-1024x681.jpg 1024w, https:\/\/www.hiddenknifebelt.com\/es\/wp-content\/uploads\/sites\/4\/2023\/12\/new_IMG_1465-768x511.jpg 768w, https:\/\/www.hiddenknifebelt.com\/es\/wp-content\/uploads\/sites\/4\/2023\/12\/new_IMG_1465-1320x878.jpg 1320w, https:\/\/www.hiddenknifebelt.com\/es\/wp-content\/uploads\/sites\/4\/2023\/12\/new_IMG_1465-600x399.jpg 600w\" sizes=\"(max-width: 1401px) 100vw, 1401px\" \/> <img decoding=\"async\" class=\"aligncenter size-full wp-image-1389\" src=\"https:\/\/www.hiddenknifebelt.com\/es\/wp-content\/uploads\/sites\/4\/2023\/12\/new_IMG_1466.jpg\" alt=\"\" width=\"1398\" height=\"928\" srcset=\"https:\/\/www.hiddenknifebelt.com\/es\/wp-content\/uploads\/sites\/4\/2023\/12\/new_IMG_1466.jpg 1398w, https:\/\/www.hiddenknifebelt.com\/es\/wp-content\/uploads\/sites\/4\/2023\/12\/new_IMG_1466-300x199.jpg 300w, https:\/\/www.hiddenknifebelt.com\/es\/wp-content\/uploads\/sites\/4\/2023\/12\/new_IMG_1466-1024x680.jpg 1024w, https:\/\/www.hiddenknifebelt.com\/es\/wp-content\/uploads\/sites\/4\/2023\/12\/new_IMG_1466-768x510.jpg 768w, https:\/\/www.hiddenknifebelt.com\/es\/wp-content\/uploads\/sites\/4\/2023\/12\/new_IMG_1466-1320x876.jpg 1320w, https:\/\/www.hiddenknifebelt.com\/es\/wp-content\/uploads\/sites\/4\/2023\/12\/new_IMG_1466-600x398.jpg 600w\" sizes=\"(max-width: 1398px) 100vw, 1398px\" \/> <img loading=\"lazy\" decoding=\"async\" class=\"aligncenter size-full wp-image-1390\" src=\"https:\/\/www.hiddenknifebelt.com\/es\/wp-content\/uploads\/sites\/4\/2023\/12\/new_IMG_1467.jpg\" alt=\"\" width=\"1405\" height=\"930\" srcset=\"https:\/\/www.hiddenknifebelt.com\/es\/wp-content\/uploads\/sites\/4\/2023\/12\/new_IMG_1467.jpg 1405w, https:\/\/www.hiddenknifebelt.com\/es\/wp-content\/uploads\/sites\/4\/2023\/12\/new_IMG_1467-300x199.jpg 300w, https:\/\/www.hiddenknifebelt.com\/es\/wp-content\/uploads\/sites\/4\/2023\/12\/new_IMG_1467-1024x678.jpg 1024w, https:\/\/www.hiddenknifebelt.com\/es\/wp-content\/uploads\/sites\/4\/2023\/12\/new_IMG_1467-768x508.jpg 768w, https:\/\/www.hiddenknifebelt.com\/es\/wp-content\/uploads\/sites\/4\/2023\/12\/new_IMG_1467-1320x874.jpg 1320w, https:\/\/www.hiddenknifebelt.com\/es\/wp-content\/uploads\/sites\/4\/2023\/12\/new_IMG_1467-600x397.jpg 600w\" sizes=\"(max-width: 1405px) 100vw, 1405px\" \/> <img loading=\"lazy\" decoding=\"async\" class=\"aligncenter size-full wp-image-1391\" src=\"https:\/\/www.hiddenknifebelt.com\/es\/wp-content\/uploads\/sites\/4\/2023\/12\/new_IMG_1468.jpg\" alt=\"\" width=\"1402\" height=\"934\" srcset=\"https:\/\/www.hiddenknifebelt.com\/es\/wp-content\/uploads\/sites\/4\/2023\/12\/new_IMG_1468.jpg 1402w, https:\/\/www.hiddenknifebelt.com\/es\/wp-content\/uploads\/sites\/4\/2023\/12\/new_IMG_1468-300x200.jpg 300w, https:\/\/www.hiddenknifebelt.com\/es\/wp-content\/uploads\/sites\/4\/2023\/12\/new_IMG_1468-1024x682.jpg 1024w, https:\/\/www.hiddenknifebelt.com\/es\/wp-content\/uploads\/sites\/4\/2023\/12\/new_IMG_1468-768x512.jpg 768w, https:\/\/www.hiddenknifebelt.com\/es\/wp-content\/uploads\/sites\/4\/2023\/12\/new_IMG_1468-1320x879.jpg 1320w, https:\/\/www.hiddenknifebelt.com\/es\/wp-content\/uploads\/sites\/4\/2023\/12\/new_IMG_1468-600x400.jpg 600w\" sizes=\"(max-width: 1402px) 100vw, 1402px\" \/> <img loading=\"lazy\" decoding=\"async\" class=\"aligncenter size-full wp-image-1392\" src=\"https:\/\/www.hiddenknifebelt.com\/es\/wp-content\/uploads\/sites\/4\/2023\/12\/new_IMG_1469.jpg\" alt=\"\" width=\"1403\" height=\"933\" srcset=\"https:\/\/www.hiddenknifebelt.com\/es\/wp-content\/uploads\/sites\/4\/2023\/12\/new_IMG_1469.jpg 1403w, https:\/\/www.hiddenknifebelt.com\/es\/wp-content\/uploads\/sites\/4\/2023\/12\/new_IMG_1469-300x200.jpg 300w, https:\/\/www.hiddenknifebelt.com\/es\/wp-content\/uploads\/sites\/4\/2023\/12\/new_IMG_1469-1024x681.jpg 1024w, https:\/\/www.hiddenknifebelt.com\/es\/wp-content\/uploads\/sites\/4\/2023\/12\/new_IMG_1469-768x511.jpg 768w, https:\/\/www.hiddenknifebelt.com\/es\/wp-content\/uploads\/sites\/4\/2023\/12\/new_IMG_1469-1320x878.jpg 1320w, https:\/\/www.hiddenknifebelt.com\/es\/wp-content\/uploads\/sites\/4\/2023\/12\/new_IMG_1469-600x399.jpg 600w\" sizes=\"(max-width: 1403px) 100vw, 1403px\" \/> <img loading=\"lazy\" decoding=\"async\" class=\"aligncenter size-full wp-image-1393\" src=\"https:\/\/www.hiddenknifebelt.com\/es\/wp-content\/uploads\/sites\/4\/2023\/12\/new_IMG_1470.jpg\" alt=\"\" width=\"1401\" height=\"928\" srcset=\"https:\/\/www.hiddenknifebelt.com\/es\/wp-content\/uploads\/sites\/4\/2023\/12\/new_IMG_1470.jpg 1401w, https:\/\/www.hiddenknifebelt.com\/es\/wp-content\/uploads\/sites\/4\/2023\/12\/new_IMG_1470-300x199.jpg 300w, https:\/\/www.hiddenknifebelt.com\/es\/wp-content\/uploads\/sites\/4\/2023\/12\/new_IMG_1470-1024x678.jpg 1024w, https:\/\/www.hiddenknifebelt.com\/es\/wp-content\/uploads\/sites\/4\/2023\/12\/new_IMG_1470-768x509.jpg 768w, https:\/\/www.hiddenknifebelt.com\/es\/wp-content\/uploads\/sites\/4\/2023\/12\/new_IMG_1470-1320x874.jpg 1320w, https:\/\/www.hiddenknifebelt.com\/es\/wp-content\/uploads\/sites\/4\/2023\/12\/new_IMG_1470-600x397.jpg 600w\" sizes=\"(max-width: 1401px) 100vw, 1401px\" \/> <img loading=\"lazy\" decoding=\"async\" class=\"aligncenter size-full wp-image-1394\" src=\"https:\/\/www.hiddenknifebelt.com\/es\/wp-content\/uploads\/sites\/4\/2023\/12\/new_IMG_1471.jpg\" alt=\"\" width=\"1404\" height=\"929\" srcset=\"https:\/\/www.hiddenknifebelt.com\/es\/wp-content\/uploads\/sites\/4\/2023\/12\/new_IMG_1471.jpg 1404w, https:\/\/www.hiddenknifebelt.com\/es\/wp-content\/uploads\/sites\/4\/2023\/12\/new_IMG_1471-300x199.jpg 300w, https:\/\/www.hiddenknifebelt.com\/es\/wp-content\/uploads\/sites\/4\/2023\/12\/new_IMG_1471-1024x678.jpg 1024w, https:\/\/www.hiddenknifebelt.com\/es\/wp-content\/uploads\/sites\/4\/2023\/12\/new_IMG_1471-768x508.jpg 768w, https:\/\/www.hiddenknifebelt.com\/es\/wp-content\/uploads\/sites\/4\/2023\/12\/new_IMG_1471-1320x873.jpg 1320w, https:\/\/www.hiddenknifebelt.com\/es\/wp-content\/uploads\/sites\/4\/2023\/12\/new_IMG_1471-600x397.jpg 600w\" sizes=\"(max-width: 1404px) 100vw, 1404px\" \/><\/p>\n","protected":false},"excerpt":{"rendered":"<p>Este es un cintur\u00f3n de hebilla de cuchillo de relieve de metal de patr\u00f3n de cabeza de lobo, adecuado para personas que les gusta la aventura y la libertad. No s\u00f3lo es adecuado para escenarios de uso al aire libre y multifuncionales, sino tambi\u00e9n una forma de mostrar personalidad y estilo. Ya sea que seas &hellip;<\/p>\n<p class=\"read-more\"> <a class=\"\" href=\"https:\/\/www.hiddenknifebelt.com\/es\/product\/hebilla-de-cinturon-de-cuchillo-oculto-de-patron-de-cabeza-de-lobo-de-estilo-rock-al-aire-libre\/\"> <span class=\"screen-reader-text\">Hebilla de cintur\u00f3n de cuchillo oculto de patr\u00f3n de cabeza de lobo de estilo rock al aire libre<\/span> Read More &raquo;<\/a><\/p>\n","protected":false},"featured_media":1388,"comment_status":"open","ping_status":"closed","template":"","meta":{"site-sidebar-layout":"default","site-content-layout":"","ast-site-content-layout":"normal-width-container","site-content-style":"boxed","site-sidebar-style":"unboxed","ast-global-header-display":"","ast-banner-title-visibility":"","ast-main-header-display":"","ast-hfb-above-header-display":"","ast-hfb-below-header-display":"","ast-hfb-mobile-header-display":"","site-post-title":"","ast-breadcrumbs-content":"","ast-featured-img":"","footer-sml-layout":"","theme-transparent-header-meta":"default","adv-header-id-meta":"","stick-header-meta":"","header-above-stick-meta":"","header-main-stick-meta":"","header-below-stick-meta":"","astra-migrate-meta-layouts":"set","ast-page-background-enabled":"default","ast-page-background-meta":{"desktop":{"background-color":"var(--ast-global-color-4)","background-image":"","background-repeat":"repeat","background-position":"center center","background-size":"auto","background-attachment":"scroll","background-type":"","background-media":"","overlay-type":"","overlay-color":"","overlay-gradient":""},"tablet":{"background-color":"","background-image":"","background-repeat":"repeat","background-position":"center center","background-size":"auto","background-attachment":"scroll","background-type":"","background-media":"","overlay-type":"","overlay-color":"","overlay-gradient":""},"mobile":{"background-color":"","background-image":"","background-repeat":"repeat","background-position":"center center","background-size":"auto","background-attachment":"scroll","background-type":"","background-media":"","overlay-type":"","overlay-color":"","overlay-gradient":""}},"ast-content-background-meta":{"desktop":{"background-color":"var(--ast-global-color-5)","background-image":"","background-repeat":"repeat","background-position":"center center","background-size":"auto","background-attachment":"scroll","background-type":"","background-media":"","overlay-type":"","overlay-color":"","overlay-gradient":""},"tablet":{"background-color":"var(--ast-global-color-5)","background-image":"","background-repeat":"repeat","background-position":"center center","background-size":"auto","background-attachment":"scroll","background-type":"","background-media":"","overlay-type":"","overlay-color":"","overlay-gradient":""},"mobile":{"background-color":"var(--ast-global-color-5)","background-image":"","background-repeat":"repeat","background-position":"center center","background-size":"auto","background-attachment":"scroll","background-type":"","background-media":"","overlay-type":"","overlay-color":"","overlay-gradient":""}}},"product_cat":[21,140],"product_tag":[],"_links":{"self":[{"href":"https:\/\/www.hiddenknifebelt.com\/es\/wp-json\/wp\/v2\/product\/1386"}],"collection":[{"href":"https:\/\/www.hiddenknifebelt.com\/es\/wp-json\/wp\/v2\/product"}],"about":[{"href":"https:\/\/www.hiddenknifebelt.com\/es\/wp-json\/wp\/v2\/types\/product"}],"replies":[{"embeddable":true,"href":"https:\/\/www.hiddenknifebelt.com\/es\/wp-json\/wp\/v2\/comments?post=1386"}],"version-history":[{"count":1,"href":"https:\/\/www.hiddenknifebelt.com\/es\/wp-json\/wp\/v2\/product\/1386\/revisions"}],"predecessor-version":[{"id":1395,"href":"https:\/\/www.hiddenknifebelt.com\/es\/wp-json\/wp\/v2\/product\/1386\/revisions\/1395"}],"wp:featuredmedia":[{"embeddable":true,"href":"https:\/\/www.hiddenknifebelt.com\/es\/wp-json\/wp\/v2\/media\/1388"}],"wp:attachment":[{"href":"https:\/\/www.hiddenknifebelt.com\/es\/wp-json\/wp\/v2\/media?parent=1386"}],"wp:term":[{"taxonomy":"product_cat","embeddable":true,"href":"https:\/\/www.hiddenknifebelt.com\/es\/wp-json\/wp\/v2\/product_cat?post=1386"},{"taxonomy":"product_tag","embeddable":true,"href":"https:\/\/www.hiddenknifebelt.com\/es\/wp-json\/wp\/v2\/product_tag?post=1386"}],"curies":[{"name":"wp","href":"https:\/\/api.w.org\/{rel}","templated":true}]}}