{"id":1396,"date":"2023-12-29T08:34:21","date_gmt":"2023-12-29T08:34:21","guid":{"rendered":"https:\/\/www.hiddenknifebelt.com\/es\/?post_type=product&#038;p=1396"},"modified":"2023-12-29T08:34:21","modified_gmt":"2023-12-29T08:34:21","slug":"hebilla-de-cinturon-de-cuchillo-de-cabeza-de-toro-de-estilo-punk-motocicleta","status":"publish","type":"product","link":"https:\/\/www.hiddenknifebelt.com\/es\/product\/hebilla-de-cinturon-de-cuchillo-de-cabeza-de-toro-de-estilo-punk-motocicleta\/","title":{"rendered":"Hebilla de cintur\u00f3n de cuchillo de cabeza de toro de estilo punk motocicleta"},"content":{"rendered":"<p>\u00bfQuieres mostrar tu personalidad y estilo? \u00bfEst\u00e1s cansado de las hebillas de cintur\u00f3n ordinarias y quieres encontrar algunos accesorios m\u00e1s distintivos? Entonces, no puedes perderte esta hebilla de cintur\u00f3n de cuchillo de cabeza de toro, es la mejor combinaci\u00f3n para el estilo punk motocicleta.<\/p>\n<p>La inspiraci\u00f3n del dise\u00f1o de esta hebilla de cintur\u00f3n viene del cuchillo de cabeza de toro salvaje del oeste.<\/p>\n<p>Incorporamos los elementos de este cuchillo en el dise\u00f1o de la hebilla de cintur\u00f3n, creando un producto \u00fanico, los detalles de la cabeza de toro tambi\u00e9n son muy exquisitos, dando un fuerte impacto visual.<\/p>\n<p><img fetchpriority=\"high\" decoding=\"async\" class=\"aligncenter size-full wp-image-1397\" src=\"https:\/\/www.hiddenknifebelt.com\/es\/wp-content\/uploads\/sites\/4\/2023\/12\/new_IMG_1476.jpg\" alt=\"Hebilla de cintur\u00f3n de cuchillo de cabeza de toro de estilo punk motocicleta\" width=\"1405\" height=\"932\" srcset=\"https:\/\/www.hiddenknifebelt.com\/es\/wp-content\/uploads\/sites\/4\/2023\/12\/new_IMG_1476.jpg 1405w, https:\/\/www.hiddenknifebelt.com\/es\/wp-content\/uploads\/sites\/4\/2023\/12\/new_IMG_1476-300x199.jpg 300w, https:\/\/www.hiddenknifebelt.com\/es\/wp-content\/uploads\/sites\/4\/2023\/12\/new_IMG_1476-1024x679.jpg 1024w, https:\/\/www.hiddenknifebelt.com\/es\/wp-content\/uploads\/sites\/4\/2023\/12\/new_IMG_1476-768x509.jpg 768w, https:\/\/www.hiddenknifebelt.com\/es\/wp-content\/uploads\/sites\/4\/2023\/12\/new_IMG_1476-1320x876.jpg 1320w, https:\/\/www.hiddenknifebelt.com\/es\/wp-content\/uploads\/sites\/4\/2023\/12\/new_IMG_1476-600x398.jpg 600w\" sizes=\"(max-width: 1405px) 100vw, 1405px\" \/> <img decoding=\"async\" class=\"aligncenter size-full wp-image-1398\" src=\"https:\/\/www.hiddenknifebelt.com\/es\/wp-content\/uploads\/sites\/4\/2023\/12\/new_IMG_1477.jpg\" alt=\"\" width=\"1403\" height=\"934\" srcset=\"https:\/\/www.hiddenknifebelt.com\/es\/wp-content\/uploads\/sites\/4\/2023\/12\/new_IMG_1477.jpg 1403w, https:\/\/www.hiddenknifebelt.com\/es\/wp-content\/uploads\/sites\/4\/2023\/12\/new_IMG_1477-300x200.jpg 300w, https:\/\/www.hiddenknifebelt.com\/es\/wp-content\/uploads\/sites\/4\/2023\/12\/new_IMG_1477-1024x682.jpg 1024w, https:\/\/www.hiddenknifebelt.com\/es\/wp-content\/uploads\/sites\/4\/2023\/12\/new_IMG_1477-768x511.jpg 768w, https:\/\/www.hiddenknifebelt.com\/es\/wp-content\/uploads\/sites\/4\/2023\/12\/new_IMG_1477-1320x879.jpg 1320w, https:\/\/www.hiddenknifebelt.com\/es\/wp-content\/uploads\/sites\/4\/2023\/12\/new_IMG_1477-600x399.jpg 600w\" sizes=\"(max-width: 1403px) 100vw, 1403px\" \/> <img decoding=\"async\" class=\"aligncenter size-full wp-image-1399\" src=\"https:\/\/www.hiddenknifebelt.com\/es\/wp-content\/uploads\/sites\/4\/2023\/12\/new_IMG_1478.jpg\" alt=\"\" width=\"1399\" height=\"931\" srcset=\"https:\/\/www.hiddenknifebelt.com\/es\/wp-content\/uploads\/sites\/4\/2023\/12\/new_IMG_1478.jpg 1399w, https:\/\/www.hiddenknifebelt.com\/es\/wp-content\/uploads\/sites\/4\/2023\/12\/new_IMG_1478-300x200.jpg 300w, https:\/\/www.hiddenknifebelt.com\/es\/wp-content\/uploads\/sites\/4\/2023\/12\/new_IMG_1478-1024x681.jpg 1024w, https:\/\/www.hiddenknifebelt.com\/es\/wp-content\/uploads\/sites\/4\/2023\/12\/new_IMG_1478-768x511.jpg 768w, https:\/\/www.hiddenknifebelt.com\/es\/wp-content\/uploads\/sites\/4\/2023\/12\/new_IMG_1478-1320x878.jpg 1320w, https:\/\/www.hiddenknifebelt.com\/es\/wp-content\/uploads\/sites\/4\/2023\/12\/new_IMG_1478-600x399.jpg 600w\" sizes=\"(max-width: 1399px) 100vw, 1399px\" \/> <img loading=\"lazy\" decoding=\"async\" class=\"aligncenter size-full wp-image-1400\" src=\"https:\/\/www.hiddenknifebelt.com\/es\/wp-content\/uploads\/sites\/4\/2023\/12\/new_IMG_1480.jpg\" alt=\"\" width=\"1403\" height=\"932\" srcset=\"https:\/\/www.hiddenknifebelt.com\/es\/wp-content\/uploads\/sites\/4\/2023\/12\/new_IMG_1480.jpg 1403w, https:\/\/www.hiddenknifebelt.com\/es\/wp-content\/uploads\/sites\/4\/2023\/12\/new_IMG_1480-300x199.jpg 300w, https:\/\/www.hiddenknifebelt.com\/es\/wp-content\/uploads\/sites\/4\/2023\/12\/new_IMG_1480-1024x680.jpg 1024w, https:\/\/www.hiddenknifebelt.com\/es\/wp-content\/uploads\/sites\/4\/2023\/12\/new_IMG_1480-768x510.jpg 768w, https:\/\/www.hiddenknifebelt.com\/es\/wp-content\/uploads\/sites\/4\/2023\/12\/new_IMG_1480-1320x877.jpg 1320w, https:\/\/www.hiddenknifebelt.com\/es\/wp-content\/uploads\/sites\/4\/2023\/12\/new_IMG_1480-600x399.jpg 600w\" sizes=\"(max-width: 1403px) 100vw, 1403px\" \/> <img loading=\"lazy\" decoding=\"async\" class=\"aligncenter size-full wp-image-1401\" src=\"https:\/\/www.hiddenknifebelt.com\/es\/wp-content\/uploads\/sites\/4\/2023\/12\/new_IMG_1481.jpg\" alt=\"\" width=\"1408\" height=\"929\" srcset=\"https:\/\/www.hiddenknifebelt.com\/es\/wp-content\/uploads\/sites\/4\/2023\/12\/new_IMG_1481.jpg 1408w, https:\/\/www.hiddenknifebelt.com\/es\/wp-content\/uploads\/sites\/4\/2023\/12\/new_IMG_1481-300x198.jpg 300w, https:\/\/www.hiddenknifebelt.com\/es\/wp-content\/uploads\/sites\/4\/2023\/12\/new_IMG_1481-1024x676.jpg 1024w, https:\/\/www.hiddenknifebelt.com\/es\/wp-content\/uploads\/sites\/4\/2023\/12\/new_IMG_1481-768x507.jpg 768w, https:\/\/www.hiddenknifebelt.com\/es\/wp-content\/uploads\/sites\/4\/2023\/12\/new_IMG_1481-1320x871.jpg 1320w, https:\/\/www.hiddenknifebelt.com\/es\/wp-content\/uploads\/sites\/4\/2023\/12\/new_IMG_1481-600x396.jpg 600w\" sizes=\"(max-width: 1408px) 100vw, 1408px\" \/> <img loading=\"lazy\" decoding=\"async\" class=\"aligncenter size-full wp-image-1402\" src=\"https:\/\/www.hiddenknifebelt.com\/es\/wp-content\/uploads\/sites\/4\/2023\/12\/new_IMG_1472.jpg\" alt=\"Hebilla de cintur\u00f3n de cuchillo de cabeza de toro de estilo punk motocicleta\" width=\"1403\" height=\"930\" srcset=\"https:\/\/www.hiddenknifebelt.com\/es\/wp-content\/uploads\/sites\/4\/2023\/12\/new_IMG_1472.jpg 1403w, https:\/\/www.hiddenknifebelt.com\/es\/wp-content\/uploads\/sites\/4\/2023\/12\/new_IMG_1472-300x199.jpg 300w, https:\/\/www.hiddenknifebelt.com\/es\/wp-content\/uploads\/sites\/4\/2023\/12\/new_IMG_1472-1024x679.jpg 1024w, https:\/\/www.hiddenknifebelt.com\/es\/wp-content\/uploads\/sites\/4\/2023\/12\/new_IMG_1472-768x509.jpg 768w, https:\/\/www.hiddenknifebelt.com\/es\/wp-content\/uploads\/sites\/4\/2023\/12\/new_IMG_1472-1320x875.jpg 1320w, https:\/\/www.hiddenknifebelt.com\/es\/wp-content\/uploads\/sites\/4\/2023\/12\/new_IMG_1472-600x398.jpg 600w\" sizes=\"(max-width: 1403px) 100vw, 1403px\" \/> <img loading=\"lazy\" decoding=\"async\" class=\"aligncenter size-full wp-image-1403\" src=\"https:\/\/www.hiddenknifebelt.com\/es\/wp-content\/uploads\/sites\/4\/2023\/12\/new_IMG_1473.jpg\" alt=\"\" width=\"1400\" height=\"932\" srcset=\"https:\/\/www.hiddenknifebelt.com\/es\/wp-content\/uploads\/sites\/4\/2023\/12\/new_IMG_1473.jpg 1400w, https:\/\/www.hiddenknifebelt.com\/es\/wp-content\/uploads\/sites\/4\/2023\/12\/new_IMG_1473-300x200.jpg 300w, https:\/\/www.hiddenknifebelt.com\/es\/wp-content\/uploads\/sites\/4\/2023\/12\/new_IMG_1473-1024x682.jpg 1024w, https:\/\/www.hiddenknifebelt.com\/es\/wp-content\/uploads\/sites\/4\/2023\/12\/new_IMG_1473-768x511.jpg 768w, https:\/\/www.hiddenknifebelt.com\/es\/wp-content\/uploads\/sites\/4\/2023\/12\/new_IMG_1473-1320x879.jpg 1320w, https:\/\/www.hiddenknifebelt.com\/es\/wp-content\/uploads\/sites\/4\/2023\/12\/new_IMG_1473-600x399.jpg 600w\" sizes=\"(max-width: 1400px) 100vw, 1400px\" \/> <img loading=\"lazy\" decoding=\"async\" class=\"aligncenter size-full wp-image-1404\" src=\"https:\/\/www.hiddenknifebelt.com\/es\/wp-content\/uploads\/sites\/4\/2023\/12\/new_IMG_1474.jpg\" alt=\"\" width=\"1406\" height=\"933\" srcset=\"https:\/\/www.hiddenknifebelt.com\/es\/wp-content\/uploads\/sites\/4\/2023\/12\/new_IMG_1474.jpg 1406w, https:\/\/www.hiddenknifebelt.com\/es\/wp-content\/uploads\/sites\/4\/2023\/12\/new_IMG_1474-300x199.jpg 300w, https:\/\/www.hiddenknifebelt.com\/es\/wp-content\/uploads\/sites\/4\/2023\/12\/new_IMG_1474-1024x680.jpg 1024w, https:\/\/www.hiddenknifebelt.com\/es\/wp-content\/uploads\/sites\/4\/2023\/12\/new_IMG_1474-768x510.jpg 768w, https:\/\/www.hiddenknifebelt.com\/es\/wp-content\/uploads\/sites\/4\/2023\/12\/new_IMG_1474-1320x876.jpg 1320w, https:\/\/www.hiddenknifebelt.com\/es\/wp-content\/uploads\/sites\/4\/2023\/12\/new_IMG_1474-600x398.jpg 600w\" sizes=\"(max-width: 1406px) 100vw, 1406px\" \/> <img loading=\"lazy\" decoding=\"async\" class=\"aligncenter size-full wp-image-1405\" src=\"https:\/\/www.hiddenknifebelt.com\/es\/wp-content\/uploads\/sites\/4\/2023\/12\/new_IMG_1475.jpg\" alt=\"\" width=\"1402\" height=\"932\" srcset=\"https:\/\/www.hiddenknifebelt.com\/es\/wp-content\/uploads\/sites\/4\/2023\/12\/new_IMG_1475.jpg 1402w, https:\/\/www.hiddenknifebelt.com\/es\/wp-content\/uploads\/sites\/4\/2023\/12\/new_IMG_1475-300x199.jpg 300w, https:\/\/www.hiddenknifebelt.com\/es\/wp-content\/uploads\/sites\/4\/2023\/12\/new_IMG_1475-1024x681.jpg 1024w, https:\/\/www.hiddenknifebelt.com\/es\/wp-content\/uploads\/sites\/4\/2023\/12\/new_IMG_1475-768x511.jpg 768w, https:\/\/www.hiddenknifebelt.com\/es\/wp-content\/uploads\/sites\/4\/2023\/12\/new_IMG_1475-1320x877.jpg 1320w, https:\/\/www.hiddenknifebelt.com\/es\/wp-content\/uploads\/sites\/4\/2023\/12\/new_IMG_1475-600x399.jpg 600w\" sizes=\"(max-width: 1402px) 100vw, 1402px\" \/><\/p>\n","protected":false},"excerpt":{"rendered":"<p>\u00bfQuieres mostrar tu personalidad y estilo? \u00bfEst\u00e1s cansado de las hebillas de cintur\u00f3n ordinarias y quieres encontrar algunos accesorios m\u00e1s distintivos? Entonces, no puedes perderte esta hebilla de cintur\u00f3n de cuchillo de cabeza de toro, es la mejor combinaci\u00f3n para el estilo punk motocicleta. La inspiraci\u00f3n del dise\u00f1o de esta hebilla de cintur\u00f3n viene del &hellip;<\/p>\n<p class=\"read-more\"> <a class=\"\" href=\"https:\/\/www.hiddenknifebelt.com\/es\/product\/hebilla-de-cinturon-de-cuchillo-de-cabeza-de-toro-de-estilo-punk-motocicleta\/\"> <span class=\"screen-reader-text\">Hebilla de cintur\u00f3n de cuchillo de cabeza de toro de estilo punk motocicleta<\/span> Read More &raquo;<\/a><\/p>\n","protected":false},"featured_media":1402,"comment_status":"open","ping_status":"closed","template":"","meta":{"site-sidebar-layout":"default","site-content-layout":"","ast-site-content-layout":"normal-width-container","site-content-style":"boxed","site-sidebar-style":"unboxed","ast-global-header-display":"","ast-banner-title-visibility":"","ast-main-header-display":"","ast-hfb-above-header-display":"","ast-hfb-below-header-display":"","ast-hfb-mobile-header-display":"","site-post-title":"","ast-breadcrumbs-content":"","ast-featured-img":"","footer-sml-layout":"","theme-transparent-header-meta":"default","adv-header-id-meta":"","stick-header-meta":"","header-above-stick-meta":"","header-main-stick-meta":"","header-below-stick-meta":"","astra-migrate-meta-layouts":"set","ast-page-background-enabled":"default","ast-page-background-meta":{"desktop":{"background-color":"var(--ast-global-color-4)","background-image":"","background-repeat":"repeat","background-position":"center center","background-size":"auto","background-attachment":"scroll","background-type":"","background-media":"","overlay-type":"","overlay-color":"","overlay-gradient":""},"tablet":{"background-color":"","background-image":"","background-repeat":"repeat","background-position":"center center","background-size":"auto","background-attachment":"scroll","background-type":"","background-media":"","overlay-type":"","overlay-color":"","overlay-gradient":""},"mobile":{"background-color":"","background-image":"","background-repeat":"repeat","background-position":"center center","background-size":"auto","background-attachment":"scroll","background-type":"","background-media":"","overlay-type":"","overlay-color":"","overlay-gradient":""}},"ast-content-background-meta":{"desktop":{"background-color":"var(--ast-global-color-5)","background-image":"","background-repeat":"repeat","background-position":"center center","background-size":"auto","background-attachment":"scroll","background-type":"","background-media":"","overlay-type":"","overlay-color":"","overlay-gradient":""},"tablet":{"background-color":"var(--ast-global-color-5)","background-image":"","background-repeat":"repeat","background-position":"center center","background-size":"auto","background-attachment":"scroll","background-type":"","background-media":"","overlay-type":"","overlay-color":"","overlay-gradient":""},"mobile":{"background-color":"var(--ast-global-color-5)","background-image":"","background-repeat":"repeat","background-position":"center center","background-size":"auto","background-attachment":"scroll","background-type":"","background-media":"","overlay-type":"","overlay-color":"","overlay-gradient":""}}},"product_cat":[140],"product_tag":[145],"_links":{"self":[{"href":"https:\/\/www.hiddenknifebelt.com\/es\/wp-json\/wp\/v2\/product\/1396"}],"collection":[{"href":"https:\/\/www.hiddenknifebelt.com\/es\/wp-json\/wp\/v2\/product"}],"about":[{"href":"https:\/\/www.hiddenknifebelt.com\/es\/wp-json\/wp\/v2\/types\/product"}],"replies":[{"embeddable":true,"href":"https:\/\/www.hiddenknifebelt.com\/es\/wp-json\/wp\/v2\/comments?post=1396"}],"version-history":[{"count":2,"href":"https:\/\/www.hiddenknifebelt.com\/es\/wp-json\/wp\/v2\/product\/1396\/revisions"}],"predecessor-version":[{"id":1407,"href":"https:\/\/www.hiddenknifebelt.com\/es\/wp-json\/wp\/v2\/product\/1396\/revisions\/1407"}],"wp:featuredmedia":[{"embeddable":true,"href":"https:\/\/www.hiddenknifebelt.com\/es\/wp-json\/wp\/v2\/media\/1402"}],"wp:attachment":[{"href":"https:\/\/www.hiddenknifebelt.com\/es\/wp-json\/wp\/v2\/media?parent=1396"}],"wp:term":[{"taxonomy":"product_cat","embeddable":true,"href":"https:\/\/www.hiddenknifebelt.com\/es\/wp-json\/wp\/v2\/product_cat?post=1396"},{"taxonomy":"product_tag","embeddable":true,"href":"https:\/\/www.hiddenknifebelt.com\/es\/wp-json\/wp\/v2\/product_tag?post=1396"}],"curies":[{"name":"wp","href":"https:\/\/api.w.org\/{rel}","templated":true}]}}