{"id":1466,"date":"2024-02-20T14:28:36","date_gmt":"2024-02-20T14:28:36","guid":{"rendered":"https:\/\/www.hiddenknifebelt.com\/es\/?post_type=product&#038;p=1466"},"modified":"2024-02-20T14:28:36","modified_gmt":"2024-02-20T14:28:36","slug":"hebilla-de-cinturon-de-calavera-de-esqueleto-fantasma-vaquero-occidental-con-cuchillo","status":"publish","type":"product","link":"https:\/\/www.hiddenknifebelt.com\/es\/product\/hebilla-de-cinturon-de-calavera-de-esqueleto-fantasma-vaquero-occidental-con-cuchillo\/","title":{"rendered":"Hebilla de cintur\u00f3n de calavera de esqueleto fantasma vaquero occidental con cuchillo"},"content":{"rendered":"<p>Hebilla de cintur\u00f3n de calavera de esqueleto fantasma vaquero occidental con cuchillo es una hebilla de cintur\u00f3n de calavera con una hoja, adecuada para personas a las que les gusta el punk rock y el estilo vaquero occidental. Esta hebilla de cintur\u00f3n est\u00e1 hecha de aleaci\u00f3n, con un revestimiento retro plateado y negro, que se puede utilizar para defensa personal o decoraci\u00f3n. El tama\u00f1o de esta hebilla de cintur\u00f3n es de 7,6 cm x 6 cm, y el peso es de 130 g. Nuestra inspiraci\u00f3n proviene de los s\u00edmbolos occidentales de la parca y la calavera pirata, que implican coraje y aventura. Esta hebilla de cintur\u00f3n es un accesorio de moda \u00fanico.<\/p>\n<p><img fetchpriority=\"high\" decoding=\"async\" class=\"aligncenter size-full wp-image-1467\" src=\"https:\/\/www.hiddenknifebelt.com\/es\/wp-content\/uploads\/sites\/4\/2024\/02\/Ghost-Skeleton-Skull-Belt-Buckle-Western-Cowboy-Knife-Belt-Buckle.jpg\" alt=\"Hebilla de cintur\u00f3n de calavera de esqueleto fantasma vaquero occidental con cuchillo\" width=\"800\" height=\"800\" srcset=\"https:\/\/www.hiddenknifebelt.com\/es\/wp-content\/uploads\/sites\/4\/2024\/02\/Ghost-Skeleton-Skull-Belt-Buckle-Western-Cowboy-Knife-Belt-Buckle.jpg 800w, https:\/\/www.hiddenknifebelt.com\/es\/wp-content\/uploads\/sites\/4\/2024\/02\/Ghost-Skeleton-Skull-Belt-Buckle-Western-Cowboy-Knife-Belt-Buckle-300x300.jpg 300w, https:\/\/www.hiddenknifebelt.com\/es\/wp-content\/uploads\/sites\/4\/2024\/02\/Ghost-Skeleton-Skull-Belt-Buckle-Western-Cowboy-Knife-Belt-Buckle-150x150.jpg 150w, https:\/\/www.hiddenknifebelt.com\/es\/wp-content\/uploads\/sites\/4\/2024\/02\/Ghost-Skeleton-Skull-Belt-Buckle-Western-Cowboy-Knife-Belt-Buckle-768x768.jpg 768w, https:\/\/www.hiddenknifebelt.com\/es\/wp-content\/uploads\/sites\/4\/2024\/02\/Ghost-Skeleton-Skull-Belt-Buckle-Western-Cowboy-Knife-Belt-Buckle-600x600.jpg 600w, https:\/\/www.hiddenknifebelt.com\/es\/wp-content\/uploads\/sites\/4\/2024\/02\/Ghost-Skeleton-Skull-Belt-Buckle-Western-Cowboy-Knife-Belt-Buckle-100x100.jpg 100w\" sizes=\"(max-width: 800px) 100vw, 800px\" \/><\/p>\n","protected":false},"excerpt":{"rendered":"<p>Hebilla de cintur\u00f3n de calavera de esqueleto fantasma vaquero occidental con cuchillo es una hebilla de cintur\u00f3n de calavera con una hoja, adecuada para personas a las que les gusta el punk rock y el estilo vaquero occidental. Esta hebilla de cintur\u00f3n est\u00e1 hecha de aleaci\u00f3n, con un revestimiento retro plateado y negro, que se &hellip;<\/p>\n<p class=\"read-more\"> <a class=\"\" href=\"https:\/\/www.hiddenknifebelt.com\/es\/product\/hebilla-de-cinturon-de-calavera-de-esqueleto-fantasma-vaquero-occidental-con-cuchillo\/\"> <span class=\"screen-reader-text\">Hebilla de cintur\u00f3n de calavera de esqueleto fantasma vaquero occidental con cuchillo<\/span> Read More &raquo;<\/a><\/p>\n","protected":false},"featured_media":1467,"comment_status":"open","ping_status":"closed","template":"","meta":{"site-sidebar-layout":"default","site-content-layout":"","ast-site-content-layout":"normal-width-container","site-content-style":"unboxed","site-sidebar-style":"boxed","ast-global-header-display":"","ast-banner-title-visibility":"","ast-main-header-display":"","ast-hfb-above-header-display":"","ast-hfb-below-header-display":"","ast-hfb-mobile-header-display":"","site-post-title":"","ast-breadcrumbs-content":"","ast-featured-img":"","footer-sml-layout":"","theme-transparent-header-meta":"default","adv-header-id-meta":"","stick-header-meta":"","header-above-stick-meta":"","header-main-stick-meta":"","header-below-stick-meta":"","astra-migrate-meta-layouts":"set","ast-page-background-enabled":"default","ast-page-background-meta":{"desktop":{"background-color":"var(--ast-global-color-4)","background-image":"","background-repeat":"repeat","background-position":"center center","background-size":"auto","background-attachment":"scroll","background-type":"","background-media":"","overlay-type":"","overlay-color":"","overlay-gradient":""},"tablet":{"background-color":"","background-image":"","background-repeat":"repeat","background-position":"center center","background-size":"auto","background-attachment":"scroll","background-type":"","background-media":"","overlay-type":"","overlay-color":"","overlay-gradient":""},"mobile":{"background-color":"","background-image":"","background-repeat":"repeat","background-position":"center center","background-size":"auto","background-attachment":"scroll","background-type":"","background-media":"","overlay-type":"","overlay-color":"","overlay-gradient":""}},"ast-content-background-meta":{"desktop":{"background-color":"var(--ast-global-color-5)","background-image":"","background-repeat":"repeat","background-position":"center center","background-size":"auto","background-attachment":"scroll","background-type":"","background-media":"","overlay-type":"","overlay-color":"","overlay-gradient":""},"tablet":{"background-color":"var(--ast-global-color-5)","background-image":"","background-repeat":"repeat","background-position":"center center","background-size":"auto","background-attachment":"scroll","background-type":"","background-media":"","overlay-type":"","overlay-color":"","overlay-gradient":""},"mobile":{"background-color":"var(--ast-global-color-5)","background-image":"","background-repeat":"repeat","background-position":"center center","background-size":"auto","background-attachment":"scroll","background-type":"","background-media":"","overlay-type":"","overlay-color":"","overlay-gradient":""}}},"product_cat":[140],"product_tag":[],"_links":{"self":[{"href":"https:\/\/www.hiddenknifebelt.com\/es\/wp-json\/wp\/v2\/product\/1466"}],"collection":[{"href":"https:\/\/www.hiddenknifebelt.com\/es\/wp-json\/wp\/v2\/product"}],"about":[{"href":"https:\/\/www.hiddenknifebelt.com\/es\/wp-json\/wp\/v2\/types\/product"}],"replies":[{"embeddable":true,"href":"https:\/\/www.hiddenknifebelt.com\/es\/wp-json\/wp\/v2\/comments?post=1466"}],"version-history":[{"count":1,"href":"https:\/\/www.hiddenknifebelt.com\/es\/wp-json\/wp\/v2\/product\/1466\/revisions"}],"predecessor-version":[{"id":1468,"href":"https:\/\/www.hiddenknifebelt.com\/es\/wp-json\/wp\/v2\/product\/1466\/revisions\/1468"}],"wp:featuredmedia":[{"embeddable":true,"href":"https:\/\/www.hiddenknifebelt.com\/es\/wp-json\/wp\/v2\/media\/1467"}],"wp:attachment":[{"href":"https:\/\/www.hiddenknifebelt.com\/es\/wp-json\/wp\/v2\/media?parent=1466"}],"wp:term":[{"taxonomy":"product_cat","embeddable":true,"href":"https:\/\/www.hiddenknifebelt.com\/es\/wp-json\/wp\/v2\/product_cat?post=1466"},{"taxonomy":"product_tag","embeddable":true,"href":"https:\/\/www.hiddenknifebelt.com\/es\/wp-json\/wp\/v2\/product_tag?post=1466"}],"curies":[{"name":"wp","href":"https:\/\/api.w.org\/{rel}","templated":true}]}}