{"id":1469,"date":"2024-02-20T14:54:50","date_gmt":"2024-02-20T14:54:50","guid":{"rendered":"https:\/\/www.hiddenknifebelt.com\/es\/?post_type=product&#038;p=1469"},"modified":"2024-04-02T00:57:31","modified_gmt":"2024-04-02T00:57:31","slug":"tupac-amaru-shakur-hebilla-de-cinturon-de-hoja-de-hierro-con-cruz","status":"publish","type":"product","link":"https:\/\/www.hiddenknifebelt.com\/es\/product\/tupac-amaru-shakur-hebilla-de-cinturon-de-hoja-de-hierro-con-cruz\/","title":{"rendered":"Tupac Amaru Shakur Hebilla de cintur\u00f3n de hoja de hierro con cruz"},"content":{"rendered":"<p>La hebilla del cintur\u00f3n tiene las palabras \u201c1971 TIL 1996\u201d y \u201c2PAC\u201d grabadas en ella, junto con un patr\u00f3n de cruz. Estos elementos son un homenaje al famoso rapero estadounidense Tupac Amaru Shakur. Tupac naci\u00f3 en 1971 y fue asesinado en 1996. Es una leyenda en la industria del rap, considerado como uno de los mejores raperos de todos los tiempos. La hebilla del cintur\u00f3n y el mango del cuchillo est\u00e1n adornados con tallados e incrustaciones exquisitos, presentando un estilo retro y hermoso. La cruz tambi\u00e9n est\u00e1 embellecida con joyas, a\u00f1adiendo una sensaci\u00f3n de lujo. La hebilla del cintur\u00f3n y el cuchillo son de color blanco y negro, haciendo eco del color negro del cintur\u00f3n, creando un fuerte contraste. Este esquema de colores tambi\u00e9n refleja el estilo musical de Tupac, que tiene aspectos tanto oscuros y tristes, como brillantes y esperanzadores. Esta hebilla del cintur\u00f3n es un accesorio muy personal y art\u00edstico, adecuado para personas que les gusta la m\u00fasica rap y Tupac.<\/p>\n<p><img fetchpriority=\"high\" decoding=\"async\" class=\"aligncenter size-full wp-image-1470\" src=\"https:\/\/www.hiddenknifebelt.com\/es\/wp-content\/uploads\/sites\/4\/2024\/02\/SKU-\u56fe\u7247-11.jpg\" alt=\"Tupac Amaru Shakur Hebilla de cintur\u00f3n de hoja de hierro con cruz\" width=\"800\" height=\"800\" srcset=\"https:\/\/www.hiddenknifebelt.com\/es\/wp-content\/uploads\/sites\/4\/2024\/02\/SKU-\u56fe\u7247-11.jpg 800w, https:\/\/www.hiddenknifebelt.com\/es\/wp-content\/uploads\/sites\/4\/2024\/02\/SKU-\u56fe\u7247-11-300x300.jpg 300w, https:\/\/www.hiddenknifebelt.com\/es\/wp-content\/uploads\/sites\/4\/2024\/02\/SKU-\u56fe\u7247-11-150x150.jpg 150w, https:\/\/www.hiddenknifebelt.com\/es\/wp-content\/uploads\/sites\/4\/2024\/02\/SKU-\u56fe\u7247-11-768x768.jpg 768w, https:\/\/www.hiddenknifebelt.com\/es\/wp-content\/uploads\/sites\/4\/2024\/02\/SKU-\u56fe\u7247-11-600x600.jpg 600w, https:\/\/www.hiddenknifebelt.com\/es\/wp-content\/uploads\/sites\/4\/2024\/02\/SKU-\u56fe\u7247-11-100x100.jpg 100w\" sizes=\"(max-width: 800px) 100vw, 800px\" \/><\/p>\n","protected":false},"excerpt":{"rendered":"<p>La hebilla del cintur\u00f3n tiene las palabras \u201c1971 TIL 1996\u201d y \u201c2PAC\u201d grabadas en ella, junto con un patr\u00f3n de cruz. Estos elementos son un homenaje al famoso rapero estadounidense Tupac Amaru Shakur. Tupac naci\u00f3 en 1971 y fue asesinado en 1996. Es una leyenda en la industria del rap, considerado como uno de los &hellip;<\/p>\n<p class=\"read-more\"> <a class=\"\" href=\"https:\/\/www.hiddenknifebelt.com\/es\/product\/tupac-amaru-shakur-hebilla-de-cinturon-de-hoja-de-hierro-con-cruz\/\"> <span class=\"screen-reader-text\">Tupac Amaru Shakur Hebilla de cintur\u00f3n de hoja de hierro con cruz<\/span> Read More &raquo;<\/a><\/p>\n","protected":false},"featured_media":1470,"comment_status":"open","ping_status":"closed","template":"","meta":{"site-sidebar-layout":"default","site-content-layout":"","ast-site-content-layout":"normal-width-container","site-content-style":"unboxed","site-sidebar-style":"boxed","ast-global-header-display":"","ast-banner-title-visibility":"","ast-main-header-display":"","ast-hfb-above-header-display":"","ast-hfb-below-header-display":"","ast-hfb-mobile-header-display":"","site-post-title":"","ast-breadcrumbs-content":"","ast-featured-img":"","footer-sml-layout":"","theme-transparent-header-meta":"default","adv-header-id-meta":"","stick-header-meta":"","header-above-stick-meta":"","header-main-stick-meta":"","header-below-stick-meta":"","astra-migrate-meta-layouts":"set","ast-page-background-enabled":"default","ast-page-background-meta":{"desktop":{"background-color":"var(--ast-global-color-4)","background-image":"","background-repeat":"repeat","background-position":"center center","background-size":"auto","background-attachment":"scroll","background-type":"","background-media":"","overlay-type":"","overlay-color":"","overlay-gradient":""},"tablet":{"background-color":"","background-image":"","background-repeat":"repeat","background-position":"center center","background-size":"auto","background-attachment":"scroll","background-type":"","background-media":"","overlay-type":"","overlay-color":"","overlay-gradient":""},"mobile":{"background-color":"","background-image":"","background-repeat":"repeat","background-position":"center center","background-size":"auto","background-attachment":"scroll","background-type":"","background-media":"","overlay-type":"","overlay-color":"","overlay-gradient":""}},"ast-content-background-meta":{"desktop":{"background-color":"var(--ast-global-color-5)","background-image":"","background-repeat":"repeat","background-position":"center center","background-size":"auto","background-attachment":"scroll","background-type":"","background-media":"","overlay-type":"","overlay-color":"","overlay-gradient":""},"tablet":{"background-color":"var(--ast-global-color-5)","background-image":"","background-repeat":"repeat","background-position":"center center","background-size":"auto","background-attachment":"scroll","background-type":"","background-media":"","overlay-type":"","overlay-color":"","overlay-gradient":""},"mobile":{"background-color":"var(--ast-global-color-5)","background-image":"","background-repeat":"repeat","background-position":"center center","background-size":"auto","background-attachment":"scroll","background-type":"","background-media":"","overlay-type":"","overlay-color":"","overlay-gradient":""}}},"product_cat":[140],"product_tag":[],"_links":{"self":[{"href":"https:\/\/www.hiddenknifebelt.com\/es\/wp-json\/wp\/v2\/product\/1469"}],"collection":[{"href":"https:\/\/www.hiddenknifebelt.com\/es\/wp-json\/wp\/v2\/product"}],"about":[{"href":"https:\/\/www.hiddenknifebelt.com\/es\/wp-json\/wp\/v2\/types\/product"}],"replies":[{"embeddable":true,"href":"https:\/\/www.hiddenknifebelt.com\/es\/wp-json\/wp\/v2\/comments?post=1469"}],"version-history":[{"count":1,"href":"https:\/\/www.hiddenknifebelt.com\/es\/wp-json\/wp\/v2\/product\/1469\/revisions"}],"predecessor-version":[{"id":1471,"href":"https:\/\/www.hiddenknifebelt.com\/es\/wp-json\/wp\/v2\/product\/1469\/revisions\/1471"}],"wp:featuredmedia":[{"embeddable":true,"href":"https:\/\/www.hiddenknifebelt.com\/es\/wp-json\/wp\/v2\/media\/1470"}],"wp:attachment":[{"href":"https:\/\/www.hiddenknifebelt.com\/es\/wp-json\/wp\/v2\/media?parent=1469"}],"wp:term":[{"taxonomy":"product_cat","embeddable":true,"href":"https:\/\/www.hiddenknifebelt.com\/es\/wp-json\/wp\/v2\/product_cat?post=1469"},{"taxonomy":"product_tag","embeddable":true,"href":"https:\/\/www.hiddenknifebelt.com\/es\/wp-json\/wp\/v2\/product_tag?post=1469"}],"curies":[{"name":"wp","href":"https:\/\/api.w.org\/{rel}","templated":true}]}}