{"id":1472,"date":"2024-02-20T15:27:23","date_gmt":"2024-02-20T15:27:23","guid":{"rendered":"https:\/\/www.hiddenknifebelt.com\/es\/?post_type=product&#038;p=1472"},"modified":"2024-02-20T15:27:23","modified_gmt":"2024-02-20T15:27:23","slug":"hebilla-de-cinturon-de-cuchillo-de-arana-giratoria-estilo-punk-occidental","status":"publish","type":"product","link":"https:\/\/www.hiddenknifebelt.com\/es\/product\/hebilla-de-cinturon-de-cuchillo-de-arana-giratoria-estilo-punk-occidental\/","title":{"rendered":"Hebilla de cintur\u00f3n de cuchillo de ara\u00f1a giratoria estilo punk occidental"},"content":{"rendered":"<p>El mayor atractivo de esta hebilla de cintur\u00f3n de cuchillo es que el bot\u00f3n de ara\u00f1a prototipo en el medio puede girar. Nos inspiramos para dise\u00f1ar este bot\u00f3n giratorio a partir de algunos juguetes giratorios para aliviar el estr\u00e9s. La hebilla del cintur\u00f3n est\u00e1 hecha de metal, con grabados exquisitos, que muestran un estilo cl\u00e1sico o retro. El patr\u00f3n de la hebilla del cintur\u00f3n es una ara\u00f1a, y sabemos que hay muchos fans de la ara\u00f1a. El dise\u00f1o de la hebilla del cintur\u00f3n y el mango del cuchillo se hacen eco, mostrando la integridad y la armon\u00eda del producto. El estilo general del producto es una mezcla creativa de elementos modernos y tradicionales, con personalidad y gusto.<\/p>\n<p><img fetchpriority=\"high\" decoding=\"async\" class=\"aligncenter size-full wp-image-1473\" src=\"https:\/\/www.hiddenknifebelt.com\/es\/wp-content\/uploads\/sites\/4\/2024\/02\/SKU-\u56fe\u7247-12.jpg\" alt=\"Hebilla de cintur\u00f3n de cuchillo de ara\u00f1a giratoria estilo punk occidental\" width=\"800\" height=\"800\" srcset=\"https:\/\/www.hiddenknifebelt.com\/es\/wp-content\/uploads\/sites\/4\/2024\/02\/SKU-\u56fe\u7247-12.jpg 800w, https:\/\/www.hiddenknifebelt.com\/es\/wp-content\/uploads\/sites\/4\/2024\/02\/SKU-\u56fe\u7247-12-300x300.jpg 300w, https:\/\/www.hiddenknifebelt.com\/es\/wp-content\/uploads\/sites\/4\/2024\/02\/SKU-\u56fe\u7247-12-150x150.jpg 150w, https:\/\/www.hiddenknifebelt.com\/es\/wp-content\/uploads\/sites\/4\/2024\/02\/SKU-\u56fe\u7247-12-768x768.jpg 768w, https:\/\/www.hiddenknifebelt.com\/es\/wp-content\/uploads\/sites\/4\/2024\/02\/SKU-\u56fe\u7247-12-600x600.jpg 600w, https:\/\/www.hiddenknifebelt.com\/es\/wp-content\/uploads\/sites\/4\/2024\/02\/SKU-\u56fe\u7247-12-100x100.jpg 100w\" sizes=\"(max-width: 800px) 100vw, 800px\" \/><\/p>\n","protected":false},"excerpt":{"rendered":"<p>El mayor atractivo de esta hebilla de cintur\u00f3n de cuchillo es que el bot\u00f3n de ara\u00f1a prototipo en el medio puede girar. Nos inspiramos para dise\u00f1ar este bot\u00f3n giratorio a partir de algunos juguetes giratorios para aliviar el estr\u00e9s. La hebilla del cintur\u00f3n est\u00e1 hecha de metal, con grabados exquisitos, que muestran un estilo cl\u00e1sico &hellip;<\/p>\n<p class=\"read-more\"> <a class=\"\" href=\"https:\/\/www.hiddenknifebelt.com\/es\/product\/hebilla-de-cinturon-de-cuchillo-de-arana-giratoria-estilo-punk-occidental\/\"> <span class=\"screen-reader-text\">Hebilla de cintur\u00f3n de cuchillo de ara\u00f1a giratoria estilo punk occidental<\/span> Read More &raquo;<\/a><\/p>\n","protected":false},"featured_media":1473,"comment_status":"open","ping_status":"closed","template":"","meta":{"site-sidebar-layout":"default","site-content-layout":"","ast-site-content-layout":"normal-width-container","site-content-style":"unboxed","site-sidebar-style":"boxed","ast-global-header-display":"","ast-banner-title-visibility":"","ast-main-header-display":"","ast-hfb-above-header-display":"","ast-hfb-below-header-display":"","ast-hfb-mobile-header-display":"","site-post-title":"","ast-breadcrumbs-content":"","ast-featured-img":"","footer-sml-layout":"","theme-transparent-header-meta":"default","adv-header-id-meta":"","stick-header-meta":"","header-above-stick-meta":"","header-main-stick-meta":"","header-below-stick-meta":"","astra-migrate-meta-layouts":"set","ast-page-background-enabled":"default","ast-page-background-meta":{"desktop":{"background-color":"var(--ast-global-color-4)","background-image":"","background-repeat":"repeat","background-position":"center center","background-size":"auto","background-attachment":"scroll","background-type":"","background-media":"","overlay-type":"","overlay-color":"","overlay-gradient":""},"tablet":{"background-color":"","background-image":"","background-repeat":"repeat","background-position":"center center","background-size":"auto","background-attachment":"scroll","background-type":"","background-media":"","overlay-type":"","overlay-color":"","overlay-gradient":""},"mobile":{"background-color":"","background-image":"","background-repeat":"repeat","background-position":"center center","background-size":"auto","background-attachment":"scroll","background-type":"","background-media":"","overlay-type":"","overlay-color":"","overlay-gradient":""}},"ast-content-background-meta":{"desktop":{"background-color":"var(--ast-global-color-5)","background-image":"","background-repeat":"repeat","background-position":"center center","background-size":"auto","background-attachment":"scroll","background-type":"","background-media":"","overlay-type":"","overlay-color":"","overlay-gradient":""},"tablet":{"background-color":"var(--ast-global-color-5)","background-image":"","background-repeat":"repeat","background-position":"center center","background-size":"auto","background-attachment":"scroll","background-type":"","background-media":"","overlay-type":"","overlay-color":"","overlay-gradient":""},"mobile":{"background-color":"var(--ast-global-color-5)","background-image":"","background-repeat":"repeat","background-position":"center center","background-size":"auto","background-attachment":"scroll","background-type":"","background-media":"","overlay-type":"","overlay-color":"","overlay-gradient":""}}},"product_cat":[21],"product_tag":[],"_links":{"self":[{"href":"https:\/\/www.hiddenknifebelt.com\/es\/wp-json\/wp\/v2\/product\/1472"}],"collection":[{"href":"https:\/\/www.hiddenknifebelt.com\/es\/wp-json\/wp\/v2\/product"}],"about":[{"href":"https:\/\/www.hiddenknifebelt.com\/es\/wp-json\/wp\/v2\/types\/product"}],"replies":[{"embeddable":true,"href":"https:\/\/www.hiddenknifebelt.com\/es\/wp-json\/wp\/v2\/comments?post=1472"}],"version-history":[{"count":1,"href":"https:\/\/www.hiddenknifebelt.com\/es\/wp-json\/wp\/v2\/product\/1472\/revisions"}],"predecessor-version":[{"id":1474,"href":"https:\/\/www.hiddenknifebelt.com\/es\/wp-json\/wp\/v2\/product\/1472\/revisions\/1474"}],"wp:featuredmedia":[{"embeddable":true,"href":"https:\/\/www.hiddenknifebelt.com\/es\/wp-json\/wp\/v2\/media\/1473"}],"wp:attachment":[{"href":"https:\/\/www.hiddenknifebelt.com\/es\/wp-json\/wp\/v2\/media?parent=1472"}],"wp:term":[{"taxonomy":"product_cat","embeddable":true,"href":"https:\/\/www.hiddenknifebelt.com\/es\/wp-json\/wp\/v2\/product_cat?post=1472"},{"taxonomy":"product_tag","embeddable":true,"href":"https:\/\/www.hiddenknifebelt.com\/es\/wp-json\/wp\/v2\/product_tag?post=1472"}],"curies":[{"name":"wp","href":"https:\/\/api.w.org\/{rel}","templated":true}]}}