{"id":1305,"date":"2023-12-29T01:44:53","date_gmt":"2023-12-29T01:44:53","guid":{"rendered":"https:\/\/www.hiddenknifebelt.com\/pt\/?page_id=1305"},"modified":"2023-12-29T03:20:36","modified_gmt":"2023-12-29T03:20:36","slug":"sobre-nos","status":"publish","type":"page","link":"https:\/\/www.hiddenknifebelt.com\/pt\/sobre-nos\/","title":{"rendered":"sobre n\u00f3s-about us"},"content":{"rendered":"\n<p><\/p>\n\n\n\n<ul>\n<li>Dava \u00e9 uma marca que se concentra em fazer fivelas de cinto requintadas. Seus fundadores s\u00e3o dois jovens com habilidades e sonhos diferentes. Um \u00e9 um mestre da arte do metal, que sempre gostou de criar itens bonitos e pr\u00e1ticos com v\u00e1rios materiais. O outro \u00e9 um especialista em TI, que \u00e9 bom em resolver problemas e criar valor com programa\u00e7\u00e3o e design. Eles se conheceram por acaso e descobriram que tinham interesses e ideias em comum, ent\u00e3o decidiram iniciar um neg\u00f3cio juntos e colocar seus talentos e paix\u00f5es em um produto, que \u00e9 a fivela do cinto.<\/li>\n<\/ul>\n\n\n\n<p>Eles acreditam que a fivela do cinto n\u00e3o \u00e9 apenas um acess\u00f3rio pr\u00e1tico, mas tamb\u00e9m uma forma de mostrar personalidade e estilo. Eles esperam usar suas fivelas de cinto para transmitir uma qualidade e atitude, e fazer com que todos que as usam se sintam confiantes e charmosos. Eles usam os melhores materiais e a mais requintada arte para fazer cada fivela de cinto, e tamb\u00e9m usam a tecnologia mais avan\u00e7ada e o design mais inovador para criar cada fivela de cinto. Eles pesquisam e melhoram constantemente, esfor\u00e7ando-se para tornar cada detalhe perfeito. Suas fivelas de cinto n\u00e3o s\u00e3o apenas bonitas e dur\u00e1veis, mas tamb\u00e9m cheias de personalidade e criatividade, e podem se adaptar a diferentes ocasi\u00f5es e necessidades.<\/p>\n\n\n\n<p>Esta \u00e9 a hist\u00f3ria da marca Dava, que \u00e9 uma produtora de fivelas de cinto requintadas fundada por dois jovens com habilidades e sonhos diferentes. Ela usa seus produtos para mostrar uma qualidade e atitude, e fazer com que todos que os usam se sintam confiantes e charmosos.<\/p>\n\n\n\n<ul>\n<li><\/li>\n<\/ul>\n","protected":false},"excerpt":{"rendered":"<p>Eles acreditam que a fivela do cinto n\u00e3o \u00e9 apenas um acess\u00f3rio pr\u00e1tico, mas tamb\u00e9m uma forma de mostrar personalidade e estilo. Eles esperam usar suas fivelas de cinto para transmitir uma qualidade e atitude, e fazer com que todos que as usam se sintam confiantes e charmosos. Eles usam os melhores materiais e a &hellip;<\/p>\n<p class=\"read-more\"> <a class=\"\" href=\"https:\/\/www.hiddenknifebelt.com\/pt\/sobre-nos\/\"> <span class=\"screen-reader-text\">sobre n\u00f3s-about us<\/span> Read More &raquo;<\/a><\/p>\n","protected":false},"author":1,"featured_media":0,"parent":0,"menu_order":0,"comment_status":"closed","ping_status":"closed","template":"","meta":{"site-sidebar-layout":"default","site-content-layout":"","ast-site-content-layout":"default","site-content-style":"default","site-sidebar-style":"default","ast-global-header-display":"","ast-banner-title-visibility":"","ast-main-header-display":"","ast-hfb-above-header-display":"","ast-hfb-below-header-display":"","ast-hfb-mobile-header-display":"","site-post-title":"","ast-breadcrumbs-content":"","ast-featured-img":"","footer-sml-layout":"","theme-transparent-header-meta":"","adv-header-id-meta":"","stick-header-meta":"","header-above-stick-meta":"","header-main-stick-meta":"","header-below-stick-meta":"","astra-migrate-meta-layouts":"set","ast-page-background-enabled":"default","ast-page-background-meta":{"desktop":{"background-color":"var(--ast-global-color-4)","background-image":"","background-repeat":"repeat","background-position":"center center","background-size":"auto","background-attachment":"scroll","background-type":"","background-media":"","overlay-type":"","overlay-color":"","overlay-gradient":""},"tablet":{"background-color":"","background-image":"","background-repeat":"repeat","background-position":"center center","background-size":"auto","background-attachment":"scroll","background-type":"","background-media":"","overlay-type":"","overlay-color":"","overlay-gradient":""},"mobile":{"background-color":"","background-image":"","background-repeat":"repeat","background-position":"center center","background-size":"auto","background-attachment":"scroll","background-type":"","background-media":"","overlay-type":"","overlay-color":"","overlay-gradient":""}},"ast-content-background-meta":{"desktop":{"background-color":"var(--ast-global-color-5)","background-image":"","background-repeat":"repeat","background-position":"center center","background-size":"auto","background-attachment":"scroll","background-type":"","background-media":"","overlay-type":"","overlay-color":"","overlay-gradient":""},"tablet":{"background-color":"var(--ast-global-color-5)","background-image":"","background-repeat":"repeat","background-position":"center center","background-size":"auto","background-attachment":"scroll","background-type":"","background-media":"","overlay-type":"","overlay-color":"","overlay-gradient":""},"mobile":{"background-color":"var(--ast-global-color-5)","background-image":"","background-repeat":"repeat","background-position":"center center","background-size":"auto","background-attachment":"scroll","background-type":"","background-media":"","overlay-type":"","overlay-color":"","overlay-gradient":""}},"footnotes":""},"_links":{"self":[{"href":"https:\/\/www.hiddenknifebelt.com\/pt\/wp-json\/wp\/v2\/pages\/1305"}],"collection":[{"href":"https:\/\/www.hiddenknifebelt.com\/pt\/wp-json\/wp\/v2\/pages"}],"about":[{"href":"https:\/\/www.hiddenknifebelt.com\/pt\/wp-json\/wp\/v2\/types\/page"}],"author":[{"embeddable":true,"href":"https:\/\/www.hiddenknifebelt.com\/pt\/wp-json\/wp\/v2\/users\/1"}],"replies":[{"embeddable":true,"href":"https:\/\/www.hiddenknifebelt.com\/pt\/wp-json\/wp\/v2\/comments?post=1305"}],"version-history":[{"count":2,"href":"https:\/\/www.hiddenknifebelt.com\/pt\/wp-json\/wp\/v2\/pages\/1305\/revisions"}],"predecessor-version":[{"id":1321,"href":"https:\/\/www.hiddenknifebelt.com\/pt\/wp-json\/wp\/v2\/pages\/1305\/revisions\/1321"}],"wp:attachment":[{"href":"https:\/\/www.hiddenknifebelt.com\/pt\/wp-json\/wp\/v2\/media?parent=1305"}],"curies":[{"name":"wp","href":"https:\/\/api.w.org\/{rel}","templated":true}]}}