{"id":1313,"date":"2023-12-29T02:59:55","date_gmt":"2023-12-29T02:59:55","guid":{"rendered":"https:\/\/www.hiddenknifebelt.com\/pt\/?page_id=1313"},"modified":"2023-12-29T02:59:57","modified_gmt":"2023-12-29T02:59:57","slug":"faq","status":"publish","type":"page","link":"https:\/\/www.hiddenknifebelt.com\/pt\/faq\/","title":{"rendered":"FAQ"},"content":{"rendered":"\n<p>Q: Faca fivela de cinto Detalhes?<\/p>\n\n\n\n<p>A: &#8211; Fivela de cinto de a\u00e7o inoxid\u00e1vel de 3&#8243; com faca oculta.<\/p>\n\n\n\n<ul>\n<li>Esta fivela de cinto tem 3&#8243; de largura e \u00e9 feita de a\u00e7o inoxid\u00e1vel.<\/li>\n\n\n\n<li>Na parte de tr\u00e1s das fivelas de cinto h\u00e1 um pino e um passador de metal.<\/li>\n\n\n\n<li>O centro da fivela de cinto desliza facilmente com um toque do dedo para revelar uma faca dobr\u00e1vel fechada.<\/li>\n\n\n\n<li>A faca tem 5&#8243; no total com uma l\u00e2mina de 2&#8243;.<\/li>\n\n\n\n<li>A l\u00e2mina \u00e9 de um s\u00f3 gume e feita de a\u00e7o inoxid\u00e1vel. Excelente qualidade. Item muito \u00fanico.<\/li>\n<\/ul>\n\n\n\n<p>Q: Estas facas s\u00e3o reais?<\/p>\n\n\n\n<p>A: Sim, todas as facas que vendemos s\u00e3o feitas de a\u00e7o inoxid\u00e1vel, a menos que indicado de outra forma na descri\u00e7\u00e3o dos produtos. Todas as facas que fazemos s\u00e3o perfeitas para o uso di\u00e1rio, ca\u00e7a, camping, cole\u00e7\u00e3o, ou mesmo para exposi\u00e7\u00e3o. Tudo depende de voc\u00ea.<\/p>\n\n\n\n<p>Q: As facas v\u00eam afiadas ou cegas?<\/p>\n\n\n\n<p>A: Todas as facas que temos no nosso site s\u00e3o afiadas, a maioria pode ser afiada mais ao seu gosto se preferir. H\u00e1 tamb\u00e9m algumas facas cegas e rombas que ser\u00e3o indicadas na descri\u00e7\u00e3o dos produtos.<\/p>\n\n\n\n<p>Q: Quanto tempo demora a receber uma encomenda?<\/p>\n\n\n\n<p>A: Normalmente, enviamos dentro de 2-5 dias \u00fateis (Seg-Sex). Todas as encomendas devem ser entregues dentro de 10-15 dias \u00fateis, dependendo da localiza\u00e7\u00e3o. Para alguns produtos com processo de produ\u00e7\u00e3o complexo, teremos que atrasar a entrega por um per\u00edodo de tempo (como surto de pedidos ou outros per\u00edodos). Se quiser saber o tempo de entrega espec\u00edfico, por favor contacte-nos antes de comprar, o nosso email: hiddenknifebelt@yeah.net.<\/p>\n\n\n\n<p>Q: Posso alterar a minha encomenda depois de a colocar?<\/p>\n\n\n\n<p>Embora, gostar\u00edamos de poder acomodar todas as mudan\u00e7as\u2026cumprimos as encomendas muito rapidamente! Uma vez que a sua encomenda tenha sido confirmada, n\u00e3o \u00e9 poss\u00edvel para si, ou para n\u00f3s, alter\u00e1-la antes do envio. Por favor, certifique-se de que toda a sua informa\u00e7\u00e3o est\u00e1 correta antes de enviar a sua encomenda. No entanto, se a sua encomenda ainda n\u00e3o foi enviada, sinta-se \u00e0 vontade para nos contactar e teremos todo o prazer em cancelar a sua encomenda anterior, para que possa encomendar o item correto. Por favor, note que, dada a velocidade com que alguns itens se esgotam, n\u00e3o podemos garantir que o(s) seu(s) item(ns) estar\u00e3o dispon\u00edveis se a sua encomenda for cancelada.<\/p>\n\n\n\n<p>Q: Voc\u00eas enviam internacionalmente?<\/p>\n\n\n\n<p>A: Sim, n\u00f3s enviamos para a maioria dos pa\u00edses do mundo.<\/p>\n\n\n\n<p>Q: A minha encomenda ser\u00e1 retida na alf\u00e2ndega?<\/p>\n\n\n\n<p>A: N\u00f3s sugerimos vivamente que voc\u00ea entenda as leis do seu pa\u00eds antes de encomendar no nosso site. Muitos pa\u00edses n\u00e3o permitem que facas ou \u201carmas\u201d atravessem as suas fronteiras e podem levar a pacotes confiscados. N\u00e3o forneceremos reembolsos por pacotes confiscados pela alf\u00e2ndega. Quaisquer direitos aduaneiros ou de importa\u00e7\u00e3o s\u00e3o cobrados quando o pacote chega ao seu pa\u00eds de destino. Estes encargos devem ser pagos pelo destinat\u00e1rio do pacote.<\/p>\n\n\n\n<p>Infelizmente, n\u00e3o temos controle sobre esses encargos, e n\u00e3o podemos dizer-lhe qual seria o custo, pois as pol\u00edticas aduaneiras e os direitos de importa\u00e7\u00e3o variam amplamente de pa\u00eds para pa\u00eds. Para garantir que n\u00e3o h\u00e1 quaisquer encargos surpresa \u00e0 chegada ao seu pa\u00eds, pode contactar o seu escrit\u00f3rio de alf\u00e2ndega local para obter os encargos atuais antes de encomendar.<\/p>\n\n\n\n<p>Compre por sua conta e risco.<\/p>\n\n\n\n<p>Processamento de encomendas<\/p>\n\n\n\n<p>Q: Quais s\u00e3o os m\u00e9todos de pagamento aceitos?<\/p>\n\n\n\n<p>A: Atualmente, s\u00f3 podemos aceitar pagamentos com cart\u00e3o de cr\u00e9dito.<\/p>\n\n\n\n<p>Q: A minha informa\u00e7\u00e3o pessoal est\u00e1 segura?<\/p>\n\n\n\n<p>A: N\u00f3s n\u00e3o compartilhamos informa\u00e7\u00f5es do cliente com quaisquer terceiros. A \u00fanica informa\u00e7\u00e3o que usamos \u00e9 o seu endere\u00e7o de e-mail e endere\u00e7o de envio para enviar a sua encomenda e contact\u00e1-lo se necess\u00e1rio. As informa\u00e7\u00f5es de pagamento nunca s\u00e3o armazenadas em nosso site.<\/p>\n\n\n\n<p>Q: Qual \u00e9 a sua pol\u00edtica de devolu\u00e7\u00e3o?<\/p>\n\n\n\n<p>A: A nossa pol\u00edtica dura 15 dias a partir da data de entrega. Se passaram 15 dias desde a entrega da sua compra, infelizmente n\u00e3o podemos oferecer-lhe um reembolso ou troca. Para mais informa\u00e7\u00f5es, consulte a nossa pol\u00edtica de devolu\u00e7\u00e3o.<\/p>\n","protected":false},"excerpt":{"rendered":"<p>Q: Faca fivela de cinto Detalhes? A: &#8211; Fivela de cinto de a\u00e7o inoxid\u00e1vel de 3&#8243; com faca oculta. Q: Estas facas s\u00e3o reais? A: Sim, todas as facas que vendemos s\u00e3o feitas de a\u00e7o inoxid\u00e1vel, a menos que indicado de outra forma na descri\u00e7\u00e3o dos produtos. Todas as facas que fazemos s\u00e3o perfeitas para &hellip;<\/p>\n<p class=\"read-more\"> <a class=\"\" href=\"https:\/\/www.hiddenknifebelt.com\/pt\/faq\/\"> <span class=\"screen-reader-text\">FAQ<\/span> Read More &raquo;<\/a><\/p>\n","protected":false},"author":1,"featured_media":0,"parent":0,"menu_order":0,"comment_status":"closed","ping_status":"closed","template":"","meta":{"site-sidebar-layout":"default","site-content-layout":"","ast-site-content-layout":"default","site-content-style":"default","site-sidebar-style":"default","ast-global-header-display":"","ast-banner-title-visibility":"","ast-main-header-display":"","ast-hfb-above-header-display":"","ast-hfb-below-header-display":"","ast-hfb-mobile-header-display":"","site-post-title":"","ast-breadcrumbs-content":"","ast-featured-img":"","footer-sml-layout":"","theme-transparent-header-meta":"","adv-header-id-meta":"","stick-header-meta":"","header-above-stick-meta":"","header-main-stick-meta":"","header-below-stick-meta":"","astra-migrate-meta-layouts":"set","ast-page-background-enabled":"default","ast-page-background-meta":{"desktop":{"background-color":"var(--ast-global-color-4)","background-image":"","background-repeat":"repeat","background-position":"center center","background-size":"auto","background-attachment":"scroll","background-type":"","background-media":"","overlay-type":"","overlay-color":"","overlay-gradient":""},"tablet":{"background-color":"","background-image":"","background-repeat":"repeat","background-position":"center center","background-size":"auto","background-attachment":"scroll","background-type":"","background-media":"","overlay-type":"","overlay-color":"","overlay-gradient":""},"mobile":{"background-color":"","background-image":"","background-repeat":"repeat","background-position":"center center","background-size":"auto","background-attachment":"scroll","background-type":"","background-media":"","overlay-type":"","overlay-color":"","overlay-gradient":""}},"ast-content-background-meta":{"desktop":{"background-color":"var(--ast-global-color-5)","background-image":"","background-repeat":"repeat","background-position":"center center","background-size":"auto","background-attachment":"scroll","background-type":"","background-media":"","overlay-type":"","overlay-color":"","overlay-gradient":""},"tablet":{"background-color":"var(--ast-global-color-5)","background-image":"","background-repeat":"repeat","background-position":"center center","background-size":"auto","background-attachment":"scroll","background-type":"","background-media":"","overlay-type":"","overlay-color":"","overlay-gradient":""},"mobile":{"background-color":"var(--ast-global-color-5)","background-image":"","background-repeat":"repeat","background-position":"center center","background-size":"auto","background-attachment":"scroll","background-type":"","background-media":"","overlay-type":"","overlay-color":"","overlay-gradient":""}},"footnotes":""},"_links":{"self":[{"href":"https:\/\/www.hiddenknifebelt.com\/pt\/wp-json\/wp\/v2\/pages\/1313"}],"collection":[{"href":"https:\/\/www.hiddenknifebelt.com\/pt\/wp-json\/wp\/v2\/pages"}],"about":[{"href":"https:\/\/www.hiddenknifebelt.com\/pt\/wp-json\/wp\/v2\/types\/page"}],"author":[{"embeddable":true,"href":"https:\/\/www.hiddenknifebelt.com\/pt\/wp-json\/wp\/v2\/users\/1"}],"replies":[{"embeddable":true,"href":"https:\/\/www.hiddenknifebelt.com\/pt\/wp-json\/wp\/v2\/comments?post=1313"}],"version-history":[{"count":1,"href":"https:\/\/www.hiddenknifebelt.com\/pt\/wp-json\/wp\/v2\/pages\/1313\/revisions"}],"predecessor-version":[{"id":1314,"href":"https:\/\/www.hiddenknifebelt.com\/pt\/wp-json\/wp\/v2\/pages\/1313\/revisions\/1314"}],"wp:attachment":[{"href":"https:\/\/www.hiddenknifebelt.com\/pt\/wp-json\/wp\/v2\/media?parent=1313"}],"curies":[{"name":"wp","href":"https:\/\/api.w.org\/{rel}","templated":true}]}}