{"id":1315,"date":"2023-12-29T03:08:25","date_gmt":"2023-12-29T03:08:25","guid":{"rendered":"https:\/\/www.hiddenknifebelt.com\/pt\/?page_id=1315"},"modified":"2023-12-29T03:08:27","modified_gmt":"2023-12-29T03:08:27","slug":"politica-de-devolucao-return-policy","status":"publish","type":"page","link":"https:\/\/www.hiddenknifebelt.com\/pt\/politica-de-devolucao-return-policy\/","title":{"rendered":"Pol\u00edtica de devolu\u00e7\u00e3o-Return Policy"},"content":{"rendered":"\n<p>ATEN\u00c7\u00c3O: Ao fazer um pedido, por favor verifique se o seu endere\u00e7o de entrega est\u00e1 completo e correto (pa\u00eds, cidade, rua, n\u00famero da empresa ou da casa) para evitar falhas na entrega devido a endere\u00e7o insuficiente. A empresa n\u00e3o se responsabiliza se o pacote for devolvido devido a um endere\u00e7o de entrega incorreto ou incompleto. Como \u00e9 entregue no exterior, uma vez que a entrega falhe, o pacote ser\u00e1 processado pelos correios, e a empresa n\u00e3o pode recuperar o pacote, tamb\u00e9m n\u00e3o podemos reembols\u00e1-lo. Se precisar de alterar o endere\u00e7o, por favor contacte o email do servi\u00e7o ao cliente (hiddenknifebelt@yeah.net) dentro de 24 horas. Por favor, perdoe que o endere\u00e7o n\u00e3o pode ser alterado ap\u00f3s 24 horas. A nossa pol\u00edtica dura 15 dias a partir da data de entrega. Se passaram 15 dias desde a entrega da sua compra, infelizmente n\u00e3o podemos oferecer-lhe um reembolso ou troca. Todos os compradores s\u00e3o respons\u00e1veis por pagar os custos de envio de devolu\u00e7\u00e3o conforme descrito abaixo.<\/p>\n\n\n\n<p>Para ser eleg\u00edvel para uma devolu\u00e7\u00e3o, o seu item deve estar sem uso e nas mesmas condi\u00e7\u00f5es em que o recebeu. Ele tamb\u00e9m deve estar na embalagem original.<\/p>\n\n\n\n<p>Reembolsos (se aplic\u00e1vel) Voc\u00ea ser\u00e1 respons\u00e1vel por pagar os seus pr\u00f3prios custos de envio para devolver o seu item. Voc\u00ea pode solicitar que uma etiqueta de envio seja criada para voc\u00ea. Se assim for, o custo do envio de devolu\u00e7\u00e3o ser\u00e1 deduzido do seu reembolso. Todos os custos de envio n\u00e3o s\u00e3o reembols\u00e1veis. Uma vez que a sua devolu\u00e7\u00e3o seja recebida e inspecionada, n\u00f3s lhe enviaremos um e-mail para notific\u00e1-lo de que recebemos o seu item devolvido. N\u00f3s tamb\u00e9m lhe notificaremos da aprova\u00e7\u00e3o ou rejei\u00e7\u00e3o do seu reembolso. Se voc\u00ea for aprovado, ent\u00e3o o seu reembolso ser\u00e1 processado, e um cr\u00e9dito ser\u00e1 automaticamente aplicado ao seu cart\u00e3o de cr\u00e9dito ou m\u00e9todo original de pagamento, dentro de uma certa quantidade de dias.<\/p>\n\n\n\n<p>Reembolsos atrasados ou faltantes (se aplic\u00e1vel) Se voc\u00ea ainda n\u00e3o recebeu um reembolso, primeiro verifique novamente a sua conta banc\u00e1ria. Em seguida, entre em contato com a sua empresa de cart\u00e3o de cr\u00e9dito, pode levar algum tempo at\u00e9 que o seu reembolso seja oficialmente publicado. Em seguida, entre em contato com o seu banco. Muitas vezes h\u00e1 algum tempo de processamento antes de um reembolso ser publicado. Se voc\u00ea fez tudo isso e ainda n\u00e3o recebeu o seu reembolso, por favor entre em contato conosco em hiddenknifebelt@yeah.net.<\/p>\n\n\n\n<p>Itens em promo\u00e7\u00e3o (se aplic\u00e1vel) Apenas itens com pre\u00e7o regular podem ser reembolsados, infelizmente itens em promo\u00e7\u00e3o n\u00e3o podem ser reembolsados.<\/p>\n\n\n\n<p>Trocas (se aplic\u00e1vel) N\u00f3s s\u00f3 substitu\u00edmos itens se eles estiverem defeituosos ou danificados. Se voc\u00ea precisar troc\u00e1-lo pelo mesmo item, envie-nos um e-mail para hiddenknifebelt@yeah.net.<\/p>\n\n\n\n<p>Presentes Se o item foi marcado como um presente quando comprado e enviado diretamente para voc\u00ea, voc\u00ea receber\u00e1 um cr\u00e9dito de presente pelo valor da sua devolu\u00e7\u00e3o. Uma vez que o item devolvido \u00e9 recebido, um certificado de presente ser\u00e1 enviado para voc\u00ea.<\/p>\n\n\n\n<p>Se o item n\u00e3o foi marcado como um presente quando comprado, ou o doador do presente teve a ordem enviada para si mesmo para lhe dar mais tarde, n\u00f3s enviaremos um reembolso para o doador do presente e ele vai descobrir sobre a sua devolu\u00e7\u00e3o.<\/p>\n\n\n\n<p>Dependendo de onde voc\u00ea mora, o tempo que pode levar para o seu produto trocado chegar at\u00e9 voc\u00ea, pode variar.<\/p>\n","protected":false},"excerpt":{"rendered":"<p>ATEN\u00c7\u00c3O: Ao fazer um pedido, por favor verifique se o seu endere\u00e7o de entrega est\u00e1 completo e correto (pa\u00eds, cidade, rua, n\u00famero da empresa ou da casa) para evitar falhas na entrega devido a endere\u00e7o insuficiente. A empresa n\u00e3o se responsabiliza se o pacote for devolvido devido a um endere\u00e7o de entrega incorreto ou incompleto. &hellip;<\/p>\n<p class=\"read-more\"> <a class=\"\" href=\"https:\/\/www.hiddenknifebelt.com\/pt\/politica-de-devolucao-return-policy\/\"> <span class=\"screen-reader-text\">Pol\u00edtica de devolu\u00e7\u00e3o-Return Policy<\/span> Read More &raquo;<\/a><\/p>\n","protected":false},"author":1,"featured_media":0,"parent":0,"menu_order":0,"comment_status":"closed","ping_status":"closed","template":"","meta":{"site-sidebar-layout":"default","site-content-layout":"","ast-site-content-layout":"default","site-content-style":"default","site-sidebar-style":"default","ast-global-header-display":"","ast-banner-title-visibility":"","ast-main-header-display":"","ast-hfb-above-header-display":"","ast-hfb-below-header-display":"","ast-hfb-mobile-header-display":"","site-post-title":"","ast-breadcrumbs-content":"","ast-featured-img":"","footer-sml-layout":"","theme-transparent-header-meta":"","adv-header-id-meta":"","stick-header-meta":"","header-above-stick-meta":"","header-main-stick-meta":"","header-below-stick-meta":"","astra-migrate-meta-layouts":"set","ast-page-background-enabled":"default","ast-page-background-meta":{"desktop":{"background-color":"var(--ast-global-color-4)","background-image":"","background-repeat":"repeat","background-position":"center center","background-size":"auto","background-attachment":"scroll","background-type":"","background-media":"","overlay-type":"","overlay-color":"","overlay-gradient":""},"tablet":{"background-color":"","background-image":"","background-repeat":"repeat","background-position":"center center","background-size":"auto","background-attachment":"scroll","background-type":"","background-media":"","overlay-type":"","overlay-color":"","overlay-gradient":""},"mobile":{"background-color":"","background-image":"","background-repeat":"repeat","background-position":"center center","background-size":"auto","background-attachment":"scroll","background-type":"","background-media":"","overlay-type":"","overlay-color":"","overlay-gradient":""}},"ast-content-background-meta":{"desktop":{"background-color":"var(--ast-global-color-5)","background-image":"","background-repeat":"repeat","background-position":"center center","background-size":"auto","background-attachment":"scroll","background-type":"","background-media":"","overlay-type":"","overlay-color":"","overlay-gradient":""},"tablet":{"background-color":"var(--ast-global-color-5)","background-image":"","background-repeat":"repeat","background-position":"center center","background-size":"auto","background-attachment":"scroll","background-type":"","background-media":"","overlay-type":"","overlay-color":"","overlay-gradient":""},"mobile":{"background-color":"var(--ast-global-color-5)","background-image":"","background-repeat":"repeat","background-position":"center center","background-size":"auto","background-attachment":"scroll","background-type":"","background-media":"","overlay-type":"","overlay-color":"","overlay-gradient":""}},"footnotes":""},"_links":{"self":[{"href":"https:\/\/www.hiddenknifebelt.com\/pt\/wp-json\/wp\/v2\/pages\/1315"}],"collection":[{"href":"https:\/\/www.hiddenknifebelt.com\/pt\/wp-json\/wp\/v2\/pages"}],"about":[{"href":"https:\/\/www.hiddenknifebelt.com\/pt\/wp-json\/wp\/v2\/types\/page"}],"author":[{"embeddable":true,"href":"https:\/\/www.hiddenknifebelt.com\/pt\/wp-json\/wp\/v2\/users\/1"}],"replies":[{"embeddable":true,"href":"https:\/\/www.hiddenknifebelt.com\/pt\/wp-json\/wp\/v2\/comments?post=1315"}],"version-history":[{"count":1,"href":"https:\/\/www.hiddenknifebelt.com\/pt\/wp-json\/wp\/v2\/pages\/1315\/revisions"}],"predecessor-version":[{"id":1316,"href":"https:\/\/www.hiddenknifebelt.com\/pt\/wp-json\/wp\/v2\/pages\/1315\/revisions\/1316"}],"wp:attachment":[{"href":"https:\/\/www.hiddenknifebelt.com\/pt\/wp-json\/wp\/v2\/media?parent=1315"}],"curies":[{"name":"wp","href":"https:\/\/api.w.org\/{rel}","templated":true}]}}