{"id":1355,"date":"2023-12-29T07:00:13","date_gmt":"2023-12-29T07:00:13","guid":{"rendered":"https:\/\/www.hiddenknifebelt.com\/pt\/?post_type=product&#038;p=1355"},"modified":"2023-12-29T07:00:13","modified_gmt":"2023-12-29T07:00:13","slug":"fivela-de-cinto-de-faca-de-metal-com-cabeca-de-cavalo-estilo-cowboy-do-oeste","status":"publish","type":"product","link":"https:\/\/www.hiddenknifebelt.com\/pt\/product\/fivela-de-cinto-de-faca-de-metal-com-cabeca-de-cavalo-estilo-cowboy-do-oeste\/","title":{"rendered":"Fivela de cinto de faca de metal com cabe\u00e7a de cavalo estilo cowboy do oeste"},"content":{"rendered":"<p>A inspira\u00e7\u00e3o do design desta fivela de cinto vem da cultura cowboy do Oeste Americano, sua forma \u00e9 uma cabe\u00e7a de cavalo majestosa, implicando for\u00e7a e liberdade. Feita de a\u00e7o inoxid\u00e1vel, finamente polida e alisada, apresentando um brilho met\u00e1lico brilhante. Esta fivela de cinto \u00e9 uma escolha ideal para homens e mulheres que gostam do estilo ocidental e do esp\u00edrito aventureiro, pode ser usada como um acess\u00f3rio de uso di\u00e1rio, ou como uma ferramenta essencial de viagem ou atividade ao ar livre, pode fazer voc\u00ea irradiar charme \u00fanico e confian\u00e7a em qualquer ocasi\u00e3o, e tamb\u00e9m lhe proporcionar uma sensa\u00e7\u00e3o de seguran\u00e7a e prote\u00e7\u00e3o quando voc\u00ea encontrar perigo.<\/p>\n<p>O di\u00e2metro desta fivela de cinto \u00e9 de 3 polegadas, e o material \u00e9 de a\u00e7o inoxid\u00e1vel.<\/p>\n<ul>\n<li>O centro da fivela de cinto pode ser empurrado suavemente com o dedo, e uma faca dobrada pode deslizar para fora.<\/li>\n<li>O comprimento total desta faca \u00e9 de 5 polegadas, e a l\u00e2mina \u00e9 de 2 polegadas.<\/li>\n<li>A l\u00e2mina \u00e9 de um s\u00f3 gume, e o material \u00e9 tamb\u00e9m de a\u00e7o inoxid\u00e1vel. Excelente qualidade, item muito \u00fanico.<\/li>\n<\/ul>\n<p>&nbsp;<\/p>\n<p><img fetchpriority=\"high\" decoding=\"async\" class=\"aligncenter size-full wp-image-1356\" src=\"https:\/\/www.hiddenknifebelt.com\/pt\/wp-content\/uploads\/sites\/3\/2023\/12\/new_IMG_1430.jpg\" alt=\"Fivela de cinto de faca de metal com cabe\u00e7a de cavalo estilo cowboy do oeste\" width=\"1351\" height=\"899\" srcset=\"https:\/\/www.hiddenknifebelt.com\/pt\/wp-content\/uploads\/sites\/3\/2023\/12\/new_IMG_1430.jpg 1351w, https:\/\/www.hiddenknifebelt.com\/pt\/wp-content\/uploads\/sites\/3\/2023\/12\/new_IMG_1430-300x200.jpg 300w, https:\/\/www.hiddenknifebelt.com\/pt\/wp-content\/uploads\/sites\/3\/2023\/12\/new_IMG_1430-1024x681.jpg 1024w, https:\/\/www.hiddenknifebelt.com\/pt\/wp-content\/uploads\/sites\/3\/2023\/12\/new_IMG_1430-768x511.jpg 768w, https:\/\/www.hiddenknifebelt.com\/pt\/wp-content\/uploads\/sites\/3\/2023\/12\/new_IMG_1430-1320x878.jpg 1320w, https:\/\/www.hiddenknifebelt.com\/pt\/wp-content\/uploads\/sites\/3\/2023\/12\/new_IMG_1430-600x399.jpg 600w\" sizes=\"(max-width: 1351px) 100vw, 1351px\" \/> <img decoding=\"async\" class=\"aligncenter size-full wp-image-1357\" src=\"https:\/\/www.hiddenknifebelt.com\/pt\/wp-content\/uploads\/sites\/3\/2023\/12\/new_IMG_1431.jpg\" alt=\"\" width=\"1351\" height=\"898\" srcset=\"https:\/\/www.hiddenknifebelt.com\/pt\/wp-content\/uploads\/sites\/3\/2023\/12\/new_IMG_1431.jpg 1351w, https:\/\/www.hiddenknifebelt.com\/pt\/wp-content\/uploads\/sites\/3\/2023\/12\/new_IMG_1431-300x199.jpg 300w, https:\/\/www.hiddenknifebelt.com\/pt\/wp-content\/uploads\/sites\/3\/2023\/12\/new_IMG_1431-1024x681.jpg 1024w, https:\/\/www.hiddenknifebelt.com\/pt\/wp-content\/uploads\/sites\/3\/2023\/12\/new_IMG_1431-768x510.jpg 768w, https:\/\/www.hiddenknifebelt.com\/pt\/wp-content\/uploads\/sites\/3\/2023\/12\/new_IMG_1431-1320x877.jpg 1320w, https:\/\/www.hiddenknifebelt.com\/pt\/wp-content\/uploads\/sites\/3\/2023\/12\/new_IMG_1431-600x399.jpg 600w\" sizes=\"(max-width: 1351px) 100vw, 1351px\" \/> <img decoding=\"async\" class=\"aligncenter size-full wp-image-1358\" src=\"https:\/\/www.hiddenknifebelt.com\/pt\/wp-content\/uploads\/sites\/3\/2023\/12\/new_IMG_1432.jpg\" alt=\"\" width=\"1353\" height=\"898\" srcset=\"https:\/\/www.hiddenknifebelt.com\/pt\/wp-content\/uploads\/sites\/3\/2023\/12\/new_IMG_1432.jpg 1353w, https:\/\/www.hiddenknifebelt.com\/pt\/wp-content\/uploads\/sites\/3\/2023\/12\/new_IMG_1432-300x199.jpg 300w, https:\/\/www.hiddenknifebelt.com\/pt\/wp-content\/uploads\/sites\/3\/2023\/12\/new_IMG_1432-1024x680.jpg 1024w, https:\/\/www.hiddenknifebelt.com\/pt\/wp-content\/uploads\/sites\/3\/2023\/12\/new_IMG_1432-768x510.jpg 768w, https:\/\/www.hiddenknifebelt.com\/pt\/wp-content\/uploads\/sites\/3\/2023\/12\/new_IMG_1432-1320x876.jpg 1320w, https:\/\/www.hiddenknifebelt.com\/pt\/wp-content\/uploads\/sites\/3\/2023\/12\/new_IMG_1432-600x398.jpg 600w\" sizes=\"(max-width: 1353px) 100vw, 1353px\" \/> <img loading=\"lazy\" decoding=\"async\" class=\"aligncenter size-full wp-image-1359\" src=\"https:\/\/www.hiddenknifebelt.com\/pt\/wp-content\/uploads\/sites\/3\/2023\/12\/new_IMG_1433.jpg\" alt=\"\" width=\"1406\" height=\"933\" srcset=\"https:\/\/www.hiddenknifebelt.com\/pt\/wp-content\/uploads\/sites\/3\/2023\/12\/new_IMG_1433.jpg 1406w, https:\/\/www.hiddenknifebelt.com\/pt\/wp-content\/uploads\/sites\/3\/2023\/12\/new_IMG_1433-300x199.jpg 300w, https:\/\/www.hiddenknifebelt.com\/pt\/wp-content\/uploads\/sites\/3\/2023\/12\/new_IMG_1433-1024x680.jpg 1024w, https:\/\/www.hiddenknifebelt.com\/pt\/wp-content\/uploads\/sites\/3\/2023\/12\/new_IMG_1433-768x510.jpg 768w, https:\/\/www.hiddenknifebelt.com\/pt\/wp-content\/uploads\/sites\/3\/2023\/12\/new_IMG_1433-1320x876.jpg 1320w, https:\/\/www.hiddenknifebelt.com\/pt\/wp-content\/uploads\/sites\/3\/2023\/12\/new_IMG_1433-600x398.jpg 600w\" sizes=\"(max-width: 1406px) 100vw, 1406px\" \/> <img loading=\"lazy\" decoding=\"async\" class=\"aligncenter size-full wp-image-1360\" src=\"https:\/\/www.hiddenknifebelt.com\/pt\/wp-content\/uploads\/sites\/3\/2023\/12\/new_IMG_1434.jpg\" alt=\"\" width=\"1403\" height=\"932\" srcset=\"https:\/\/www.hiddenknifebelt.com\/pt\/wp-content\/uploads\/sites\/3\/2023\/12\/new_IMG_1434.jpg 1403w, https:\/\/www.hiddenknifebelt.com\/pt\/wp-content\/uploads\/sites\/3\/2023\/12\/new_IMG_1434-300x199.jpg 300w, https:\/\/www.hiddenknifebelt.com\/pt\/wp-content\/uploads\/sites\/3\/2023\/12\/new_IMG_1434-1024x680.jpg 1024w, https:\/\/www.hiddenknifebelt.com\/pt\/wp-content\/uploads\/sites\/3\/2023\/12\/new_IMG_1434-768x510.jpg 768w, https:\/\/www.hiddenknifebelt.com\/pt\/wp-content\/uploads\/sites\/3\/2023\/12\/new_IMG_1434-1320x877.jpg 1320w, https:\/\/www.hiddenknifebelt.com\/pt\/wp-content\/uploads\/sites\/3\/2023\/12\/new_IMG_1434-600x399.jpg 600w\" sizes=\"(max-width: 1403px) 100vw, 1403px\" \/> <img loading=\"lazy\" decoding=\"async\" class=\"aligncenter size-full wp-image-1361\" src=\"https:\/\/www.hiddenknifebelt.com\/pt\/wp-content\/uploads\/sites\/3\/2023\/12\/new_IMG_1435.jpg\" alt=\"\" width=\"1404\" height=\"930\" srcset=\"https:\/\/www.hiddenknifebelt.com\/pt\/wp-content\/uploads\/sites\/3\/2023\/12\/new_IMG_1435.jpg 1404w, https:\/\/www.hiddenknifebelt.com\/pt\/wp-content\/uploads\/sites\/3\/2023\/12\/new_IMG_1435-300x199.jpg 300w, https:\/\/www.hiddenknifebelt.com\/pt\/wp-content\/uploads\/sites\/3\/2023\/12\/new_IMG_1435-1024x678.jpg 1024w, https:\/\/www.hiddenknifebelt.com\/pt\/wp-content\/uploads\/sites\/3\/2023\/12\/new_IMG_1435-768x509.jpg 768w, https:\/\/www.hiddenknifebelt.com\/pt\/wp-content\/uploads\/sites\/3\/2023\/12\/new_IMG_1435-1320x874.jpg 1320w, https:\/\/www.hiddenknifebelt.com\/pt\/wp-content\/uploads\/sites\/3\/2023\/12\/new_IMG_1435-600x397.jpg 600w\" sizes=\"(max-width: 1404px) 100vw, 1404px\" \/> <img loading=\"lazy\" decoding=\"async\" class=\"aligncenter size-full wp-image-1362\" src=\"https:\/\/www.hiddenknifebelt.com\/pt\/wp-content\/uploads\/sites\/3\/2023\/12\/new_IMG_1436.jpg\" alt=\"\" width=\"1404\" height=\"931\" srcset=\"https:\/\/www.hiddenknifebelt.com\/pt\/wp-content\/uploads\/sites\/3\/2023\/12\/new_IMG_1436.jpg 1404w, https:\/\/www.hiddenknifebelt.com\/pt\/wp-content\/uploads\/sites\/3\/2023\/12\/new_IMG_1436-300x199.jpg 300w, https:\/\/www.hiddenknifebelt.com\/pt\/wp-content\/uploads\/sites\/3\/2023\/12\/new_IMG_1436-1024x679.jpg 1024w, https:\/\/www.hiddenknifebelt.com\/pt\/wp-content\/uploads\/sites\/3\/2023\/12\/new_IMG_1436-768x509.jpg 768w, https:\/\/www.hiddenknifebelt.com\/pt\/wp-content\/uploads\/sites\/3\/2023\/12\/new_IMG_1436-1320x875.jpg 1320w, https:\/\/www.hiddenknifebelt.com\/pt\/wp-content\/uploads\/sites\/3\/2023\/12\/new_IMG_1436-600x398.jpg 600w\" sizes=\"(max-width: 1404px) 100vw, 1404px\" \/> <img loading=\"lazy\" decoding=\"async\" class=\"aligncenter size-full wp-image-1363\" src=\"https:\/\/www.hiddenknifebelt.com\/pt\/wp-content\/uploads\/sites\/3\/2023\/12\/new_IMG_1437.jpg\" alt=\"\" width=\"1402\" height=\"930\" srcset=\"https:\/\/www.hiddenknifebelt.com\/pt\/wp-content\/uploads\/sites\/3\/2023\/12\/new_IMG_1437.jpg 1402w, https:\/\/www.hiddenknifebelt.com\/pt\/wp-content\/uploads\/sites\/3\/2023\/12\/new_IMG_1437-300x199.jpg 300w, https:\/\/www.hiddenknifebelt.com\/pt\/wp-content\/uploads\/sites\/3\/2023\/12\/new_IMG_1437-1024x679.jpg 1024w, https:\/\/www.hiddenknifebelt.com\/pt\/wp-content\/uploads\/sites\/3\/2023\/12\/new_IMG_1437-768x509.jpg 768w, https:\/\/www.hiddenknifebelt.com\/pt\/wp-content\/uploads\/sites\/3\/2023\/12\/new_IMG_1437-1320x876.jpg 1320w, https:\/\/www.hiddenknifebelt.com\/pt\/wp-content\/uploads\/sites\/3\/2023\/12\/new_IMG_1437-600x398.jpg 600w\" sizes=\"(max-width: 1402px) 100vw, 1402px\" \/><\/p>\n","protected":false},"excerpt":{"rendered":"<p>A inspira\u00e7\u00e3o do design desta fivela de cinto vem da cultura cowboy do Oeste Americano, sua forma \u00e9 uma cabe\u00e7a de cavalo majestosa, implicando for\u00e7a e liberdade. Feita de a\u00e7o inoxid\u00e1vel, finamente polida e alisada, apresentando um brilho met\u00e1lico brilhante. Esta fivela de cinto \u00e9 uma escolha ideal para homens e mulheres que gostam do &hellip;<\/p>\n<p class=\"read-more\"> <a class=\"\" href=\"https:\/\/www.hiddenknifebelt.com\/pt\/product\/fivela-de-cinto-de-faca-de-metal-com-cabeca-de-cavalo-estilo-cowboy-do-oeste\/\"> <span class=\"screen-reader-text\">Fivela de cinto de faca de metal com cabe\u00e7a de cavalo estilo cowboy do oeste<\/span> Read More &raquo;<\/a><\/p>\n","protected":false},"featured_media":1356,"comment_status":"open","ping_status":"closed","template":"","meta":{"site-sidebar-layout":"default","site-content-layout":"","ast-site-content-layout":"normal-width-container","site-content-style":"boxed","site-sidebar-style":"unboxed","ast-global-header-display":"","ast-banner-title-visibility":"","ast-main-header-display":"","ast-hfb-above-header-display":"","ast-hfb-below-header-display":"","ast-hfb-mobile-header-display":"","site-post-title":"","ast-breadcrumbs-content":"","ast-featured-img":"","footer-sml-layout":"","theme-transparent-header-meta":"default","adv-header-id-meta":"","stick-header-meta":"","header-above-stick-meta":"","header-main-stick-meta":"","header-below-stick-meta":"","astra-migrate-meta-layouts":"set","ast-page-background-enabled":"default","ast-page-background-meta":{"desktop":{"background-color":"var(--ast-global-color-4)","background-image":"","background-repeat":"repeat","background-position":"center center","background-size":"auto","background-attachment":"scroll","background-type":"","background-media":"","overlay-type":"","overlay-color":"","overlay-gradient":""},"tablet":{"background-color":"","background-image":"","background-repeat":"repeat","background-position":"center center","background-size":"auto","background-attachment":"scroll","background-type":"","background-media":"","overlay-type":"","overlay-color":"","overlay-gradient":""},"mobile":{"background-color":"","background-image":"","background-repeat":"repeat","background-position":"center center","background-size":"auto","background-attachment":"scroll","background-type":"","background-media":"","overlay-type":"","overlay-color":"","overlay-gradient":""}},"ast-content-background-meta":{"desktop":{"background-color":"var(--ast-global-color-5)","background-image":"","background-repeat":"repeat","background-position":"center center","background-size":"auto","background-attachment":"scroll","background-type":"","background-media":"","overlay-type":"","overlay-color":"","overlay-gradient":""},"tablet":{"background-color":"var(--ast-global-color-5)","background-image":"","background-repeat":"repeat","background-position":"center center","background-size":"auto","background-attachment":"scroll","background-type":"","background-media":"","overlay-type":"","overlay-color":"","overlay-gradient":""},"mobile":{"background-color":"var(--ast-global-color-5)","background-image":"","background-repeat":"repeat","background-position":"center center","background-size":"auto","background-attachment":"scroll","background-type":"","background-media":"","overlay-type":"","overlay-color":"","overlay-gradient":""}}},"product_cat":[142],"product_tag":[144],"_links":{"self":[{"href":"https:\/\/www.hiddenknifebelt.com\/pt\/wp-json\/wp\/v2\/product\/1355"}],"collection":[{"href":"https:\/\/www.hiddenknifebelt.com\/pt\/wp-json\/wp\/v2\/product"}],"about":[{"href":"https:\/\/www.hiddenknifebelt.com\/pt\/wp-json\/wp\/v2\/types\/product"}],"replies":[{"embeddable":true,"href":"https:\/\/www.hiddenknifebelt.com\/pt\/wp-json\/wp\/v2\/comments?post=1355"}],"version-history":[{"count":1,"href":"https:\/\/www.hiddenknifebelt.com\/pt\/wp-json\/wp\/v2\/product\/1355\/revisions"}],"predecessor-version":[{"id":1364,"href":"https:\/\/www.hiddenknifebelt.com\/pt\/wp-json\/wp\/v2\/product\/1355\/revisions\/1364"}],"wp:featuredmedia":[{"embeddable":true,"href":"https:\/\/www.hiddenknifebelt.com\/pt\/wp-json\/wp\/v2\/media\/1356"}],"wp:attachment":[{"href":"https:\/\/www.hiddenknifebelt.com\/pt\/wp-json\/wp\/v2\/media?parent=1355"}],"wp:term":[{"taxonomy":"product_cat","embeddable":true,"href":"https:\/\/www.hiddenknifebelt.com\/pt\/wp-json\/wp\/v2\/product_cat?post=1355"},{"taxonomy":"product_tag","embeddable":true,"href":"https:\/\/www.hiddenknifebelt.com\/pt\/wp-json\/wp\/v2\/product_tag?post=1355"}],"curies":[{"name":"wp","href":"https:\/\/api.w.org\/{rel}","templated":true}]}}