{"id":1376,"date":"2023-12-29T07:47:14","date_gmt":"2023-12-29T07:47:14","guid":{"rendered":"https:\/\/www.hiddenknifebelt.com\/pt\/?post_type=product&#038;p=1376"},"modified":"2023-12-29T07:47:14","modified_gmt":"2023-12-29T07:47:14","slug":"fivela-de-cinto-de-faca-escondida-de-relevo-de-metal-de-padrao-de-dragao","status":"publish","type":"product","link":"https:\/\/www.hiddenknifebelt.com\/pt\/product\/fivela-de-cinto-de-faca-escondida-de-relevo-de-metal-de-padrao-de-dragao\/","title":{"rendered":"Fivela de cinto de faca escondida de relevo de metal de padr\u00e3o de drag\u00e3o"},"content":{"rendered":"<p>A inspira\u00e7\u00e3o do design desta fivela de cinto vem do drag\u00e3o na cultura tradicional chinesa, simbolizando poder, majestade e sabedoria. A imagem do drag\u00e3o \u00e9 feita por relevo met\u00e1lico, com detalhes requintados e textura rica. Esta fivela de cinto \u00e9 adequada para pessoas que gostam de personalidade e criatividade,<\/p>\n<p>O di\u00e2metro desta fivela de cinto \u00e9 de 3 polegadas, e o material \u00e9 de a\u00e7o inoxid\u00e1vel.<\/p>\n<ul>\n<li>O centro da fivela de cinto pode ser empurrado suavemente com o dedo, e uma faca dobrada pode deslizar para fora.<\/li>\n<li>O comprimento total desta faca \u00e9 de 5 polegadas, e a l\u00e2mina \u00e9 de 2 polegadas.<\/li>\n<li>A l\u00e2mina \u00e9 de um s\u00f3 gume, e o material \u00e9 tamb\u00e9m de a\u00e7o inoxid\u00e1vel. Excelente qualidade, item muito \u00fanico.<\/li>\n<\/ul>\n<p><img fetchpriority=\"high\" decoding=\"async\" class=\"aligncenter size-full wp-image-1377\" src=\"https:\/\/www.hiddenknifebelt.com\/pt\/wp-content\/uploads\/sites\/3\/2023\/12\/new_IMG_1456.jpg\" alt=\"Fivela de cinto de faca escondida de relevo de metal de padr\u00e3o de drag\u00e3o\" width=\"1405\" height=\"930\" srcset=\"https:\/\/www.hiddenknifebelt.com\/pt\/wp-content\/uploads\/sites\/3\/2023\/12\/new_IMG_1456.jpg 1405w, https:\/\/www.hiddenknifebelt.com\/pt\/wp-content\/uploads\/sites\/3\/2023\/12\/new_IMG_1456-300x199.jpg 300w, https:\/\/www.hiddenknifebelt.com\/pt\/wp-content\/uploads\/sites\/3\/2023\/12\/new_IMG_1456-1024x678.jpg 1024w, https:\/\/www.hiddenknifebelt.com\/pt\/wp-content\/uploads\/sites\/3\/2023\/12\/new_IMG_1456-768x508.jpg 768w, https:\/\/www.hiddenknifebelt.com\/pt\/wp-content\/uploads\/sites\/3\/2023\/12\/new_IMG_1456-1320x874.jpg 1320w, https:\/\/www.hiddenknifebelt.com\/pt\/wp-content\/uploads\/sites\/3\/2023\/12\/new_IMG_1456-600x397.jpg 600w\" sizes=\"(max-width: 1405px) 100vw, 1405px\" \/> <img decoding=\"async\" class=\"aligncenter size-full wp-image-1378\" src=\"https:\/\/www.hiddenknifebelt.com\/pt\/wp-content\/uploads\/sites\/3\/2023\/12\/new_IMG_1457.jpg\" alt=\"\" width=\"1397\" height=\"926\" srcset=\"https:\/\/www.hiddenknifebelt.com\/pt\/wp-content\/uploads\/sites\/3\/2023\/12\/new_IMG_1457.jpg 1397w, https:\/\/www.hiddenknifebelt.com\/pt\/wp-content\/uploads\/sites\/3\/2023\/12\/new_IMG_1457-300x199.jpg 300w, https:\/\/www.hiddenknifebelt.com\/pt\/wp-content\/uploads\/sites\/3\/2023\/12\/new_IMG_1457-1024x679.jpg 1024w, https:\/\/www.hiddenknifebelt.com\/pt\/wp-content\/uploads\/sites\/3\/2023\/12\/new_IMG_1457-768x509.jpg 768w, https:\/\/www.hiddenknifebelt.com\/pt\/wp-content\/uploads\/sites\/3\/2023\/12\/new_IMG_1457-1320x875.jpg 1320w, https:\/\/www.hiddenknifebelt.com\/pt\/wp-content\/uploads\/sites\/3\/2023\/12\/new_IMG_1457-600x398.jpg 600w\" sizes=\"(max-width: 1397px) 100vw, 1397px\" \/> <img decoding=\"async\" class=\"aligncenter size-full wp-image-1379\" src=\"https:\/\/www.hiddenknifebelt.com\/pt\/wp-content\/uploads\/sites\/3\/2023\/12\/new_IMG_1458.jpg\" alt=\"\" width=\"1400\" height=\"929\" srcset=\"https:\/\/www.hiddenknifebelt.com\/pt\/wp-content\/uploads\/sites\/3\/2023\/12\/new_IMG_1458.jpg 1400w, https:\/\/www.hiddenknifebelt.com\/pt\/wp-content\/uploads\/sites\/3\/2023\/12\/new_IMG_1458-300x199.jpg 300w, https:\/\/www.hiddenknifebelt.com\/pt\/wp-content\/uploads\/sites\/3\/2023\/12\/new_IMG_1458-1024x679.jpg 1024w, https:\/\/www.hiddenknifebelt.com\/pt\/wp-content\/uploads\/sites\/3\/2023\/12\/new_IMG_1458-768x510.jpg 768w, https:\/\/www.hiddenknifebelt.com\/pt\/wp-content\/uploads\/sites\/3\/2023\/12\/new_IMG_1458-1320x876.jpg 1320w, https:\/\/www.hiddenknifebelt.com\/pt\/wp-content\/uploads\/sites\/3\/2023\/12\/new_IMG_1458-600x398.jpg 600w\" sizes=\"(max-width: 1400px) 100vw, 1400px\" \/> <img loading=\"lazy\" decoding=\"async\" class=\"aligncenter size-full wp-image-1380\" src=\"https:\/\/www.hiddenknifebelt.com\/pt\/wp-content\/uploads\/sites\/3\/2023\/12\/new_IMG_1459.jpg\" alt=\"\" width=\"1404\" height=\"930\" srcset=\"https:\/\/www.hiddenknifebelt.com\/pt\/wp-content\/uploads\/sites\/3\/2023\/12\/new_IMG_1459.jpg 1404w, https:\/\/www.hiddenknifebelt.com\/pt\/wp-content\/uploads\/sites\/3\/2023\/12\/new_IMG_1459-300x199.jpg 300w, https:\/\/www.hiddenknifebelt.com\/pt\/wp-content\/uploads\/sites\/3\/2023\/12\/new_IMG_1459-1024x678.jpg 1024w, https:\/\/www.hiddenknifebelt.com\/pt\/wp-content\/uploads\/sites\/3\/2023\/12\/new_IMG_1459-768x509.jpg 768w, https:\/\/www.hiddenknifebelt.com\/pt\/wp-content\/uploads\/sites\/3\/2023\/12\/new_IMG_1459-1320x874.jpg 1320w, https:\/\/www.hiddenknifebelt.com\/pt\/wp-content\/uploads\/sites\/3\/2023\/12\/new_IMG_1459-600x397.jpg 600w\" sizes=\"(max-width: 1404px) 100vw, 1404px\" \/> <img loading=\"lazy\" decoding=\"async\" class=\"aligncenter size-full wp-image-1381\" src=\"https:\/\/www.hiddenknifebelt.com\/pt\/wp-content\/uploads\/sites\/3\/2023\/12\/new_IMG_1460.jpg\" alt=\"\" width=\"1399\" height=\"926\" srcset=\"https:\/\/www.hiddenknifebelt.com\/pt\/wp-content\/uploads\/sites\/3\/2023\/12\/new_IMG_1460.jpg 1399w, https:\/\/www.hiddenknifebelt.com\/pt\/wp-content\/uploads\/sites\/3\/2023\/12\/new_IMG_1460-300x199.jpg 300w, https:\/\/www.hiddenknifebelt.com\/pt\/wp-content\/uploads\/sites\/3\/2023\/12\/new_IMG_1460-1024x678.jpg 1024w, https:\/\/www.hiddenknifebelt.com\/pt\/wp-content\/uploads\/sites\/3\/2023\/12\/new_IMG_1460-768x508.jpg 768w, https:\/\/www.hiddenknifebelt.com\/pt\/wp-content\/uploads\/sites\/3\/2023\/12\/new_IMG_1460-1320x874.jpg 1320w, https:\/\/www.hiddenknifebelt.com\/pt\/wp-content\/uploads\/sites\/3\/2023\/12\/new_IMG_1460-600x397.jpg 600w\" sizes=\"(max-width: 1399px) 100vw, 1399px\" \/> <img loading=\"lazy\" decoding=\"async\" class=\"aligncenter size-full wp-image-1382\" src=\"https:\/\/www.hiddenknifebelt.com\/pt\/wp-content\/uploads\/sites\/3\/2023\/12\/new_IMG_1461.jpg\" alt=\"\" width=\"1401\" height=\"930\" srcset=\"https:\/\/www.hiddenknifebelt.com\/pt\/wp-content\/uploads\/sites\/3\/2023\/12\/new_IMG_1461.jpg 1401w, https:\/\/www.hiddenknifebelt.com\/pt\/wp-content\/uploads\/sites\/3\/2023\/12\/new_IMG_1461-300x199.jpg 300w, https:\/\/www.hiddenknifebelt.com\/pt\/wp-content\/uploads\/sites\/3\/2023\/12\/new_IMG_1461-1024x680.jpg 1024w, https:\/\/www.hiddenknifebelt.com\/pt\/wp-content\/uploads\/sites\/3\/2023\/12\/new_IMG_1461-768x510.jpg 768w, https:\/\/www.hiddenknifebelt.com\/pt\/wp-content\/uploads\/sites\/3\/2023\/12\/new_IMG_1461-1320x876.jpg 1320w, https:\/\/www.hiddenknifebelt.com\/pt\/wp-content\/uploads\/sites\/3\/2023\/12\/new_IMG_1461-600x398.jpg 600w\" sizes=\"(max-width: 1401px) 100vw, 1401px\" \/> <img loading=\"lazy\" decoding=\"async\" class=\"aligncenter size-full wp-image-1383\" src=\"https:\/\/www.hiddenknifebelt.com\/pt\/wp-content\/uploads\/sites\/3\/2023\/12\/new_IMG_1462.jpg\" alt=\"\" width=\"1402\" height=\"931\" srcset=\"https:\/\/www.hiddenknifebelt.com\/pt\/wp-content\/uploads\/sites\/3\/2023\/12\/new_IMG_1462.jpg 1402w, https:\/\/www.hiddenknifebelt.com\/pt\/wp-content\/uploads\/sites\/3\/2023\/12\/new_IMG_1462-300x199.jpg 300w, https:\/\/www.hiddenknifebelt.com\/pt\/wp-content\/uploads\/sites\/3\/2023\/12\/new_IMG_1462-1024x680.jpg 1024w, https:\/\/www.hiddenknifebelt.com\/pt\/wp-content\/uploads\/sites\/3\/2023\/12\/new_IMG_1462-768x510.jpg 768w, https:\/\/www.hiddenknifebelt.com\/pt\/wp-content\/uploads\/sites\/3\/2023\/12\/new_IMG_1462-1320x877.jpg 1320w, https:\/\/www.hiddenknifebelt.com\/pt\/wp-content\/uploads\/sites\/3\/2023\/12\/new_IMG_1462-600x398.jpg 600w\" sizes=\"(max-width: 1402px) 100vw, 1402px\" \/> <img loading=\"lazy\" decoding=\"async\" class=\"aligncenter size-full wp-image-1384\" src=\"https:\/\/www.hiddenknifebelt.com\/pt\/wp-content\/uploads\/sites\/3\/2023\/12\/new_IMG_1463.jpg\" alt=\"\" width=\"1400\" height=\"928\" srcset=\"https:\/\/www.hiddenknifebelt.com\/pt\/wp-content\/uploads\/sites\/3\/2023\/12\/new_IMG_1463.jpg 1400w, https:\/\/www.hiddenknifebelt.com\/pt\/wp-content\/uploads\/sites\/3\/2023\/12\/new_IMG_1463-300x199.jpg 300w, https:\/\/www.hiddenknifebelt.com\/pt\/wp-content\/uploads\/sites\/3\/2023\/12\/new_IMG_1463-1024x679.jpg 1024w, https:\/\/www.hiddenknifebelt.com\/pt\/wp-content\/uploads\/sites\/3\/2023\/12\/new_IMG_1463-768x509.jpg 768w, https:\/\/www.hiddenknifebelt.com\/pt\/wp-content\/uploads\/sites\/3\/2023\/12\/new_IMG_1463-1320x875.jpg 1320w, https:\/\/www.hiddenknifebelt.com\/pt\/wp-content\/uploads\/sites\/3\/2023\/12\/new_IMG_1463-600x398.jpg 600w\" sizes=\"(max-width: 1400px) 100vw, 1400px\" \/><\/p>\n","protected":false},"excerpt":{"rendered":"<p>A inspira\u00e7\u00e3o do design desta fivela de cinto vem do drag\u00e3o na cultura tradicional chinesa, simbolizando poder, majestade e sabedoria. A imagem do drag\u00e3o \u00e9 feita por relevo met\u00e1lico, com detalhes requintados e textura rica. Esta fivela de cinto \u00e9 adequada para pessoas que gostam de personalidade e criatividade, O di\u00e2metro desta fivela de cinto &hellip;<\/p>\n<p class=\"read-more\"> <a class=\"\" href=\"https:\/\/www.hiddenknifebelt.com\/pt\/product\/fivela-de-cinto-de-faca-escondida-de-relevo-de-metal-de-padrao-de-dragao\/\"> <span class=\"screen-reader-text\">Fivela de cinto de faca escondida de relevo de metal de padr\u00e3o de drag\u00e3o<\/span> Read More &raquo;<\/a><\/p>\n","protected":false},"featured_media":1377,"comment_status":"open","ping_status":"closed","template":"","meta":{"site-sidebar-layout":"default","site-content-layout":"","ast-site-content-layout":"normal-width-container","site-content-style":"boxed","site-sidebar-style":"unboxed","ast-global-header-display":"","ast-banner-title-visibility":"","ast-main-header-display":"","ast-hfb-above-header-display":"","ast-hfb-below-header-display":"","ast-hfb-mobile-header-display":"","site-post-title":"","ast-breadcrumbs-content":"","ast-featured-img":"","footer-sml-layout":"","theme-transparent-header-meta":"default","adv-header-id-meta":"","stick-header-meta":"","header-above-stick-meta":"","header-main-stick-meta":"","header-below-stick-meta":"","astra-migrate-meta-layouts":"set","ast-page-background-enabled":"default","ast-page-background-meta":{"desktop":{"background-color":"var(--ast-global-color-4)","background-image":"","background-repeat":"repeat","background-position":"center center","background-size":"auto","background-attachment":"scroll","background-type":"","background-media":"","overlay-type":"","overlay-color":"","overlay-gradient":""},"tablet":{"background-color":"","background-image":"","background-repeat":"repeat","background-position":"center center","background-size":"auto","background-attachment":"scroll","background-type":"","background-media":"","overlay-type":"","overlay-color":"","overlay-gradient":""},"mobile":{"background-color":"","background-image":"","background-repeat":"repeat","background-position":"center center","background-size":"auto","background-attachment":"scroll","background-type":"","background-media":"","overlay-type":"","overlay-color":"","overlay-gradient":""}},"ast-content-background-meta":{"desktop":{"background-color":"var(--ast-global-color-5)","background-image":"","background-repeat":"repeat","background-position":"center center","background-size":"auto","background-attachment":"scroll","background-type":"","background-media":"","overlay-type":"","overlay-color":"","overlay-gradient":""},"tablet":{"background-color":"var(--ast-global-color-5)","background-image":"","background-repeat":"repeat","background-position":"center center","background-size":"auto","background-attachment":"scroll","background-type":"","background-media":"","overlay-type":"","overlay-color":"","overlay-gradient":""},"mobile":{"background-color":"var(--ast-global-color-5)","background-image":"","background-repeat":"repeat","background-position":"center center","background-size":"auto","background-attachment":"scroll","background-type":"","background-media":"","overlay-type":"","overlay-color":"","overlay-gradient":""}}},"product_cat":[142],"product_tag":[],"_links":{"self":[{"href":"https:\/\/www.hiddenknifebelt.com\/pt\/wp-json\/wp\/v2\/product\/1376"}],"collection":[{"href":"https:\/\/www.hiddenknifebelt.com\/pt\/wp-json\/wp\/v2\/product"}],"about":[{"href":"https:\/\/www.hiddenknifebelt.com\/pt\/wp-json\/wp\/v2\/types\/product"}],"replies":[{"embeddable":true,"href":"https:\/\/www.hiddenknifebelt.com\/pt\/wp-json\/wp\/v2\/comments?post=1376"}],"version-history":[{"count":1,"href":"https:\/\/www.hiddenknifebelt.com\/pt\/wp-json\/wp\/v2\/product\/1376\/revisions"}],"predecessor-version":[{"id":1385,"href":"https:\/\/www.hiddenknifebelt.com\/pt\/wp-json\/wp\/v2\/product\/1376\/revisions\/1385"}],"wp:featuredmedia":[{"embeddable":true,"href":"https:\/\/www.hiddenknifebelt.com\/pt\/wp-json\/wp\/v2\/media\/1377"}],"wp:attachment":[{"href":"https:\/\/www.hiddenknifebelt.com\/pt\/wp-json\/wp\/v2\/media?parent=1376"}],"wp:term":[{"taxonomy":"product_cat","embeddable":true,"href":"https:\/\/www.hiddenknifebelt.com\/pt\/wp-json\/wp\/v2\/product_cat?post=1376"},{"taxonomy":"product_tag","embeddable":true,"href":"https:\/\/www.hiddenknifebelt.com\/pt\/wp-json\/wp\/v2\/product_tag?post=1376"}],"curies":[{"name":"wp","href":"https:\/\/api.w.org\/{rel}","templated":true}]}}