{"id":1386,"date":"2023-12-29T08:06:48","date_gmt":"2023-12-29T08:06:48","guid":{"rendered":"https:\/\/www.hiddenknifebelt.com\/pt\/?post_type=product&#038;p=1386"},"modified":"2023-12-29T08:06:48","modified_gmt":"2023-12-29T08:06:48","slug":"fivela-de-cinto-de-faca-escondida-de-padrao-de-cabeca-de-lobo-de-estilo-rock-ao-ar-livre","status":"publish","type":"product","link":"https:\/\/www.hiddenknifebelt.com\/pt\/product\/fivela-de-cinto-de-faca-escondida-de-padrao-de-cabeca-de-lobo-de-estilo-rock-ao-ar-livre\/","title":{"rendered":"Fivela de cinto de faca escondida de padr\u00e3o de cabe\u00e7a de lobo de estilo rock ao ar livre"},"content":{"rendered":"<p>Este \u00e9 um cinto de fivela de faca de relevo de metal de padr\u00e3o de cabe\u00e7a de lobo, adequado para pessoas que gostam de aventura e liberdade. Ele n\u00e3o \u00e9 apenas adequado para cen\u00e1rios de uso ao ar livre e multifuncionais, mas tamb\u00e9m uma forma de mostrar personalidade e estilo. Quer voc\u00ea seja um entusiasta ao ar livre, um motociclista, um f\u00e3 de rock ou um artista criativo, esta fivela de cinto far\u00e1 voc\u00ea se destacar na multid\u00e3o.<\/p>\n<p>O di\u00e2metro desta fivela de cinto \u00e9 de 3 polegadas, e o material \u00e9 de a\u00e7o inoxid\u00e1vel.<\/p>\n<ul>\n<li>O centro da fivela de cinto pode ser empurrado suavemente com o dedo, e uma faca dobrada pode deslizar para fora.<\/li>\n<li>O comprimento total desta faca \u00e9 de 5 polegadas, e a l\u00e2mina \u00e9 de 2 polegadas.<\/li>\n<li>A l\u00e2mina \u00e9 de um s\u00f3 gume, e o material \u00e9 tamb\u00e9m de a\u00e7o inoxid\u00e1vel. Excelente qualidade, item muito \u00fanico.<\/li>\n<\/ul>\n<p><img fetchpriority=\"high\" decoding=\"async\" class=\"aligncenter size-full wp-image-1387\" src=\"https:\/\/www.hiddenknifebelt.com\/pt\/wp-content\/uploads\/sites\/3\/2023\/12\/new_IMG_1469.jpg\" alt=\"\" width=\"1403\" height=\"933\" srcset=\"https:\/\/www.hiddenknifebelt.com\/pt\/wp-content\/uploads\/sites\/3\/2023\/12\/new_IMG_1469.jpg 1403w, https:\/\/www.hiddenknifebelt.com\/pt\/wp-content\/uploads\/sites\/3\/2023\/12\/new_IMG_1469-300x200.jpg 300w, https:\/\/www.hiddenknifebelt.com\/pt\/wp-content\/uploads\/sites\/3\/2023\/12\/new_IMG_1469-1024x681.jpg 1024w, https:\/\/www.hiddenknifebelt.com\/pt\/wp-content\/uploads\/sites\/3\/2023\/12\/new_IMG_1469-768x511.jpg 768w, https:\/\/www.hiddenknifebelt.com\/pt\/wp-content\/uploads\/sites\/3\/2023\/12\/new_IMG_1469-1320x878.jpg 1320w, https:\/\/www.hiddenknifebelt.com\/pt\/wp-content\/uploads\/sites\/3\/2023\/12\/new_IMG_1469-600x399.jpg 600w\" sizes=\"(max-width: 1403px) 100vw, 1403px\" \/> <img decoding=\"async\" class=\"aligncenter size-full wp-image-1388\" src=\"https:\/\/www.hiddenknifebelt.com\/pt\/wp-content\/uploads\/sites\/3\/2023\/12\/new_IMG_1470.jpg\" alt=\"\" width=\"1401\" height=\"928\" srcset=\"https:\/\/www.hiddenknifebelt.com\/pt\/wp-content\/uploads\/sites\/3\/2023\/12\/new_IMG_1470.jpg 1401w, https:\/\/www.hiddenknifebelt.com\/pt\/wp-content\/uploads\/sites\/3\/2023\/12\/new_IMG_1470-300x199.jpg 300w, https:\/\/www.hiddenknifebelt.com\/pt\/wp-content\/uploads\/sites\/3\/2023\/12\/new_IMG_1470-1024x678.jpg 1024w, https:\/\/www.hiddenknifebelt.com\/pt\/wp-content\/uploads\/sites\/3\/2023\/12\/new_IMG_1470-768x509.jpg 768w, https:\/\/www.hiddenknifebelt.com\/pt\/wp-content\/uploads\/sites\/3\/2023\/12\/new_IMG_1470-1320x874.jpg 1320w, https:\/\/www.hiddenknifebelt.com\/pt\/wp-content\/uploads\/sites\/3\/2023\/12\/new_IMG_1470-600x397.jpg 600w\" sizes=\"(max-width: 1401px) 100vw, 1401px\" \/> <img decoding=\"async\" class=\"aligncenter size-full wp-image-1389\" src=\"https:\/\/www.hiddenknifebelt.com\/pt\/wp-content\/uploads\/sites\/3\/2023\/12\/new_IMG_1471.jpg\" alt=\"\" width=\"1404\" height=\"929\" srcset=\"https:\/\/www.hiddenknifebelt.com\/pt\/wp-content\/uploads\/sites\/3\/2023\/12\/new_IMG_1471.jpg 1404w, https:\/\/www.hiddenknifebelt.com\/pt\/wp-content\/uploads\/sites\/3\/2023\/12\/new_IMG_1471-300x199.jpg 300w, https:\/\/www.hiddenknifebelt.com\/pt\/wp-content\/uploads\/sites\/3\/2023\/12\/new_IMG_1471-1024x678.jpg 1024w, https:\/\/www.hiddenknifebelt.com\/pt\/wp-content\/uploads\/sites\/3\/2023\/12\/new_IMG_1471-768x508.jpg 768w, https:\/\/www.hiddenknifebelt.com\/pt\/wp-content\/uploads\/sites\/3\/2023\/12\/new_IMG_1471-1320x873.jpg 1320w, https:\/\/www.hiddenknifebelt.com\/pt\/wp-content\/uploads\/sites\/3\/2023\/12\/new_IMG_1471-600x397.jpg 600w\" sizes=\"(max-width: 1404px) 100vw, 1404px\" \/> <img loading=\"lazy\" decoding=\"async\" class=\"aligncenter size-full wp-image-1390\" src=\"https:\/\/www.hiddenknifebelt.com\/pt\/wp-content\/uploads\/sites\/3\/2023\/12\/new_IMG_1464.jpg\" alt=\"\" width=\"1403\" height=\"931\" srcset=\"https:\/\/www.hiddenknifebelt.com\/pt\/wp-content\/uploads\/sites\/3\/2023\/12\/new_IMG_1464.jpg 1403w, https:\/\/www.hiddenknifebelt.com\/pt\/wp-content\/uploads\/sites\/3\/2023\/12\/new_IMG_1464-300x199.jpg 300w, https:\/\/www.hiddenknifebelt.com\/pt\/wp-content\/uploads\/sites\/3\/2023\/12\/new_IMG_1464-1024x680.jpg 1024w, https:\/\/www.hiddenknifebelt.com\/pt\/wp-content\/uploads\/sites\/3\/2023\/12\/new_IMG_1464-768x510.jpg 768w, https:\/\/www.hiddenknifebelt.com\/pt\/wp-content\/uploads\/sites\/3\/2023\/12\/new_IMG_1464-1320x876.jpg 1320w, https:\/\/www.hiddenknifebelt.com\/pt\/wp-content\/uploads\/sites\/3\/2023\/12\/new_IMG_1464-600x398.jpg 600w\" sizes=\"(max-width: 1403px) 100vw, 1403px\" \/> <img loading=\"lazy\" decoding=\"async\" class=\"aligncenter size-full wp-image-1391\" src=\"https:\/\/www.hiddenknifebelt.com\/pt\/wp-content\/uploads\/sites\/3\/2023\/12\/new_IMG_1465.jpg\" alt=\"Fivela de cinto de faca escondida de padr\u00e3o de cabe\u00e7a de lobo de estilo rock ao ar livre\" width=\"1401\" height=\"932\" srcset=\"https:\/\/www.hiddenknifebelt.com\/pt\/wp-content\/uploads\/sites\/3\/2023\/12\/new_IMG_1465.jpg 1401w, https:\/\/www.hiddenknifebelt.com\/pt\/wp-content\/uploads\/sites\/3\/2023\/12\/new_IMG_1465-300x200.jpg 300w, https:\/\/www.hiddenknifebelt.com\/pt\/wp-content\/uploads\/sites\/3\/2023\/12\/new_IMG_1465-1024x681.jpg 1024w, https:\/\/www.hiddenknifebelt.com\/pt\/wp-content\/uploads\/sites\/3\/2023\/12\/new_IMG_1465-768x511.jpg 768w, https:\/\/www.hiddenknifebelt.com\/pt\/wp-content\/uploads\/sites\/3\/2023\/12\/new_IMG_1465-1320x878.jpg 1320w, https:\/\/www.hiddenknifebelt.com\/pt\/wp-content\/uploads\/sites\/3\/2023\/12\/new_IMG_1465-600x399.jpg 600w\" sizes=\"(max-width: 1401px) 100vw, 1401px\" \/> <img loading=\"lazy\" decoding=\"async\" class=\"aligncenter size-full wp-image-1392\" src=\"https:\/\/www.hiddenknifebelt.com\/pt\/wp-content\/uploads\/sites\/3\/2023\/12\/new_IMG_1466.jpg\" alt=\"\" width=\"1398\" height=\"928\" srcset=\"https:\/\/www.hiddenknifebelt.com\/pt\/wp-content\/uploads\/sites\/3\/2023\/12\/new_IMG_1466.jpg 1398w, https:\/\/www.hiddenknifebelt.com\/pt\/wp-content\/uploads\/sites\/3\/2023\/12\/new_IMG_1466-300x199.jpg 300w, https:\/\/www.hiddenknifebelt.com\/pt\/wp-content\/uploads\/sites\/3\/2023\/12\/new_IMG_1466-1024x680.jpg 1024w, https:\/\/www.hiddenknifebelt.com\/pt\/wp-content\/uploads\/sites\/3\/2023\/12\/new_IMG_1466-768x510.jpg 768w, https:\/\/www.hiddenknifebelt.com\/pt\/wp-content\/uploads\/sites\/3\/2023\/12\/new_IMG_1466-1320x876.jpg 1320w, https:\/\/www.hiddenknifebelt.com\/pt\/wp-content\/uploads\/sites\/3\/2023\/12\/new_IMG_1466-600x398.jpg 600w\" sizes=\"(max-width: 1398px) 100vw, 1398px\" \/> <img loading=\"lazy\" decoding=\"async\" class=\"aligncenter size-full wp-image-1393\" src=\"https:\/\/www.hiddenknifebelt.com\/pt\/wp-content\/uploads\/sites\/3\/2023\/12\/new_IMG_1467.jpg\" alt=\"\" width=\"1405\" height=\"930\" srcset=\"https:\/\/www.hiddenknifebelt.com\/pt\/wp-content\/uploads\/sites\/3\/2023\/12\/new_IMG_1467.jpg 1405w, https:\/\/www.hiddenknifebelt.com\/pt\/wp-content\/uploads\/sites\/3\/2023\/12\/new_IMG_1467-300x199.jpg 300w, https:\/\/www.hiddenknifebelt.com\/pt\/wp-content\/uploads\/sites\/3\/2023\/12\/new_IMG_1467-1024x678.jpg 1024w, https:\/\/www.hiddenknifebelt.com\/pt\/wp-content\/uploads\/sites\/3\/2023\/12\/new_IMG_1467-768x508.jpg 768w, https:\/\/www.hiddenknifebelt.com\/pt\/wp-content\/uploads\/sites\/3\/2023\/12\/new_IMG_1467-1320x874.jpg 1320w, https:\/\/www.hiddenknifebelt.com\/pt\/wp-content\/uploads\/sites\/3\/2023\/12\/new_IMG_1467-600x397.jpg 600w\" sizes=\"(max-width: 1405px) 100vw, 1405px\" \/> <img loading=\"lazy\" decoding=\"async\" class=\"aligncenter size-full wp-image-1394\" src=\"https:\/\/www.hiddenknifebelt.com\/pt\/wp-content\/uploads\/sites\/3\/2023\/12\/new_IMG_1468.jpg\" alt=\"\" width=\"1402\" height=\"934\" srcset=\"https:\/\/www.hiddenknifebelt.com\/pt\/wp-content\/uploads\/sites\/3\/2023\/12\/new_IMG_1468.jpg 1402w, https:\/\/www.hiddenknifebelt.com\/pt\/wp-content\/uploads\/sites\/3\/2023\/12\/new_IMG_1468-300x200.jpg 300w, https:\/\/www.hiddenknifebelt.com\/pt\/wp-content\/uploads\/sites\/3\/2023\/12\/new_IMG_1468-1024x682.jpg 1024w, https:\/\/www.hiddenknifebelt.com\/pt\/wp-content\/uploads\/sites\/3\/2023\/12\/new_IMG_1468-768x512.jpg 768w, https:\/\/www.hiddenknifebelt.com\/pt\/wp-content\/uploads\/sites\/3\/2023\/12\/new_IMG_1468-1320x879.jpg 1320w, https:\/\/www.hiddenknifebelt.com\/pt\/wp-content\/uploads\/sites\/3\/2023\/12\/new_IMG_1468-600x400.jpg 600w\" sizes=\"(max-width: 1402px) 100vw, 1402px\" \/><\/p>\n","protected":false},"excerpt":{"rendered":"<p>Este \u00e9 um cinto de fivela de faca de relevo de metal de padr\u00e3o de cabe\u00e7a de lobo, adequado para pessoas que gostam de aventura e liberdade. Ele n\u00e3o \u00e9 apenas adequado para cen\u00e1rios de uso ao ar livre e multifuncionais, mas tamb\u00e9m uma forma de mostrar personalidade e estilo. Quer voc\u00ea seja um entusiasta &hellip;<\/p>\n<p class=\"read-more\"> <a class=\"\" href=\"https:\/\/www.hiddenknifebelt.com\/pt\/product\/fivela-de-cinto-de-faca-escondida-de-padrao-de-cabeca-de-lobo-de-estilo-rock-ao-ar-livre\/\"> <span class=\"screen-reader-text\">Fivela de cinto de faca escondida de padr\u00e3o de cabe\u00e7a de lobo de estilo rock ao ar livre<\/span> Read More &raquo;<\/a><\/p>\n","protected":false},"featured_media":1390,"comment_status":"open","ping_status":"closed","template":"","meta":{"site-sidebar-layout":"default","site-content-layout":"","ast-site-content-layout":"normal-width-container","site-content-style":"boxed","site-sidebar-style":"unboxed","ast-global-header-display":"","ast-banner-title-visibility":"","ast-main-header-display":"","ast-hfb-above-header-display":"","ast-hfb-below-header-display":"","ast-hfb-mobile-header-display":"","site-post-title":"","ast-breadcrumbs-content":"","ast-featured-img":"","footer-sml-layout":"","theme-transparent-header-meta":"default","adv-header-id-meta":"","stick-header-meta":"","header-above-stick-meta":"","header-main-stick-meta":"","header-below-stick-meta":"","astra-migrate-meta-layouts":"set","ast-page-background-enabled":"default","ast-page-background-meta":{"desktop":{"background-color":"var(--ast-global-color-4)","background-image":"","background-repeat":"repeat","background-position":"center center","background-size":"auto","background-attachment":"scroll","background-type":"","background-media":"","overlay-type":"","overlay-color":"","overlay-gradient":""},"tablet":{"background-color":"","background-image":"","background-repeat":"repeat","background-position":"center center","background-size":"auto","background-attachment":"scroll","background-type":"","background-media":"","overlay-type":"","overlay-color":"","overlay-gradient":""},"mobile":{"background-color":"","background-image":"","background-repeat":"repeat","background-position":"center center","background-size":"auto","background-attachment":"scroll","background-type":"","background-media":"","overlay-type":"","overlay-color":"","overlay-gradient":""}},"ast-content-background-meta":{"desktop":{"background-color":"var(--ast-global-color-5)","background-image":"","background-repeat":"repeat","background-position":"center center","background-size":"auto","background-attachment":"scroll","background-type":"","background-media":"","overlay-type":"","overlay-color":"","overlay-gradient":""},"tablet":{"background-color":"var(--ast-global-color-5)","background-image":"","background-repeat":"repeat","background-position":"center center","background-size":"auto","background-attachment":"scroll","background-type":"","background-media":"","overlay-type":"","overlay-color":"","overlay-gradient":""},"mobile":{"background-color":"var(--ast-global-color-5)","background-image":"","background-repeat":"repeat","background-position":"center center","background-size":"auto","background-attachment":"scroll","background-type":"","background-media":"","overlay-type":"","overlay-color":"","overlay-gradient":""}}},"product_cat":[142],"product_tag":[146],"_links":{"self":[{"href":"https:\/\/www.hiddenknifebelt.com\/pt\/wp-json\/wp\/v2\/product\/1386"}],"collection":[{"href":"https:\/\/www.hiddenknifebelt.com\/pt\/wp-json\/wp\/v2\/product"}],"about":[{"href":"https:\/\/www.hiddenknifebelt.com\/pt\/wp-json\/wp\/v2\/types\/product"}],"replies":[{"embeddable":true,"href":"https:\/\/www.hiddenknifebelt.com\/pt\/wp-json\/wp\/v2\/comments?post=1386"}],"version-history":[{"count":1,"href":"https:\/\/www.hiddenknifebelt.com\/pt\/wp-json\/wp\/v2\/product\/1386\/revisions"}],"predecessor-version":[{"id":1395,"href":"https:\/\/www.hiddenknifebelt.com\/pt\/wp-json\/wp\/v2\/product\/1386\/revisions\/1395"}],"wp:featuredmedia":[{"embeddable":true,"href":"https:\/\/www.hiddenknifebelt.com\/pt\/wp-json\/wp\/v2\/media\/1390"}],"wp:attachment":[{"href":"https:\/\/www.hiddenknifebelt.com\/pt\/wp-json\/wp\/v2\/media?parent=1386"}],"wp:term":[{"taxonomy":"product_cat","embeddable":true,"href":"https:\/\/www.hiddenknifebelt.com\/pt\/wp-json\/wp\/v2\/product_cat?post=1386"},{"taxonomy":"product_tag","embeddable":true,"href":"https:\/\/www.hiddenknifebelt.com\/pt\/wp-json\/wp\/v2\/product_tag?post=1386"}],"curies":[{"name":"wp","href":"https:\/\/api.w.org\/{rel}","templated":true}]}}