{"id":1474,"date":"2024-02-20T14:25:23","date_gmt":"2024-02-20T14:25:23","guid":{"rendered":"https:\/\/www.hiddenknifebelt.com\/pt\/?post_type=product&#038;p=1474"},"modified":"2024-02-20T14:25:23","modified_gmt":"2024-02-20T14:25:23","slug":"fivela-de-cinto-de-caveira-de-esqueleto-fantasma-cowboy-ocidental-com-faca","status":"publish","type":"product","link":"https:\/\/www.hiddenknifebelt.com\/pt\/product\/fivela-de-cinto-de-caveira-de-esqueleto-fantasma-cowboy-ocidental-com-faca\/","title":{"rendered":"Fivela de cinto de caveira de esqueleto fantasma cowboy ocidental com faca"},"content":{"rendered":"<p>Fivela de cinto de caveira de esqueleto fantasma cowboy ocidental com faca \u00e9 uma fivela de cinto de caveira com uma l\u00e2mina, adequada para pessoas que gostam de punk rock e estilo cowboy ocidental. Esta fivela de cinto \u00e9 feita de liga, com um revestimento retro prateado e preto, que pode ser usado para autodefesa ou decora\u00e7\u00e3o. O tamanho desta fivela de cinto \u00e9 7,6 cm x 6 cm, e o peso \u00e9 130 g. Nossa inspira\u00e7\u00e3o vem dos s\u00edmbolos ocidentais da ceifeira e da caveira pirata, que implicam coragem e aventura. Esta fivela de cinto \u00e9 um acess\u00f3rio de moda \u00fanico.<\/p>\n<p><img fetchpriority=\"high\" decoding=\"async\" class=\"aligncenter size-full wp-image-1475\" src=\"https:\/\/www.hiddenknifebelt.com\/pt\/wp-content\/uploads\/sites\/3\/2024\/02\/Ghost-Skeleton-Skull-Belt-Buckle-Western-Cowboy-Knife-Belt-Buckle.jpg\" alt=\"Fivela de cinto de caveira de esqueleto fantasma cowboy ocidental com faca\" width=\"800\" height=\"800\" srcset=\"https:\/\/www.hiddenknifebelt.com\/pt\/wp-content\/uploads\/sites\/3\/2024\/02\/Ghost-Skeleton-Skull-Belt-Buckle-Western-Cowboy-Knife-Belt-Buckle.jpg 800w, https:\/\/www.hiddenknifebelt.com\/pt\/wp-content\/uploads\/sites\/3\/2024\/02\/Ghost-Skeleton-Skull-Belt-Buckle-Western-Cowboy-Knife-Belt-Buckle-300x300.jpg 300w, https:\/\/www.hiddenknifebelt.com\/pt\/wp-content\/uploads\/sites\/3\/2024\/02\/Ghost-Skeleton-Skull-Belt-Buckle-Western-Cowboy-Knife-Belt-Buckle-150x150.jpg 150w, https:\/\/www.hiddenknifebelt.com\/pt\/wp-content\/uploads\/sites\/3\/2024\/02\/Ghost-Skeleton-Skull-Belt-Buckle-Western-Cowboy-Knife-Belt-Buckle-768x768.jpg 768w, https:\/\/www.hiddenknifebelt.com\/pt\/wp-content\/uploads\/sites\/3\/2024\/02\/Ghost-Skeleton-Skull-Belt-Buckle-Western-Cowboy-Knife-Belt-Buckle-600x600.jpg 600w, https:\/\/www.hiddenknifebelt.com\/pt\/wp-content\/uploads\/sites\/3\/2024\/02\/Ghost-Skeleton-Skull-Belt-Buckle-Western-Cowboy-Knife-Belt-Buckle-100x100.jpg 100w\" sizes=\"(max-width: 800px) 100vw, 800px\" \/><\/p>\n","protected":false},"excerpt":{"rendered":"<p>Fivela de cinto de caveira de esqueleto fantasma cowboy ocidental com faca \u00e9 uma fivela de cinto de caveira com uma l\u00e2mina, adequada para pessoas que gostam de punk rock e estilo cowboy ocidental. Esta fivela de cinto \u00e9 feita de liga, com um revestimento retro prateado e preto, que pode ser usado para autodefesa &hellip;<\/p>\n<p class=\"read-more\"> <a class=\"\" href=\"https:\/\/www.hiddenknifebelt.com\/pt\/product\/fivela-de-cinto-de-caveira-de-esqueleto-fantasma-cowboy-ocidental-com-faca\/\"> <span class=\"screen-reader-text\">Fivela de cinto de caveira de esqueleto fantasma cowboy ocidental com faca<\/span> Read More &raquo;<\/a><\/p>\n","protected":false},"featured_media":1475,"comment_status":"open","ping_status":"closed","template":"","meta":{"site-sidebar-layout":"default","site-content-layout":"","ast-site-content-layout":"normal-width-container","site-content-style":"unboxed","site-sidebar-style":"boxed","ast-global-header-display":"","ast-banner-title-visibility":"","ast-main-header-display":"","ast-hfb-above-header-display":"","ast-hfb-below-header-display":"","ast-hfb-mobile-header-display":"","site-post-title":"","ast-breadcrumbs-content":"","ast-featured-img":"","footer-sml-layout":"","theme-transparent-header-meta":"default","adv-header-id-meta":"","stick-header-meta":"","header-above-stick-meta":"","header-main-stick-meta":"","header-below-stick-meta":"","astra-migrate-meta-layouts":"set","ast-page-background-enabled":"default","ast-page-background-meta":{"desktop":{"background-color":"var(--ast-global-color-4)","background-image":"","background-repeat":"repeat","background-position":"center center","background-size":"auto","background-attachment":"scroll","background-type":"","background-media":"","overlay-type":"","overlay-color":"","overlay-gradient":""},"tablet":{"background-color":"","background-image":"","background-repeat":"repeat","background-position":"center center","background-size":"auto","background-attachment":"scroll","background-type":"","background-media":"","overlay-type":"","overlay-color":"","overlay-gradient":""},"mobile":{"background-color":"","background-image":"","background-repeat":"repeat","background-position":"center center","background-size":"auto","background-attachment":"scroll","background-type":"","background-media":"","overlay-type":"","overlay-color":"","overlay-gradient":""}},"ast-content-background-meta":{"desktop":{"background-color":"var(--ast-global-color-5)","background-image":"","background-repeat":"repeat","background-position":"center center","background-size":"auto","background-attachment":"scroll","background-type":"","background-media":"","overlay-type":"","overlay-color":"","overlay-gradient":""},"tablet":{"background-color":"var(--ast-global-color-5)","background-image":"","background-repeat":"repeat","background-position":"center center","background-size":"auto","background-attachment":"scroll","background-type":"","background-media":"","overlay-type":"","overlay-color":"","overlay-gradient":""},"mobile":{"background-color":"var(--ast-global-color-5)","background-image":"","background-repeat":"repeat","background-position":"center center","background-size":"auto","background-attachment":"scroll","background-type":"","background-media":"","overlay-type":"","overlay-color":"","overlay-gradient":""}}},"product_cat":[142],"product_tag":[],"_links":{"self":[{"href":"https:\/\/www.hiddenknifebelt.com\/pt\/wp-json\/wp\/v2\/product\/1474"}],"collection":[{"href":"https:\/\/www.hiddenknifebelt.com\/pt\/wp-json\/wp\/v2\/product"}],"about":[{"href":"https:\/\/www.hiddenknifebelt.com\/pt\/wp-json\/wp\/v2\/types\/product"}],"replies":[{"embeddable":true,"href":"https:\/\/www.hiddenknifebelt.com\/pt\/wp-json\/wp\/v2\/comments?post=1474"}],"version-history":[{"count":2,"href":"https:\/\/www.hiddenknifebelt.com\/pt\/wp-json\/wp\/v2\/product\/1474\/revisions"}],"predecessor-version":[{"id":1477,"href":"https:\/\/www.hiddenknifebelt.com\/pt\/wp-json\/wp\/v2\/product\/1474\/revisions\/1477"}],"wp:featuredmedia":[{"embeddable":true,"href":"https:\/\/www.hiddenknifebelt.com\/pt\/wp-json\/wp\/v2\/media\/1475"}],"wp:attachment":[{"href":"https:\/\/www.hiddenknifebelt.com\/pt\/wp-json\/wp\/v2\/media?parent=1474"}],"wp:term":[{"taxonomy":"product_cat","embeddable":true,"href":"https:\/\/www.hiddenknifebelt.com\/pt\/wp-json\/wp\/v2\/product_cat?post=1474"},{"taxonomy":"product_tag","embeddable":true,"href":"https:\/\/www.hiddenknifebelt.com\/pt\/wp-json\/wp\/v2\/product_tag?post=1474"}],"curies":[{"name":"wp","href":"https:\/\/api.w.org\/{rel}","templated":true}]}}