{"id":1478,"date":"2024-02-20T14:51:50","date_gmt":"2024-02-20T14:51:50","guid":{"rendered":"https:\/\/www.hiddenknifebelt.com\/pt\/?post_type=product&#038;p=1478"},"modified":"2024-04-02T00:54:58","modified_gmt":"2024-04-02T00:54:58","slug":"tupac-amaru-shakur-fivela-de-cinto-de-lamina-de-ferro-com-cruz","status":"publish","type":"product","link":"https:\/\/www.hiddenknifebelt.com\/pt\/product\/tupac-amaru-shakur-fivela-de-cinto-de-lamina-de-ferro-com-cruz\/","title":{"rendered":"Tupac Amaru Shakur fivela de cinto de l\u00e2mina de ferro com cruz"},"content":{"rendered":"<p>O fivela do cinto tem as palavras \u201c1971 TIL 1996\u201d e \u201c2PAC\u201d gravadas nele, junto com um padr\u00e3o de cruz. Estes elementos s\u00e3o uma homenagem ao famoso rapper americano Tupac Amaru Shakur. Tupac nasceu em 1971 e foi assassinado em 1996. Ele \u00e9 uma lenda na ind\u00fastria do rap, considerado um dos maiores rappers de todos os tempos. O fivela do cinto e o cabo da faca s\u00e3o ambos adornados com entalhes e incrusta\u00e7\u00f5es requintados, apresentando um estilo retr\u00f4 e deslumbrante. A cruz tamb\u00e9m \u00e9 enfeitada com joias, adicionando uma sensa\u00e7\u00e3o de luxo. O fivela do cinto e a faca s\u00e3o ambos preto e branco, ecoando a cor preta do cinto, criando um forte contraste. Este esquema de cores tamb\u00e9m reflete o estilo musical de Tupac, que tem aspectos tanto escuros e tristes, quanto brilhantes e esperan\u00e7osos. Este fivela do cinto \u00e9 um acess\u00f3rio muito pessoal e art\u00edstico, adequado para pessoas que gostam de m\u00fasica rap e Tupac.<\/p>\n<p><img fetchpriority=\"high\" decoding=\"async\" class=\"aligncenter size-full wp-image-1479\" src=\"https:\/\/www.hiddenknifebelt.com\/pt\/wp-content\/uploads\/sites\/3\/2024\/02\/SKU-\u56fe\u7247-11.jpg\" alt=\"\" width=\"800\" height=\"800\" srcset=\"https:\/\/www.hiddenknifebelt.com\/pt\/wp-content\/uploads\/sites\/3\/2024\/02\/SKU-\u56fe\u7247-11.jpg 800w, https:\/\/www.hiddenknifebelt.com\/pt\/wp-content\/uploads\/sites\/3\/2024\/02\/SKU-\u56fe\u7247-11-300x300.jpg 300w, https:\/\/www.hiddenknifebelt.com\/pt\/wp-content\/uploads\/sites\/3\/2024\/02\/SKU-\u56fe\u7247-11-150x150.jpg 150w, https:\/\/www.hiddenknifebelt.com\/pt\/wp-content\/uploads\/sites\/3\/2024\/02\/SKU-\u56fe\u7247-11-768x768.jpg 768w, https:\/\/www.hiddenknifebelt.com\/pt\/wp-content\/uploads\/sites\/3\/2024\/02\/SKU-\u56fe\u7247-11-600x600.jpg 600w, https:\/\/www.hiddenknifebelt.com\/pt\/wp-content\/uploads\/sites\/3\/2024\/02\/SKU-\u56fe\u7247-11-100x100.jpg 100w\" sizes=\"(max-width: 800px) 100vw, 800px\" \/><\/p>\n","protected":false},"excerpt":{"rendered":"<p>O fivela do cinto tem as palavras \u201c1971 TIL 1996\u201d e \u201c2PAC\u201d gravadas nele, junto com um padr\u00e3o de cruz. Estes elementos s\u00e3o uma homenagem ao famoso rapper americano Tupac Amaru Shakur. Tupac nasceu em 1971 e foi assassinado em 1996. Ele \u00e9 uma lenda na ind\u00fastria do rap, considerado um dos maiores rappers de &hellip;<\/p>\n<p class=\"read-more\"> <a class=\"\" href=\"https:\/\/www.hiddenknifebelt.com\/pt\/product\/tupac-amaru-shakur-fivela-de-cinto-de-lamina-de-ferro-com-cruz\/\"> <span class=\"screen-reader-text\">Tupac Amaru Shakur fivela de cinto de l\u00e2mina de ferro com cruz<\/span> Read More &raquo;<\/a><\/p>\n","protected":false},"featured_media":1479,"comment_status":"open","ping_status":"closed","template":"","meta":{"site-sidebar-layout":"default","site-content-layout":"","ast-site-content-layout":"normal-width-container","site-content-style":"unboxed","site-sidebar-style":"boxed","ast-global-header-display":"","ast-banner-title-visibility":"","ast-main-header-display":"","ast-hfb-above-header-display":"","ast-hfb-below-header-display":"","ast-hfb-mobile-header-display":"","site-post-title":"","ast-breadcrumbs-content":"","ast-featured-img":"","footer-sml-layout":"","theme-transparent-header-meta":"default","adv-header-id-meta":"","stick-header-meta":"","header-above-stick-meta":"","header-main-stick-meta":"","header-below-stick-meta":"","astra-migrate-meta-layouts":"set","ast-page-background-enabled":"default","ast-page-background-meta":{"desktop":{"background-color":"var(--ast-global-color-4)","background-image":"","background-repeat":"repeat","background-position":"center center","background-size":"auto","background-attachment":"scroll","background-type":"","background-media":"","overlay-type":"","overlay-color":"","overlay-gradient":""},"tablet":{"background-color":"","background-image":"","background-repeat":"repeat","background-position":"center center","background-size":"auto","background-attachment":"scroll","background-type":"","background-media":"","overlay-type":"","overlay-color":"","overlay-gradient":""},"mobile":{"background-color":"","background-image":"","background-repeat":"repeat","background-position":"center center","background-size":"auto","background-attachment":"scroll","background-type":"","background-media":"","overlay-type":"","overlay-color":"","overlay-gradient":""}},"ast-content-background-meta":{"desktop":{"background-color":"var(--ast-global-color-5)","background-image":"","background-repeat":"repeat","background-position":"center center","background-size":"auto","background-attachment":"scroll","background-type":"","background-media":"","overlay-type":"","overlay-color":"","overlay-gradient":""},"tablet":{"background-color":"var(--ast-global-color-5)","background-image":"","background-repeat":"repeat","background-position":"center center","background-size":"auto","background-attachment":"scroll","background-type":"","background-media":"","overlay-type":"","overlay-color":"","overlay-gradient":""},"mobile":{"background-color":"var(--ast-global-color-5)","background-image":"","background-repeat":"repeat","background-position":"center center","background-size":"auto","background-attachment":"scroll","background-type":"","background-media":"","overlay-type":"","overlay-color":"","overlay-gradient":""}}},"product_cat":[142],"product_tag":[],"_links":{"self":[{"href":"https:\/\/www.hiddenknifebelt.com\/pt\/wp-json\/wp\/v2\/product\/1478"}],"collection":[{"href":"https:\/\/www.hiddenknifebelt.com\/pt\/wp-json\/wp\/v2\/product"}],"about":[{"href":"https:\/\/www.hiddenknifebelt.com\/pt\/wp-json\/wp\/v2\/types\/product"}],"replies":[{"embeddable":true,"href":"https:\/\/www.hiddenknifebelt.com\/pt\/wp-json\/wp\/v2\/comments?post=1478"}],"version-history":[{"count":1,"href":"https:\/\/www.hiddenknifebelt.com\/pt\/wp-json\/wp\/v2\/product\/1478\/revisions"}],"predecessor-version":[{"id":1480,"href":"https:\/\/www.hiddenknifebelt.com\/pt\/wp-json\/wp\/v2\/product\/1478\/revisions\/1480"}],"wp:featuredmedia":[{"embeddable":true,"href":"https:\/\/www.hiddenknifebelt.com\/pt\/wp-json\/wp\/v2\/media\/1479"}],"wp:attachment":[{"href":"https:\/\/www.hiddenknifebelt.com\/pt\/wp-json\/wp\/v2\/media?parent=1478"}],"wp:term":[{"taxonomy":"product_cat","embeddable":true,"href":"https:\/\/www.hiddenknifebelt.com\/pt\/wp-json\/wp\/v2\/product_cat?post=1478"},{"taxonomy":"product_tag","embeddable":true,"href":"https:\/\/www.hiddenknifebelt.com\/pt\/wp-json\/wp\/v2\/product_tag?post=1478"}],"curies":[{"name":"wp","href":"https:\/\/api.w.org\/{rel}","templated":true}]}}