{"id":1484,"date":"2024-02-21T08:22:56","date_gmt":"2024-02-21T08:22:56","guid":{"rendered":"https:\/\/www.hiddenknifebelt.com\/pt\/?post_type=product&#038;p=1484"},"modified":"2024-02-21T08:22:56","modified_gmt":"2024-02-21T08:22:56","slug":"fivela-de-cinto-couro-genuino-com","status":"publish","type":"product","link":"https:\/\/www.hiddenknifebelt.com\/pt\/product\/fivela-de-cinto-couro-genuino-com\/","title":{"rendered":"Fivela de cinto de couro de vaca genu\u00edno com l\u00e2mina para motociclista e caminhoneiro com fivela de ferro em forma de cruz enorme"},"content":{"rendered":"<p>Este fivela de cinto de faca \u00e9 feito de\u00a0<strong>couro de vaca genu\u00edno<\/strong>, que \u00e9\u00a0<strong>resistente<\/strong>,\u00a0<strong>dur\u00e1vel<\/strong>\u00a0e\u00a0<strong>n\u00e3o se deforma facilmente<\/strong>. Ele usa material de\u00a0<strong>ferro<\/strong>, e a superf\u00edcie \u00e9\u00a0<strong>eletroplatada<\/strong>, tornando-o\u00a0<strong>brilhante<\/strong>,\u00a0<strong>resistente \u00e0 ferrugem<\/strong>\u00a0e\u00a0<strong>resistente ao desbotamento<\/strong>. Usamos uma forma de\u00a0<strong>cruz enorme<\/strong>, que simboliza\u00a0<strong>f\u00e9<\/strong>\u00a0e\u00a0<strong>for\u00e7a<\/strong>, e mostra a\u00a0<strong>personalidade<\/strong>\u00a0e o\u00a0<strong>charme<\/strong>\u00a0dos homens. N\u00e3o h\u00e1 d\u00favida de que \u00e9 um acess\u00f3rio muito\u00a0<strong>chamativo<\/strong>. Eu acho que este estilo de fivela de cinto de faca pertence \u00e0 cultura\u00a0<strong>rebelde<\/strong>\u00a0e\u00a0<strong>apaixonada<\/strong>\u00a0de\u00a0<strong>motocicletas<\/strong>,\u00a0<strong>caminhoneiros<\/strong>,\u00a0<strong>m\u00fasica rock<\/strong>, etc. Este \u00e9 um produto\u00a0<strong>custo-benef\u00edcio<\/strong>\u00a0que pode ser dado como um\u00a0<strong>presente<\/strong>\u00a0para voc\u00ea ou seus amigos.<\/p>\n<p><img fetchpriority=\"high\" decoding=\"async\" class=\"aligncenter size-full wp-image-1485\" src=\"https:\/\/www.hiddenknifebelt.com\/pt\/wp-content\/uploads\/sites\/3\/2024\/02\/SKU-\u56fe\u7247-10.jpg\" alt=\"Fivela de cinto de couro de vaca genu\u00edno com l\u00e2mina para motociclista e caminhoneiro com fivela de ferro em forma de cruz enorme\" width=\"800\" height=\"800\" srcset=\"https:\/\/www.hiddenknifebelt.com\/pt\/wp-content\/uploads\/sites\/3\/2024\/02\/SKU-\u56fe\u7247-10.jpg 800w, https:\/\/www.hiddenknifebelt.com\/pt\/wp-content\/uploads\/sites\/3\/2024\/02\/SKU-\u56fe\u7247-10-300x300.jpg 300w, https:\/\/www.hiddenknifebelt.com\/pt\/wp-content\/uploads\/sites\/3\/2024\/02\/SKU-\u56fe\u7247-10-150x150.jpg 150w, https:\/\/www.hiddenknifebelt.com\/pt\/wp-content\/uploads\/sites\/3\/2024\/02\/SKU-\u56fe\u7247-10-768x768.jpg 768w, https:\/\/www.hiddenknifebelt.com\/pt\/wp-content\/uploads\/sites\/3\/2024\/02\/SKU-\u56fe\u7247-10-600x600.jpg 600w, https:\/\/www.hiddenknifebelt.com\/pt\/wp-content\/uploads\/sites\/3\/2024\/02\/SKU-\u56fe\u7247-10-100x100.jpg 100w\" sizes=\"(max-width: 800px) 100vw, 800px\" \/><\/p>\n","protected":false},"excerpt":{"rendered":"<p>Este fivela de cinto de faca \u00e9 feito de\u00a0couro de vaca genu\u00edno, que \u00e9\u00a0resistente,\u00a0dur\u00e1vel\u00a0e\u00a0n\u00e3o se deforma facilmente. Ele usa material de\u00a0ferro, e a superf\u00edcie \u00e9\u00a0eletroplatada, tornando-o\u00a0brilhante,\u00a0resistente \u00e0 ferrugem\u00a0e\u00a0resistente ao desbotamento. Usamos uma forma de\u00a0cruz enorme, que simboliza\u00a0f\u00e9\u00a0e\u00a0for\u00e7a, e mostra a\u00a0personalidade\u00a0e o\u00a0charme\u00a0dos homens. N\u00e3o h\u00e1 d\u00favida de que \u00e9 um acess\u00f3rio muito\u00a0chamativo. Eu acho que este &hellip;<\/p>\n<p class=\"read-more\"> <a class=\"\" href=\"https:\/\/www.hiddenknifebelt.com\/pt\/product\/fivela-de-cinto-couro-genuino-com\/\"> <span class=\"screen-reader-text\">Fivela de cinto de couro de vaca genu\u00edno com l\u00e2mina para motociclista e caminhoneiro com fivela de ferro em forma de cruz enorme<\/span> Read More &raquo;<\/a><\/p>\n","protected":false},"featured_media":1485,"comment_status":"open","ping_status":"closed","template":"","meta":{"site-sidebar-layout":"default","site-content-layout":"","ast-site-content-layout":"normal-width-container","site-content-style":"unboxed","site-sidebar-style":"boxed","ast-global-header-display":"","ast-banner-title-visibility":"","ast-main-header-display":"","ast-hfb-above-header-display":"","ast-hfb-below-header-display":"","ast-hfb-mobile-header-display":"","site-post-title":"","ast-breadcrumbs-content":"","ast-featured-img":"","footer-sml-layout":"","theme-transparent-header-meta":"default","adv-header-id-meta":"","stick-header-meta":"","header-above-stick-meta":"","header-main-stick-meta":"","header-below-stick-meta":"","astra-migrate-meta-layouts":"set","ast-page-background-enabled":"default","ast-page-background-meta":{"desktop":{"background-color":"var(--ast-global-color-4)","background-image":"","background-repeat":"repeat","background-position":"center center","background-size":"auto","background-attachment":"scroll","background-type":"","background-media":"","overlay-type":"","overlay-color":"","overlay-gradient":""},"tablet":{"background-color":"","background-image":"","background-repeat":"repeat","background-position":"center center","background-size":"auto","background-attachment":"scroll","background-type":"","background-media":"","overlay-type":"","overlay-color":"","overlay-gradient":""},"mobile":{"background-color":"","background-image":"","background-repeat":"repeat","background-position":"center center","background-size":"auto","background-attachment":"scroll","background-type":"","background-media":"","overlay-type":"","overlay-color":"","overlay-gradient":""}},"ast-content-background-meta":{"desktop":{"background-color":"var(--ast-global-color-5)","background-image":"","background-repeat":"repeat","background-position":"center center","background-size":"auto","background-attachment":"scroll","background-type":"","background-media":"","overlay-type":"","overlay-color":"","overlay-gradient":""},"tablet":{"background-color":"var(--ast-global-color-5)","background-image":"","background-repeat":"repeat","background-position":"center center","background-size":"auto","background-attachment":"scroll","background-type":"","background-media":"","overlay-type":"","overlay-color":"","overlay-gradient":""},"mobile":{"background-color":"var(--ast-global-color-5)","background-image":"","background-repeat":"repeat","background-position":"center center","background-size":"auto","background-attachment":"scroll","background-type":"","background-media":"","overlay-type":"","overlay-color":"","overlay-gradient":""}}},"product_cat":[142],"product_tag":[],"_links":{"self":[{"href":"https:\/\/www.hiddenknifebelt.com\/pt\/wp-json\/wp\/v2\/product\/1484"}],"collection":[{"href":"https:\/\/www.hiddenknifebelt.com\/pt\/wp-json\/wp\/v2\/product"}],"about":[{"href":"https:\/\/www.hiddenknifebelt.com\/pt\/wp-json\/wp\/v2\/types\/product"}],"replies":[{"embeddable":true,"href":"https:\/\/www.hiddenknifebelt.com\/pt\/wp-json\/wp\/v2\/comments?post=1484"}],"version-history":[{"count":2,"href":"https:\/\/www.hiddenknifebelt.com\/pt\/wp-json\/wp\/v2\/product\/1484\/revisions"}],"predecessor-version":[{"id":1487,"href":"https:\/\/www.hiddenknifebelt.com\/pt\/wp-json\/wp\/v2\/product\/1484\/revisions\/1487"}],"wp:featuredmedia":[{"embeddable":true,"href":"https:\/\/www.hiddenknifebelt.com\/pt\/wp-json\/wp\/v2\/media\/1485"}],"wp:attachment":[{"href":"https:\/\/www.hiddenknifebelt.com\/pt\/wp-json\/wp\/v2\/media?parent=1484"}],"wp:term":[{"taxonomy":"product_cat","embeddable":true,"href":"https:\/\/www.hiddenknifebelt.com\/pt\/wp-json\/wp\/v2\/product_cat?post=1484"},{"taxonomy":"product_tag","embeddable":true,"href":"https:\/\/www.hiddenknifebelt.com\/pt\/wp-json\/wp\/v2\/product_tag?post=1484"}],"curies":[{"name":"wp","href":"https:\/\/api.w.org\/{rel}","templated":true}]}}